{"id":1285,"date":"2023-06-05T10:11:32","date_gmt":"2023-06-05T08:11:32","guid":{"rendered":"https:\/\/ivcie24.comith.eu\/woord-van-de-voorzitster-en-de-directeur\/"},"modified":"2023-09-06T09:35:27","modified_gmt":"2023-09-06T07:35:27","slug":"wort-der-praesidentin-und-des-direktors","status":"publish","type":"page","link":"https:\/\/ivcie24.comith.eu\/de\/wort-der-praesidentin-und-des-direktors\/","title":{"rendered":"Wort der Pr\u00e4sidentin und <br>des Direktors"},"content":{"rendered":"<section class=\"wpb-content-wrapper\"><p>[vc_section el_class=&#8220;pageHeadImage&#8220;][vc_row el_class=&#8220;container&#8220;][vc_column][vc_empty_space][vc_column_text]<\/p>\n<h1>Wort der Pr\u00e4sidentin und des Direktors<\/h1>\n<p>[\/vc_column_text][\/vc_column][\/vc_row][vc_row el_class=&#8220;container&#8220;][vc_column width=&#8220;2\/3&#8243;][vc_column_text css=&#8220;.vc_custom_1693549537394{padding-top: 50px !important;padding-bottom: 50px !important;}&#8220;]Gerade erst kommt die Neuzulassung von Valipac mit ihren ehrgeizigen Zielen zur Anwendung, steht bereits Mitte 2023 der Antrag auf Wiederzulassung von Fost Plus ins Haus.<\/p>\n<p>Im Hinblick darauf hat die IVK 2022 die erforderliche Vorarbeit geleistet. So wurde eine Studie durchgef\u00fchrt, um die Zusammenstellung des Stroms Papier\/Pappe erneut zu analysieren und die Kosten f\u00fcr die Sammlung dieses Stroms nach Verpackungsabfall und Nichtverpackungsabfall aufzuschl\u00fcsseln. Auch wurde an der ECO-Fee-Modulierung der Tarife gearbeitet, insbesondere an dem Abschreckungstarif f\u00fcr l\u00e4stige oder nicht wiederverwertbare Verpackungen und an den Geb\u00fchren f\u00fcr Verpackungen in den Str\u00f6men gef\u00e4hrliche Haushaltsverpackungen.<\/p>\n<p>2022 mussten auch die alle drei Jahre f\u00e4lligen Abfallvermeidungspl\u00e4ne eingereicht werden. In diesem T\u00e4tigkeitsbericht gew\u00e4hren wir bereits einen ersten, quantitativen Einblick in die eingereichten Abfallvermeidungspl\u00e4ne.[\/vc_column_text][\/vc_column][vc_column width=&#8220;1\/3&#8243;][\/vc_column][\/vc_row][\/vc_section][vc_section][vc_row el_class=&#8220;container&#8220;][vc_column][vc_column_text css=&#8220;.vc_custom_1693549550022{margin-bottom: 5px !important;}&#8220;]<\/p>\n<h3>Europ\u00e4ische Genehmigung<\/h3>\n<p>[\/vc_column_text][vc_column_text]Inzwischen hat uns Eurostat einen ersten (informellen) Kontrollbesuch abgestattet, um zu \u00fcberpr\u00fcfen, ob unsere Zahlen und Methodik mit der europ\u00e4ischen Berechnungsmethode \u00fcbereinstimmen. Die Zahlen f\u00fcr das Jahr 2020 wurden eingehend untersucht. 2020 war das erste Jahr, in dem die Recyclingzahlen nach der neuen europ\u00e4ischen Berechnungsmethode zu berechnen waren.<\/p>\n<p>Ein Gro\u00dfteil unserer Aufmerksamkeit gilt ohnehin der j\u00e4hrlichen \u00dcberpr\u00fcfung der Zahlen, 2020 aber wurde eine erhebliche \u00c4nderung der Methodik eingef\u00fchrt, wobei eine Menge neuer Daten gesammelt und \u00fcberpr\u00fcft werden mussten. Die belgischen Zahlen wurden von Eurostat kommentarlos genehmigt.[\/vc_column_text][\/vc_column][\/vc_row][\/vc_section][vc_section][vc_row el_class=&#8220;container&#8220;][vc_column][vc_column_text css=&#8220;.vc_custom_1693549581342{margin-bottom: 5px !important;}&#8220;]<\/p>\n<h3>Zusammenarbeitsabkommen f\u00fcr EPR und unzul\u00e4ssige Abfalllagerung<\/h3>\n<p>[\/vc_column_text][vc_column_text]Im Jahr 2022 fanden auch zahlreiche Konsultationen zu dem k\u00fcnftigen Zusammenarbeitsabkommen f\u00fcr EPR und unzul\u00e4ssige Abfalllagerung statt. Die Texte nehmen allm\u00e4hlich ihre endg\u00fcltige Gestalt an. Die IVK bekommt zahlreiche neue Aufgaben hinzu, und auch ihre Struktur wird sich vollkommen ver\u00e4ndern. Innerhalb der IVK wird es zwei Abteilungen geben: einerseits das \u201eEntscheidungsorgan Verpackung\u201c und andererseits das \u201eEntscheidungsorgan EPR\u201c. In der Praxis wird die derzeitige Interregionale Plattform f\u00fcr Erweiterte Herstellerverantwortung (IPEPR) k\u00fcnftig in die IVK eingegliedert.<\/p>\n<p>In Vorbereitung auf diese neue Doppelstruktur wurden die Verdopplung der Sitzungen des Entscheidungsorgans (EO) bereits abgebaut. Die Kommunikation mit den Interessenvertretern wurde auf das ge\u00e4nderte Kooperationsabkommen ausgeweitet. Die IVK wird auch einen neuen Namen bekommen: die \u201eInterregionale Kommission f\u00fcr EPR\u201c.[\/vc_column_text][\/vc_column][\/vc_row][\/vc_section][vc_section][vc_row el_class=&#8220;container&#8220;][vc_column][vc_column_text css=&#8220;.vc_custom_1693549611756{margin-bottom: 5px !important;}&#8220;]<\/p>\n<h3>Personal und Ressourcen<\/h3>\n<p>[\/vc_column_text][vc_column_text]Die Bedingungen, unter denen die IVK im vergangenen Jahr ihre umfangreichen Aufgaben zu erf\u00fcllen hatte, waren gelinde gesagt eine Herausforderung. Mit einem begrenzten Personalbestand wurde ein besonders umfangreiches Arbeitspensum von guter Qualit\u00e4t gemeistert.<\/p>\n<p>Auf unsere Bitte hin wird derzeit ein externes Personalaudit durchgef\u00fchrt. Dabei soll auch ermittelt werden, wer und was erforderlich ist, um die zus\u00e4tzlichen Aufgaben infolge des neuen Zusammenarbeitsabkommens f\u00fcr EPR und unzul\u00e4ssige Abfalllagerung bew\u00e4ltigen zu k\u00f6nnen.[\/vc_column_text][vc_row_inner][vc_column_inner width=&#8220;1\/2&#8243;][vc_column_text css=&#8220;.vc_custom_1693549635800{margin-bottom: 15px !important;}&#8220;]<\/p>\n<p style=\"text-align: center;\">Anneleen De Wachter, Pr\u00e4sidentin<\/p>\n<p>[\/vc_column_text][vc_single_image image=&#8220;386&#8243; img_size=&#8220;full&#8220; alignment=&#8220;center&#8220; el_class=&#8220;signature&#8220;][\/vc_column_inner][vc_column_inner width=&#8220;1\/2&#8243;][vc_column_text css=&#8220;.vc_custom_1693549645342{margin-bottom: 15px !important;}&#8220;]<\/p>\n<p style=\"text-align: center;\">Marc Adams, Direktor<\/p>\n<p>[\/vc_column_text][vc_single_image image=&#8220;85&#8243; img_size=&#8220;full&#8220; alignment=&#8220;center&#8220; el_class=&#8220;signature&#8220;][\/vc_column_inner][\/vc_row_inner][\/vc_column][\/vc_row][\/vc_section]<\/p>\n<\/section>","protected":false},"excerpt":{"rendered":"<p>[vc_section el_class=&#8220;pageHeadImage&#8220;][vc_row el_class=&#8220;container&#8220;][vc_column][vc_empty_space][vc_column_text] Wort der Pr\u00e4sidentin und des Direktors [\/vc_column_text][\/vc_column][\/vc_row][vc_row el_class=&#8220;container&#8220;][vc_column width=&#8220;2\/3&#8243;][vc_column_text css=&#8220;.vc_custom_1693549537394{padding-top: 50px !important;padding-bottom: 50px !important;}&#8220;]Gerade erst kommt die Neuzulassung von Valipac mit ihren ehrgeizigen Zielen zur Anwendung, steht bereits Mitte 2023 der Antrag auf Wiederzulassung von Fost Plus ins Haus. Im Hinblick darauf hat die IVK 2022 die erforderliche Vorarbeit geleistet. So wurde [&hellip;]<\/p>\n","protected":false},"author":1,"featured_media":380,"parent":0,"menu_order":0,"comment_status":"closed","ping_status":"closed","template":"","meta":{"_acf_changed":false,"inline_featured_image":false,"footnotes":""},"class_list":["post-1285","page","type-page","status-publish","hentry"],"acf":[],"yoast_head":"<!-- This site is optimized with the Yoast SEO plugin v25.3.1 - https:\/\/yoast.com\/wordpress\/plugins\/seo\/ -->\n<title>Wort der Pr\u00e4sidentin und des Direktors | IVC Activiteitenverslag 2022<\/title>\n<meta name=\"robots\" content=\"index, follow, max-snippet:-1, max-image-preview:large, max-video-preview:-1\" \/>\n<link rel=\"canonical\" href=\"https:\/\/ivcie24.comith.eu\/de\/wort-der-praesidentin-und-des-direktors\/\" \/>\n<meta property=\"og:locale\" content=\"de_DE\" \/>\n<meta property=\"og:type\" content=\"article\" \/>\n<meta property=\"og:title\" content=\"Wort der Pr\u00e4sidentin und des Direktors | IVC Activiteitenverslag 2022\" \/>\n<meta property=\"og:description\" content=\"[vc_section el_class=&#8220;pageHeadImage&#8220;][vc_row el_class=&#8220;container&#8220;][vc_column][vc_empty_space][vc_column_text] Wort der Pr\u00e4sidentin und des Direktors [\/vc_column_text][\/vc_column][\/vc_row][vc_row el_class=&#8220;container&#8220;][vc_column width=&#8220;2\/3&#8243;][vc_column_text css=&#8220;.vc_custom_1693549537394{padding-top: 50px !important;padding-bottom: 50px !important;}&#8220;]Gerade erst kommt die Neuzulassung von Valipac mit ihren ehrgeizigen Zielen zur Anwendung, steht bereits Mitte 2023 der Antrag auf Wiederzulassung von Fost Plus ins Haus. Im Hinblick darauf hat die IVK 2022 die erforderliche Vorarbeit geleistet. So wurde [&hellip;]\" \/>\n<meta property=\"og:url\" content=\"https:\/\/ivcie24.comith.eu\/de\/wort-der-praesidentin-und-des-direktors\/\" \/>\n<meta property=\"og:site_name\" content=\"IVC Activiteitenverslag 2022\" \/>\n<meta property=\"article:publisher\" content=\"https:\/\/www.facebook.com\/Interregionale.verpakkingscommissie\" \/>\n<meta property=\"article:modified_time\" content=\"2023-09-06T07:35:27+00:00\" \/>\n<meta property=\"og:image\" content=\"https:\/\/ivcie24.comith.eu\/wp-content\/uploads\/2023\/06\/Cover-alt.jpg\" \/>\n\t<meta property=\"og:image:width\" content=\"1400\" \/>\n\t<meta property=\"og:image:height\" content=\"933\" \/>\n\t<meta property=\"og:image:type\" content=\"image\/jpeg\" \/>\n<meta name=\"twitter:card\" content=\"summary_large_image\" \/>\n<meta name=\"twitter:label1\" content=\"Gesch\u00e4tzte Lesezeit\" \/>\n\t<meta name=\"twitter:data1\" content=\"3\u00a0Minuten\" \/>\n<script type=\"application\/ld+json\" class=\"yoast-schema-graph\">{\"@context\":\"https:\/\/schema.org\",\"@graph\":[{\"@type\":\"WebPage\",\"@id\":\"https:\/\/ivcie24.comith.eu\/de\/wort-der-praesidentin-und-des-direktors\/\",\"url\":\"https:\/\/ivcie24.comith.eu\/de\/wort-der-praesidentin-und-des-direktors\/\",\"name\":\"Wort der Pr\u00e4sidentin und des Direktors | IVC Activiteitenverslag 2022\",\"isPartOf\":{\"@id\":\"https:\/\/ivcie24.comith.eu\/#website\"},\"primaryImageOfPage\":{\"@id\":\"https:\/\/ivcie24.comith.eu\/de\/wort-der-praesidentin-und-des-direktors\/#primaryimage\"},\"image\":{\"@id\":\"https:\/\/ivcie24.comith.eu\/de\/wort-der-praesidentin-und-des-direktors\/#primaryimage\"},\"thumbnailUrl\":\"https:\/\/ivcie24.comith.eu\/wp-content\/uploads\/2023\/06\/Cover-alt.jpg\",\"datePublished\":\"2023-06-05T08:11:32+00:00\",\"dateModified\":\"2023-09-06T07:35:27+00:00\",\"breadcrumb\":{\"@id\":\"https:\/\/ivcie24.comith.eu\/de\/wort-der-praesidentin-und-des-direktors\/#breadcrumb\"},\"inLanguage\":\"de\",\"potentialAction\":[{\"@type\":\"ReadAction\",\"target\":[\"https:\/\/ivcie24.comith.eu\/de\/wort-der-praesidentin-und-des-direktors\/\"]}]},{\"@type\":\"ImageObject\",\"inLanguage\":\"de\",\"@id\":\"https:\/\/ivcie24.comith.eu\/de\/wort-der-praesidentin-und-des-direktors\/#primaryimage\",\"url\":\"https:\/\/ivcie24.comith.eu\/wp-content\/uploads\/2023\/06\/Cover-alt.jpg\",\"contentUrl\":\"https:\/\/ivcie24.comith.eu\/wp-content\/uploads\/2023\/06\/Cover-alt.jpg\",\"width\":1400,\"height\":933},{\"@type\":\"BreadcrumbList\",\"@id\":\"https:\/\/ivcie24.comith.eu\/de\/wort-der-praesidentin-und-des-direktors\/#breadcrumb\",\"itemListElement\":[{\"@type\":\"ListItem\",\"position\":1,\"name\":\"Home\",\"item\":\"https:\/\/ivcie24.comith.eu\/de\/\"},{\"@type\":\"ListItem\",\"position\":2,\"name\":\"Wort der Pr\u00e4sidentin und des Direktors\"}]},{\"@type\":\"WebSite\",\"@id\":\"https:\/\/ivcie24.comith.eu\/#website\",\"url\":\"https:\/\/ivcie24.comith.eu\/\",\"name\":\"Activiteitenverslag Ivcie 2022\",\"description\":\"\",\"publisher\":{\"@id\":\"https:\/\/ivcie24.comith.eu\/#organization\"},\"potentialAction\":[{\"@type\":\"SearchAction\",\"target\":{\"@type\":\"EntryPoint\",\"urlTemplate\":\"https:\/\/ivcie24.comith.eu\/?s={search_term_string}\"},\"query-input\":{\"@type\":\"PropertyValueSpecification\",\"valueRequired\":true,\"valueName\":\"search_term_string\"}}],\"inLanguage\":\"de\"},{\"@type\":\"Organization\",\"@id\":\"https:\/\/ivcie24.comith.eu\/#organization\",\"name\":\"Ivcie\",\"url\":\"https:\/\/ivcie24.comith.eu\/\",\"logo\":{\"@type\":\"ImageObject\",\"inLanguage\":\"de\",\"@id\":\"https:\/\/ivcie24.comith.eu\/#\/schema\/logo\/image\/\",\"url\":\"https:\/\/ivcie24.comith.eu\/wp-content\/uploads\/2023\/06\/logo-ivcie.svg\",\"contentUrl\":\"https:\/\/ivcie24.comith.eu\/wp-content\/uploads\/2023\/06\/logo-ivcie.svg\",\"width\":\"1024\",\"height\":\"1024\",\"caption\":\"Ivcie\"},\"image\":{\"@id\":\"https:\/\/ivcie24.comith.eu\/#\/schema\/logo\/image\/\"},\"sameAs\":[\"https:\/\/www.facebook.com\/Interregionale.verpakkingscommissie\"]}]}<\/script>\n<!-- \/ Yoast SEO plugin. -->","yoast_head_json":{"title":"Wort der Pr\u00e4sidentin und des Direktors | IVC Activiteitenverslag 2022","robots":{"index":"index","follow":"follow","max-snippet":"max-snippet:-1","max-image-preview":"max-image-preview:large","max-video-preview":"max-video-preview:-1"},"canonical":"https:\/\/ivcie24.comith.eu\/de\/wort-der-praesidentin-und-des-direktors\/","og_locale":"de_DE","og_type":"article","og_title":"Wort der Pr\u00e4sidentin und des Direktors | IVC Activiteitenverslag 2022","og_description":"[vc_section el_class=&#8220;pageHeadImage&#8220;][vc_row el_class=&#8220;container&#8220;][vc_column][vc_empty_space][vc_column_text] Wort der Pr\u00e4sidentin und des Direktors [\/vc_column_text][\/vc_column][\/vc_row][vc_row el_class=&#8220;container&#8220;][vc_column width=&#8220;2\/3&#8243;][vc_column_text css=&#8220;.vc_custom_1693549537394{padding-top: 50px !important;padding-bottom: 50px !important;}&#8220;]Gerade erst kommt die Neuzulassung von Valipac mit ihren ehrgeizigen Zielen zur Anwendung, steht bereits Mitte 2023 der Antrag auf Wiederzulassung von Fost Plus ins Haus. Im Hinblick darauf hat die IVK 2022 die erforderliche Vorarbeit geleistet. So wurde [&hellip;]","og_url":"https:\/\/ivcie24.comith.eu\/de\/wort-der-praesidentin-und-des-direktors\/","og_site_name":"IVC Activiteitenverslag 2022","article_publisher":"https:\/\/www.facebook.com\/Interregionale.verpakkingscommissie","article_modified_time":"2023-09-06T07:35:27+00:00","og_image":[{"width":1400,"height":933,"url":"https:\/\/ivcie24.comith.eu\/wp-content\/uploads\/2023\/06\/Cover-alt.jpg","type":"image\/jpeg"}],"twitter_card":"summary_large_image","twitter_misc":{"Gesch\u00e4tzte Lesezeit":"3\u00a0Minuten"},"schema":{"@context":"https:\/\/schema.org","@graph":[{"@type":"WebPage","@id":"https:\/\/ivcie24.comith.eu\/de\/wort-der-praesidentin-und-des-direktors\/","url":"https:\/\/ivcie24.comith.eu\/de\/wort-der-praesidentin-und-des-direktors\/","name":"Wort der Pr\u00e4sidentin und des Direktors | IVC Activiteitenverslag 2022","isPartOf":{"@id":"https:\/\/ivcie24.comith.eu\/#website"},"primaryImageOfPage":{"@id":"https:\/\/ivcie24.comith.eu\/de\/wort-der-praesidentin-und-des-direktors\/#primaryimage"},"image":{"@id":"https:\/\/ivcie24.comith.eu\/de\/wort-der-praesidentin-und-des-direktors\/#primaryimage"},"thumbnailUrl":"https:\/\/ivcie24.comith.eu\/wp-content\/uploads\/2023\/06\/Cover-alt.jpg","datePublished":"2023-06-05T08:11:32+00:00","dateModified":"2023-09-06T07:35:27+00:00","breadcrumb":{"@id":"https:\/\/ivcie24.comith.eu\/de\/wort-der-praesidentin-und-des-direktors\/#breadcrumb"},"inLanguage":"de","potentialAction":[{"@type":"ReadAction","target":["https:\/\/ivcie24.comith.eu\/de\/wort-der-praesidentin-und-des-direktors\/"]}]},{"@type":"ImageObject","inLanguage":"de","@id":"https:\/\/ivcie24.comith.eu\/de\/wort-der-praesidentin-und-des-direktors\/#primaryimage","url":"https:\/\/ivcie24.comith.eu\/wp-content\/uploads\/2023\/06\/Cover-alt.jpg","contentUrl":"https:\/\/ivcie24.comith.eu\/wp-content\/uploads\/2023\/06\/Cover-alt.jpg","width":1400,"height":933},{"@type":"BreadcrumbList","@id":"https:\/\/ivcie24.comith.eu\/de\/wort-der-praesidentin-und-des-direktors\/#breadcrumb","itemListElement":[{"@type":"ListItem","position":1,"name":"Home","item":"https:\/\/ivcie24.comith.eu\/de\/"},{"@type":"ListItem","position":2,"name":"Wort der Pr\u00e4sidentin und des Direktors"}]},{"@type":"WebSite","@id":"https:\/\/ivcie24.comith.eu\/#website","url":"https:\/\/ivcie24.comith.eu\/","name":"Activiteitenverslag Ivcie 2022","description":"","publisher":{"@id":"https:\/\/ivcie24.comith.eu\/#organization"},"potentialAction":[{"@type":"SearchAction","target":{"@type":"EntryPoint","urlTemplate":"https:\/\/ivcie24.comith.eu\/?s={search_term_string}"},"query-input":{"@type":"PropertyValueSpecification","valueRequired":true,"valueName":"search_term_string"}}],"inLanguage":"de"},{"@type":"Organization","@id":"https:\/\/ivcie24.comith.eu\/#organization","name":"Ivcie","url":"https:\/\/ivcie24.comith.eu\/","logo":{"@type":"ImageObject","inLanguage":"de","@id":"https:\/\/ivcie24.comith.eu\/#\/schema\/logo\/image\/","url":"https:\/\/ivcie24.comith.eu\/wp-content\/uploads\/2023\/06\/logo-ivcie.svg","contentUrl":"https:\/\/ivcie24.comith.eu\/wp-content\/uploads\/2023\/06\/logo-ivcie.svg","width":"1024","height":"1024","caption":"Ivcie"},"image":{"@id":"https:\/\/ivcie24.comith.eu\/#\/schema\/logo\/image\/"},"sameAs":["https:\/\/www.facebook.com\/Interregionale.verpakkingscommissie"]}]}},"_links":{"self":[{"href":"https:\/\/ivcie24.comith.eu\/de\/wp-json\/wp\/v2\/pages\/1285","targetHints":{"allow":["GET"]}}],"collection":[{"href":"https:\/\/ivcie24.comith.eu\/de\/wp-json\/wp\/v2\/pages"}],"about":[{"href":"https:\/\/ivcie24.comith.eu\/de\/wp-json\/wp\/v2\/types\/page"}],"author":[{"embeddable":true,"href":"https:\/\/ivcie24.comith.eu\/de\/wp-json\/wp\/v2\/users\/1"}],"replies":[{"embeddable":true,"href":"https:\/\/ivcie24.comith.eu\/de\/wp-json\/wp\/v2\/comments?post=1285"}],"version-history":[{"count":3,"href":"https:\/\/ivcie24.comith.eu\/de\/wp-json\/wp\/v2\/pages\/1285\/revisions"}],"predecessor-version":[{"id":2449,"href":"https:\/\/ivcie24.comith.eu\/de\/wp-json\/wp\/v2\/pages\/1285\/revisions\/2449"}],"wp:featuredmedia":[{"embeddable":true,"href":"https:\/\/ivcie24.comith.eu\/de\/wp-json\/wp\/v2\/media\/380"}],"wp:attachment":[{"href":"https:\/\/ivcie24.comith.eu\/de\/wp-json\/wp\/v2\/media?parent=1285"}],"curies":[{"name":"wp","href":"https:\/\/api.w.org\/{rel}","templated":true}]}}