{"id":1288,"date":"2023-06-05T12:17:30","date_gmt":"2023-06-05T10:17:30","guid":{"rendered":"https:\/\/ivcie24.comith.eu\/werking-van-de-interregionale-verpakkingscommissie-ivc\/"},"modified":"2023-09-08T11:26:15","modified_gmt":"2023-09-08T09:26:15","slug":"funktionsweise-der-interregionalen-verpackungskommission-ivk","status":"publish","type":"page","link":"https:\/\/ivcie24.comith.eu\/de\/funktionsweise-der-interregionalen-verpackungskommission-ivk\/","title":{"rendered":"Funktionsweise der Interregionalen Verpackungskommission (IVK)"},"content":{"rendered":"<section class=\"wpb-content-wrapper\"><p>[vc_section css_animation=&#8220;none&#8220; el_class=&#8220;pageHeadImage&#8220;][vc_row el_class=&#8220;container&#8220;][vc_column][vc_empty_space][vc_column_text]<\/p>\n<h1>1. Funktionsweise der Interregionalen<br \/>\nVerpackungskommission (IVK)<\/h1>\n<p>[\/vc_column_text][\/vc_column][\/vc_row][vc_row el_class=&#8220;container&#8220;][vc_column width=&#8220;2\/3&#8243;][vc_column_text]<\/p>\n<h2><span style=\"text-decoration: underline;\">1.1<\/span> <strong>Die Aufgabe<\/strong> der IVK<\/h2>\n<p>[\/vc_column_text][vc_column_text]Die IVK hat unter anderem die folgenden Aufgaben:<\/p>\n<ul>\n<li>Kontrolle der Unternehmen (Verpackungsverantwortlichen) und zugelassenen Stellen hinsichtlich der Einhaltung der Informations- und R\u00fccknahmepflicht,<\/li>\n<li>Kontrolle der Art und Weise wie die Verpackungsverantwortlichen und zugelassenen Stellen die jeweils gesetzlich festgesetzten Quoten f\u00fcr die Wiederverwertung und stoffliche Verwertung erreichen,<\/li>\n<li>Billigung und Ablehnung der allgemeinen Abfallvermeidungspl\u00e4ne der Unternehmen (Verpackungsverantwortlichen),<\/li>\n<li>Zulassung oder Ablehnung der Stellen, die sich mit der F\u00f6rderung, der Koordination und der Finanzierung der Getrenntsammlung, Verwertung und stofflichen Verwertung von Verpackungsabfall befassen,<\/li>\n<li>Unterst\u00fctzung und Beratung der Regionalregierungen. Dies kann beispielsweise durch das Einrichten von Reflexionsforen, Anbieten logistischer Unterst\u00fctzung oder Vorschlagen von Gesetzes\u00e4nderungen geschehen;<\/li>\n<li>Durchf\u00fchrung oder Inauftraggabe von Studien und Forschungsprojekten zur Bewirtschaftung und Vermeidung von Verpackungsabfall,<\/li>\n<li>Bearbeitung von Notifizierungen zwecks Erteilung einer Zustimmung f\u00fcr geplante Transporte von Abf\u00e4llen, die nicht aus Belgien stammen und dort auch nicht verarbeitet werden sollen, sowie die Bearbeitung der Transportmeldungen nach gebilligter Notifizierung.<\/li>\n<\/ul>\n<p>[\/vc_column_text][\/vc_column][vc_column width=&#8220;1\/3&#8243;][\/vc_column][\/vc_row][vc_row el_class=&#8220;container&#8220;][vc_column][vc_column_text]<\/p>\n<h4>Die n\u00e4chsten Jahre stellen die IVK vor eine gro\u00dfe Herausforderung.<\/h4>\n<p>&nbsp;<\/p>\n<p>Das neue Zusammenarbeitsabkommen f\u00fcr EPR und unzul\u00e4ssige Abfalllagerung wird die Arbeitsweise und die Aufgaben der IVK grundlegend ver\u00e4ndern. Die IVK wird sogar einen neuen Namen bekommen: die \u201eInterregionale Kommission f\u00fcr EPR\u201c. Die neuen Aufgaben der IVK sind mit dem derzeitigen Personalbestand nicht zu bew\u00e4ltigen. Es besteht also ein dringender Bedarf an zus\u00e4tzlichem Personal. Darum hat die IVK 2022 ein Personalaudit durchgef\u00fchrt, um diesen Bedarf genau zu ermitteln.<\/p>\n<p>Die Europ\u00e4ische Kommission hat einen Entwurf f\u00fcr eine Verpackungsverordnung ausgearbeitet, die die Verpackungsrichtlinie 94\/62\/EG ersetzen soll. Dieser Text hat gro\u00dfe Auswirkungen auf die belgische Gesetzgebung zum Verpackungsabfall. Als Instrument hat man sich f\u00fcr eine Verordnung entschieden, die bei den europ\u00e4ischen Unternehmen unmittelbar zur Anwendung kommt, so dass f\u00fcr nationale Gesetzgebungen eigentlich kein Raum mehr besteht.<\/p>\n<p>Die Neuzulassung von Fost Plus wird uns 2023 viel Energie abverlangen. Gleichzeitig wird derzeit eine gesellschaftliche und politische Debatte \u00fcber die Einf\u00fchrung von Pfand auf Getr\u00e4nkeverpackungen gef\u00fchrt. Diese Debatte hat nat\u00fcrlich gro\u00dfe Auswirkungen auf das Zulassungsdossier.[\/vc_column_text][\/vc_column][\/vc_row][\/vc_section][vc_section css_animation=&#8220;none&#8220;][vc_row el_class=&#8220;container&#8220;][vc_column][vc_column_text]<\/p>\n<h2><span style=\"text-decoration: underline;\">1.2<\/span> <strong>Die Zusammenstellung<\/strong> der IVK<\/h2>\n<p>[\/vc_column_text][vc_column_text]Die Zusammenstellung des Entscheidungsorgans 2022:[\/vc_column_text][vc_row_inner el_class=&#8220;switchBeforeMobile&#8220;][vc_column_inner el_class=&#8220;members&#8220; width=&#8220;1\/3&#8243;][vc_single_image image=&#8220;117&#8243; img_size=&#8220;full&#8220; alignment=&#8220;center&#8220; css_animation=&#8220;none&#8220; el_class=&#8220;svgImage&#8220;][vc_column_text css=&#8220;.vc_custom_1693916402090{margin-bottom: 5px !important;}&#8220;]<\/p>\n<h3 style=\"text-align: center;\"><strong>Fl\u00e4mische Region<\/strong><\/h3>\n<table>\n<thead>\n<tr>\n<td>Ordentliche Mitglieder<\/td>\n<td>Stellvertreter<\/td>\n<\/tr>\n<\/thead>\n<tbody>\n<tr>\n<td>Ann De Boeck<\/td>\n<td>Luc Goeteyn<\/td>\n<\/tr>\n<tr>\n<td>Nick Vliegen<\/td>\n<td>Roeland Bracke<\/td>\n<\/tr>\n<tr>\n<td>Anneleen De Wachter<br \/>\n<span style=\"font-size: 10pt;\"><em>(seit dem 05.03.2022 Pr\u00e4sidentin)<\/em><\/span><\/td>\n<td>John Wante\/Christof Delatter<sup>(1)<\/sup><\/td>\n<\/tr>\n<\/tbody>\n<\/table>\n<p>[\/vc_column_text][vc_column_text]<\/p>\n<p style=\"text-align: center;\"><span style=\"font-size: 10pt;\"><em>(1) Herr Wante wurde als Stellvertreter am 11.03.2022 von Herrn Delatter abgel\u00f6st.<\/em><\/span><\/p>\n<p>[\/vc_column_text][\/vc_column_inner][vc_column_inner el_class=&#8220;members&#8220; width=&#8220;1\/3&#8243;][vc_single_image image=&#8220;109&#8243; img_size=&#8220;full&#8220; alignment=&#8220;center&#8220; css_animation=&#8220;none&#8220; el_class=&#8220;svgImage&#8220;][vc_column_text]<\/p>\n<h3 style=\"text-align: center;\"><strong>Region Br\u00fcssel Hauptstadt<br \/>\n<\/strong><\/h3>\n<table>\n<thead>\n<tr>\n<td>Ordentliche Mitglieder<\/td>\n<td>Stellvertreter<\/td>\n<\/tr>\n<\/thead>\n<tbody>\n<tr>\n<td>Marion Courtois<\/td>\n<td>Val\u00e9rie Verbrugge<\/td>\n<\/tr>\n<tr>\n<td>C\u00e9line Schaar<\/td>\n<td>St\u00e9phanie Thomaes<\/td>\n<\/tr>\n<tr>\n<td>St\u00e9phanie Uny<\/td>\n<td>Milan Jousten<\/td>\n<\/tr>\n<\/tbody>\n<\/table>\n<p>[\/vc_column_text][\/vc_column_inner][vc_column_inner el_class=&#8220;members&#8220; width=&#8220;1\/3&#8243;][vc_single_image image=&#8220;113&#8243; img_size=&#8220;full&#8220; alignment=&#8220;center&#8220; css_animation=&#8220;none&#8220; el_class=&#8220;svgImage&#8220;][vc_column_text]<\/p>\n<h3 style=\"text-align: center;\"><strong>Wallonische Region<\/strong><\/h3>\n<table>\n<thead>\n<tr>\n<td>Ordentliche Mitglieder<\/td>\n<td>Stellvertreter<\/td>\n<\/tr>\n<\/thead>\n<tbody>\n<tr>\n<td>Lara Hotyat<\/td>\n<td>Guillaume Lep\u00e8re<\/td>\n<\/tr>\n<tr>\n<td>Vincent Brahy<\/td>\n<td>Marie-H\u00e9l\u00e8ne Lahaye<\/td>\n<\/tr>\n<tr>\n<td>Martine Gillet<br \/>\n<span style=\"font-size: 10pt;\"><em>(Pr\u00e4sidentin bis zum 04.03.2022)<\/em><\/span><\/td>\n<td>Jean-Yves Mercier<\/td>\n<\/tr>\n<\/tbody>\n<\/table>\n<p>[\/vc_column_text][\/vc_column_inner][\/vc_row_inner][vc_empty_space height=&#8220;52px&#8220;][vc_column_text]Organigramm des <strong>St\u00e4ndigen Sekretariats 2022<\/strong>:[\/vc_column_text][vc_single_image image=&#8220;2411&#8243; img_size=&#8220;large&#8220; alignment=&#8220;center&#8220; onclick=&#8220;link_image&#8220; el_class=&#8220;organogram svgImage&#8220;][vc_column_text]Ende 2022 z\u00e4hlte das St\u00e4ndige Sekretariat 16 Mitarbeiter.[\/vc_column_text][\/vc_column][\/vc_row][\/vc_section][vc_section css_animation=&#8220;none&#8220;][vc_row el_class=&#8220;container&#8220;][vc_column][vc_column_text]<\/p>\n<h2><span style=\"text-decoration: underline;\">1.3<\/span> <strong>Der Haushalt 2022<\/strong> der IVK<\/h2>\n<p>[\/vc_column_text][vc_row_inner equal_height=&#8220;yes&#8220; el_class=&#8220;switchBeforeMobile&#8220;][vc_column_inner width=&#8220;3\/4&#8243;][vc_column_text]Effektive Ausgaben der IVK 2022:[\/vc_column_text][vc_single_image image=&#8220;2555&#8243; img_size=&#8220;full&#8220; alignment=&#8220;center&#8220; onclick=&#8220;link_image&#8220; css_animation=&#8220;none&#8220;][vc_single_image image=&#8220;2545&#8243; img_size=&#8220;full&#8220; alignment=&#8220;center&#8220; onclick=&#8220;link_image&#8220; css_animation=&#8220;none&#8220; el_class=&#8220;max625&#8243;][\/vc_column_inner][vc_column_inner width=&#8220;1\/4&#8243;][vc_column_text]Der Verteilerschl\u00fcssel f\u00fcr die Finanzierung der IVK lautet gem\u00e4\u00df dem Zusammenarbeitsabkommen wie folgt:[\/vc_column_text][vc_single_image image=&#8220;2103&#8243; img_size=&#8220;full&#8220; el_class=&#8220;svgImage&#8220;][\/vc_column_inner][\/vc_row_inner][\/vc_column][\/vc_row][\/vc_section][vc_section css_animation=&#8220;none&#8220;][vc_row el_class=&#8220;container&#8220;][vc_column][vc_column_text]<\/p>\n<h2><span style=\"text-decoration: underline;\">1.4<\/span> Die Interregionale Plattform f\u00fcr Erweiterte Herstellerverantwortung <strong>(IPEPR)<\/strong><\/h2>\n<p>[\/vc_column_text][vc_column_text]Die IVK fungiert als Sekretariat f\u00fcr die 2009 eingerichtete Interregionale Plattform f\u00fcr Erweiterte Herstellerverantwortung.<br \/>\nZweck war die Entwicklung einer gemeinsamen Vision in Hinblick auf die Erweiterte Herstellerverantwortung (EPR).<\/p>\n<p>Im Rahmen der IPEPR wird hart an einem neuen Zusammenarbeitsabkommen f\u00fcr EPR und unzul\u00e4ssige Abfalllagerung gearbeitet. Einerseits verfolgt das Abkommen das ehrgeizige Ziel, einen interregionalen Rahmen f\u00fcr den Umgang mit anderen Str\u00f6men als Verpackungsabf\u00e4lle zu schaffen, f\u00fcr welche die erweiterte Herstellerverantwortung (EPR) gilt, andrerseits plant es, die Kosten f\u00fcr unzul\u00e4ssige Abfalllagerung den Verursachern dieser Abfallstr\u00f6me aufzuerlegen.<\/p>\n<p>In diesen neuen Zusammenarbeitsabkommen wird die IPEPR in die IVK aufgenommen, woraus die neue \u201eInterregionale Kommission f\u00fcr EPR\u201c mit zwei Abteilungen entsteht: einerseits das \u201eEntscheidungsorgan Verpackung\u201c und andererseits das \u201eEntscheidungsorgan EPR\u201c.[\/vc_column_text][\/vc_column][\/vc_row][\/vc_section]<\/p>\n<\/section>","protected":false},"excerpt":{"rendered":"<p>[vc_section css_animation=&#8220;none&#8220; el_class=&#8220;pageHeadImage&#8220;][vc_row el_class=&#8220;container&#8220;][vc_column][vc_empty_space][vc_column_text] 1. Funktionsweise der Interregionalen Verpackungskommission (IVK) [\/vc_column_text][\/vc_column][\/vc_row][vc_row el_class=&#8220;container&#8220;][vc_column width=&#8220;2\/3&#8243;][vc_column_text] 1.1 Die Aufgabe der IVK [\/vc_column_text][vc_column_text]Die IVK hat unter anderem die folgenden Aufgaben: Kontrolle der Unternehmen (Verpackungsverantwortlichen) und zugelassenen Stellen hinsichtlich der Einhaltung der Informations- und R\u00fccknahmepflicht, Kontrolle der Art und Weise wie die Verpackungsverantwortlichen und zugelassenen Stellen die jeweils gesetzlich festgesetzten [&hellip;]<\/p>\n","protected":false},"author":1,"featured_media":555,"parent":0,"menu_order":0,"comment_status":"closed","ping_status":"closed","template":"","meta":{"_acf_changed":false,"inline_featured_image":false,"footnotes":""},"class_list":["post-1288","page","type-page","status-publish","hentry"],"acf":[],"yoast_head":"<!-- This site is optimized with the Yoast SEO plugin v25.3.1 - https:\/\/yoast.com\/wordpress\/plugins\/seo\/ -->\n<title>Funktionsweise der Interregionalen Verpackungskommission (IVK) | IVC Activiteitenverslag 2022<\/title>\n<meta name=\"robots\" content=\"index, follow, max-snippet:-1, max-image-preview:large, max-video-preview:-1\" \/>\n<link rel=\"canonical\" href=\"https:\/\/ivcie24.comith.eu\/de\/funktionsweise-der-interregionalen-verpackungskommission-ivk\/\" \/>\n<meta property=\"og:locale\" content=\"de_DE\" \/>\n<meta property=\"og:type\" content=\"article\" \/>\n<meta property=\"og:title\" content=\"Funktionsweise der Interregionalen Verpackungskommission (IVK) | IVC Activiteitenverslag 2022\" \/>\n<meta property=\"og:description\" content=\"[vc_section css_animation=&#8220;none&#8220; el_class=&#8220;pageHeadImage&#8220;][vc_row el_class=&#8220;container&#8220;][vc_column][vc_empty_space][vc_column_text] 1. Funktionsweise der Interregionalen Verpackungskommission (IVK) [\/vc_column_text][\/vc_column][\/vc_row][vc_row el_class=&#8220;container&#8220;][vc_column width=&#8220;2\/3&#8243;][vc_column_text] 1.1 Die Aufgabe der IVK [\/vc_column_text][vc_column_text]Die IVK hat unter anderem die folgenden Aufgaben: Kontrolle der Unternehmen (Verpackungsverantwortlichen) und zugelassenen Stellen hinsichtlich der Einhaltung der Informations- und R\u00fccknahmepflicht, Kontrolle der Art und Weise wie die Verpackungsverantwortlichen und zugelassenen Stellen die jeweils gesetzlich festgesetzten [&hellip;]\" \/>\n<meta property=\"og:url\" content=\"https:\/\/ivcie24.comith.eu\/de\/funktionsweise-der-interregionalen-verpackungskommission-ivk\/\" \/>\n<meta property=\"og:site_name\" content=\"IVC Activiteitenverslag 2022\" \/>\n<meta property=\"article:publisher\" content=\"https:\/\/www.facebook.com\/Interregionale.verpakkingscommissie\" \/>\n<meta property=\"article:modified_time\" content=\"2023-09-08T09:26:15+00:00\" \/>\n<meta property=\"og:image\" content=\"https:\/\/ivcie24.comith.eu\/wp-content\/uploads\/2023\/06\/werking-van-de-interregionale-verpakkingscommis.jpg\" \/>\n\t<meta property=\"og:image:width\" content=\"749\" \/>\n\t<meta property=\"og:image:height\" content=\"1124\" \/>\n\t<meta property=\"og:image:type\" content=\"image\/jpeg\" \/>\n<meta name=\"twitter:card\" content=\"summary_large_image\" \/>\n<meta name=\"twitter:label1\" content=\"Gesch\u00e4tzte Lesezeit\" \/>\n\t<meta name=\"twitter:data1\" content=\"4\u00a0Minuten\" \/>\n<script type=\"application\/ld+json\" class=\"yoast-schema-graph\">{\"@context\":\"https:\/\/schema.org\",\"@graph\":[{\"@type\":\"WebPage\",\"@id\":\"https:\/\/ivcie24.comith.eu\/de\/funktionsweise-der-interregionalen-verpackungskommission-ivk\/\",\"url\":\"https:\/\/ivcie24.comith.eu\/de\/funktionsweise-der-interregionalen-verpackungskommission-ivk\/\",\"name\":\"Funktionsweise der Interregionalen Verpackungskommission (IVK) | IVC Activiteitenverslag 2022\",\"isPartOf\":{\"@id\":\"https:\/\/ivcie24.comith.eu\/#website\"},\"primaryImageOfPage\":{\"@id\":\"https:\/\/ivcie24.comith.eu\/de\/funktionsweise-der-interregionalen-verpackungskommission-ivk\/#primaryimage\"},\"image\":{\"@id\":\"https:\/\/ivcie24.comith.eu\/de\/funktionsweise-der-interregionalen-verpackungskommission-ivk\/#primaryimage\"},\"thumbnailUrl\":\"https:\/\/ivcie24.comith.eu\/wp-content\/uploads\/2023\/06\/werking-van-de-interregionale-verpakkingscommis.jpg\",\"datePublished\":\"2023-06-05T10:17:30+00:00\",\"dateModified\":\"2023-09-08T09:26:15+00:00\",\"breadcrumb\":{\"@id\":\"https:\/\/ivcie24.comith.eu\/de\/funktionsweise-der-interregionalen-verpackungskommission-ivk\/#breadcrumb\"},\"inLanguage\":\"de\",\"potentialAction\":[{\"@type\":\"ReadAction\",\"target\":[\"https:\/\/ivcie24.comith.eu\/de\/funktionsweise-der-interregionalen-verpackungskommission-ivk\/\"]}]},{\"@type\":\"ImageObject\",\"inLanguage\":\"de\",\"@id\":\"https:\/\/ivcie24.comith.eu\/de\/funktionsweise-der-interregionalen-verpackungskommission-ivk\/#primaryimage\",\"url\":\"https:\/\/ivcie24.comith.eu\/wp-content\/uploads\/2023\/06\/werking-van-de-interregionale-verpakkingscommis.jpg\",\"contentUrl\":\"https:\/\/ivcie24.comith.eu\/wp-content\/uploads\/2023\/06\/werking-van-de-interregionale-verpakkingscommis.jpg\",\"width\":749,\"height\":1124},{\"@type\":\"BreadcrumbList\",\"@id\":\"https:\/\/ivcie24.comith.eu\/de\/funktionsweise-der-interregionalen-verpackungskommission-ivk\/#breadcrumb\",\"itemListElement\":[{\"@type\":\"ListItem\",\"position\":1,\"name\":\"Home\",\"item\":\"https:\/\/ivcie24.comith.eu\/de\/\"},{\"@type\":\"ListItem\",\"position\":2,\"name\":\"Funktionsweise der Interregionalen Verpackungskommission (IVK)\"}]},{\"@type\":\"WebSite\",\"@id\":\"https:\/\/ivcie24.comith.eu\/#website\",\"url\":\"https:\/\/ivcie24.comith.eu\/\",\"name\":\"Activiteitenverslag Ivcie 2022\",\"description\":\"\",\"publisher\":{\"@id\":\"https:\/\/ivcie24.comith.eu\/#organization\"},\"potentialAction\":[{\"@type\":\"SearchAction\",\"target\":{\"@type\":\"EntryPoint\",\"urlTemplate\":\"https:\/\/ivcie24.comith.eu\/?s={search_term_string}\"},\"query-input\":{\"@type\":\"PropertyValueSpecification\",\"valueRequired\":true,\"valueName\":\"search_term_string\"}}],\"inLanguage\":\"de\"},{\"@type\":\"Organization\",\"@id\":\"https:\/\/ivcie24.comith.eu\/#organization\",\"name\":\"Ivcie\",\"url\":\"https:\/\/ivcie24.comith.eu\/\",\"logo\":{\"@type\":\"ImageObject\",\"inLanguage\":\"de\",\"@id\":\"https:\/\/ivcie24.comith.eu\/#\/schema\/logo\/image\/\",\"url\":\"https:\/\/ivcie24.comith.eu\/wp-content\/uploads\/2023\/06\/logo-ivcie.svg\",\"contentUrl\":\"https:\/\/ivcie24.comith.eu\/wp-content\/uploads\/2023\/06\/logo-ivcie.svg\",\"width\":\"1024\",\"height\":\"1024\",\"caption\":\"Ivcie\"},\"image\":{\"@id\":\"https:\/\/ivcie24.comith.eu\/#\/schema\/logo\/image\/\"},\"sameAs\":[\"https:\/\/www.facebook.com\/Interregionale.verpakkingscommissie\"]}]}<\/script>\n<!-- \/ Yoast SEO plugin. -->","yoast_head_json":{"title":"Funktionsweise der Interregionalen Verpackungskommission (IVK) | IVC Activiteitenverslag 2022","robots":{"index":"index","follow":"follow","max-snippet":"max-snippet:-1","max-image-preview":"max-image-preview:large","max-video-preview":"max-video-preview:-1"},"canonical":"https:\/\/ivcie24.comith.eu\/de\/funktionsweise-der-interregionalen-verpackungskommission-ivk\/","og_locale":"de_DE","og_type":"article","og_title":"Funktionsweise der Interregionalen Verpackungskommission (IVK) | IVC Activiteitenverslag 2022","og_description":"[vc_section css_animation=&#8220;none&#8220; el_class=&#8220;pageHeadImage&#8220;][vc_row el_class=&#8220;container&#8220;][vc_column][vc_empty_space][vc_column_text] 1. Funktionsweise der Interregionalen Verpackungskommission (IVK) [\/vc_column_text][\/vc_column][\/vc_row][vc_row el_class=&#8220;container&#8220;][vc_column width=&#8220;2\/3&#8243;][vc_column_text] 1.1 Die Aufgabe der IVK [\/vc_column_text][vc_column_text]Die IVK hat unter anderem die folgenden Aufgaben: Kontrolle der Unternehmen (Verpackungsverantwortlichen) und zugelassenen Stellen hinsichtlich der Einhaltung der Informations- und R\u00fccknahmepflicht, Kontrolle der Art und Weise wie die Verpackungsverantwortlichen und zugelassenen Stellen die jeweils gesetzlich festgesetzten [&hellip;]","og_url":"https:\/\/ivcie24.comith.eu\/de\/funktionsweise-der-interregionalen-verpackungskommission-ivk\/","og_site_name":"IVC Activiteitenverslag 2022","article_publisher":"https:\/\/www.facebook.com\/Interregionale.verpakkingscommissie","article_modified_time":"2023-09-08T09:26:15+00:00","og_image":[{"width":749,"height":1124,"url":"https:\/\/ivcie24.comith.eu\/wp-content\/uploads\/2023\/06\/werking-van-de-interregionale-verpakkingscommis.jpg","type":"image\/jpeg"}],"twitter_card":"summary_large_image","twitter_misc":{"Gesch\u00e4tzte Lesezeit":"4\u00a0Minuten"},"schema":{"@context":"https:\/\/schema.org","@graph":[{"@type":"WebPage","@id":"https:\/\/ivcie24.comith.eu\/de\/funktionsweise-der-interregionalen-verpackungskommission-ivk\/","url":"https:\/\/ivcie24.comith.eu\/de\/funktionsweise-der-interregionalen-verpackungskommission-ivk\/","name":"Funktionsweise der Interregionalen Verpackungskommission (IVK) | IVC Activiteitenverslag 2022","isPartOf":{"@id":"https:\/\/ivcie24.comith.eu\/#website"},"primaryImageOfPage":{"@id":"https:\/\/ivcie24.comith.eu\/de\/funktionsweise-der-interregionalen-verpackungskommission-ivk\/#primaryimage"},"image":{"@id":"https:\/\/ivcie24.comith.eu\/de\/funktionsweise-der-interregionalen-verpackungskommission-ivk\/#primaryimage"},"thumbnailUrl":"https:\/\/ivcie24.comith.eu\/wp-content\/uploads\/2023\/06\/werking-van-de-interregionale-verpakkingscommis.jpg","datePublished":"2023-06-05T10:17:30+00:00","dateModified":"2023-09-08T09:26:15+00:00","breadcrumb":{"@id":"https:\/\/ivcie24.comith.eu\/de\/funktionsweise-der-interregionalen-verpackungskommission-ivk\/#breadcrumb"},"inLanguage":"de","potentialAction":[{"@type":"ReadAction","target":["https:\/\/ivcie24.comith.eu\/de\/funktionsweise-der-interregionalen-verpackungskommission-ivk\/"]}]},{"@type":"ImageObject","inLanguage":"de","@id":"https:\/\/ivcie24.comith.eu\/de\/funktionsweise-der-interregionalen-verpackungskommission-ivk\/#primaryimage","url":"https:\/\/ivcie24.comith.eu\/wp-content\/uploads\/2023\/06\/werking-van-de-interregionale-verpakkingscommis.jpg","contentUrl":"https:\/\/ivcie24.comith.eu\/wp-content\/uploads\/2023\/06\/werking-van-de-interregionale-verpakkingscommis.jpg","width":749,"height":1124},{"@type":"BreadcrumbList","@id":"https:\/\/ivcie24.comith.eu\/de\/funktionsweise-der-interregionalen-verpackungskommission-ivk\/#breadcrumb","itemListElement":[{"@type":"ListItem","position":1,"name":"Home","item":"https:\/\/ivcie24.comith.eu\/de\/"},{"@type":"ListItem","position":2,"name":"Funktionsweise der Interregionalen Verpackungskommission (IVK)"}]},{"@type":"WebSite","@id":"https:\/\/ivcie24.comith.eu\/#website","url":"https:\/\/ivcie24.comith.eu\/","name":"Activiteitenverslag Ivcie 2022","description":"","publisher":{"@id":"https:\/\/ivcie24.comith.eu\/#organization"},"potentialAction":[{"@type":"SearchAction","target":{"@type":"EntryPoint","urlTemplate":"https:\/\/ivcie24.comith.eu\/?s={search_term_string}"},"query-input":{"@type":"PropertyValueSpecification","valueRequired":true,"valueName":"search_term_string"}}],"inLanguage":"de"},{"@type":"Organization","@id":"https:\/\/ivcie24.comith.eu\/#organization","name":"Ivcie","url":"https:\/\/ivcie24.comith.eu\/","logo":{"@type":"ImageObject","inLanguage":"de","@id":"https:\/\/ivcie24.comith.eu\/#\/schema\/logo\/image\/","url":"https:\/\/ivcie24.comith.eu\/wp-content\/uploads\/2023\/06\/logo-ivcie.svg","contentUrl":"https:\/\/ivcie24.comith.eu\/wp-content\/uploads\/2023\/06\/logo-ivcie.svg","width":"1024","height":"1024","caption":"Ivcie"},"image":{"@id":"https:\/\/ivcie24.comith.eu\/#\/schema\/logo\/image\/"},"sameAs":["https:\/\/www.facebook.com\/Interregionale.verpakkingscommissie"]}]}},"_links":{"self":[{"href":"https:\/\/ivcie24.comith.eu\/de\/wp-json\/wp\/v2\/pages\/1288","targetHints":{"allow":["GET"]}}],"collection":[{"href":"https:\/\/ivcie24.comith.eu\/de\/wp-json\/wp\/v2\/pages"}],"about":[{"href":"https:\/\/ivcie24.comith.eu\/de\/wp-json\/wp\/v2\/types\/page"}],"author":[{"embeddable":true,"href":"https:\/\/ivcie24.comith.eu\/de\/wp-json\/wp\/v2\/users\/1"}],"replies":[{"embeddable":true,"href":"https:\/\/ivcie24.comith.eu\/de\/wp-json\/wp\/v2\/comments?post=1288"}],"version-history":[{"count":20,"href":"https:\/\/ivcie24.comith.eu\/de\/wp-json\/wp\/v2\/pages\/1288\/revisions"}],"predecessor-version":[{"id":2853,"href":"https:\/\/ivcie24.comith.eu\/de\/wp-json\/wp\/v2\/pages\/1288\/revisions\/2853"}],"wp:featuredmedia":[{"embeddable":true,"href":"https:\/\/ivcie24.comith.eu\/de\/wp-json\/wp\/v2\/media\/555"}],"wp:attachment":[{"href":"https:\/\/ivcie24.comith.eu\/de\/wp-json\/wp\/v2\/media?parent=1288"}],"curies":[{"name":"wp","href":"https:\/\/api.w.org\/{rel}","templated":true}]}}