{"id":1291,"date":"2023-06-05T12:17:45","date_gmt":"2023-06-05T10:17:45","guid":{"rendered":"https:\/\/ivcie24.comith.eu\/valipac\/"},"modified":"2023-09-07T10:49:58","modified_gmt":"2023-09-07T08:49:58","slug":"valipac","status":"publish","type":"page","link":"https:\/\/ivcie24.comith.eu\/de\/valipac\/","title":{"rendered":"Valipac"},"content":{"rendered":"<section class=\"wpb-content-wrapper\"><p>[vc_section css_animation=&#8220;none&#8220; el_class=&#8220;pageHeadImage&#8220;][vc_row el_class=&#8220;container&#8220;][vc_column][vc_empty_space][vc_column_text]<\/p>\n<h1>2. Valipac<\/h1>\n<p>[\/vc_column_text][vc_row_inner][vc_column_inner width=&#8220;2\/3&#8243;][vc_empty_space height=&#8220;63px&#8220;][vc_column_text]Am 2. Dezember 2021 hat die Interregionale Verpackungskommission (IVK) Valipac, der Stelle, die f\u00fcr die Bewirtschaftung von Verpackungsabfall industrieller Herkunft zust\u00e4ndig ist, eine erneute Zulassung f\u00fcr 5 Jahre erteilt.<\/p>\n<p>Um die Kreislaufwirtschaft zustande zu bringen, hat die IVK Valipac in Hinblick auf selektive Sammlung, Wiederverwertung in Europa, Vermeidung, \u00d6komodulation, Kreislaufprinzip, Transparenz und Wiederverwendung von gewerblichen Verpackungsabf\u00e4llen ehrgeizige Ziele auferlegt.<\/p>\n<p>Im Jahr 2022 erfolgten die ersten Schritte zur Umsetzung der neuen Zulassung.[\/vc_column_text][vc_empty_space height=&#8220;62px&#8220;][\/vc_column_inner][vc_column_inner width=&#8220;1\/3&#8243;][\/vc_column_inner][\/vc_row_inner][\/vc_column][\/vc_row][\/vc_section][vc_section css_animation=&#8220;none&#8220;][vc_row el_class=&#8220;container&#8220;][vc_column][vc_column_text]<\/p>\n<h3>Mustervertr\u00e4ge mit Betreibern und H\u00e4ndlern<\/h3>\n<p>Im ersten Halbjahr des Zulassungszeitraums 2022-2026 hat Valipac, wie in der Zulassung vorgesehen, den Vertrag mit den Betreibern gr\u00fcndlich \u00fcberarbeitet.<\/p>\n<p>Die verst\u00e4rkte Zusammenarbeit mit H\u00e4ndlern von Verpackungsabf\u00e4llen erforderte die Aufstellung eines neuen Mustervertrags. Schlie\u00dflich wurden zwei Mustervertr\u00e4ge genehmigt, einer f\u00fcr H\u00e4ndler mit Kunststoffabf\u00e4llen und einer f\u00fcr H\u00e4ndler mit Papier und Pappe (befristete Genehmigung).<br \/>\n[\/vc_column_text][vc_column_text]<\/p>\n<h3>Die kumulierbaren Pr\u00e4mien von Valipac f\u00fcr Betreiber und H\u00e4ndler<\/h3>\n<p>Um ein hochwertiges Kunststoffrecycling innerhalb Europas zu erreichen, wurden 2022 f\u00fcr Betreiber und H\u00e4ndler weitere Zulagen eingef\u00fchrt:<\/p>\n<ul>\n<li>eine Pr\u00e4mie f\u00fcr die stoffliche Verwertung innerhalb der Europ\u00e4ische Union (20 EUR\/Tonne),<\/li>\n<li>eine Pr\u00e4mie f\u00fcr die stoffliche Verwertung in Belgien oder in n\u00e4chster N\u00e4he (10 EUR\/Tonne),<\/li>\n<li>eine Pr\u00e4mie f\u00fcr die stoffliche Verwertung bei EuCertPlast-zertifizierten Verwertern (5 EUR\/Tonne).<\/li>\n<\/ul>\n<p>Diese Pr\u00e4mien sind kumulativ und werden Betreibern und H\u00e4ndlern gezahlt, die nachweisen, dass sie Verpackungsabf\u00e4lle belgischen Ursprungs in der EU haben verwerten lassen.<\/p>\n<p>Dieses neue Pr\u00e4miensystem gew\u00e4hrleistet eine l\u00fcckenlose Nachverfolgung der jeweiligen Verwertungsketten. Valipac bleibt somit ein Vorreiter in Europa und h\u00e4lt auch bei der nachgelagerten stofflichen Verwertung weltweit Tuchf\u00fchlung.[\/vc_column_text][vc_column_text]<\/p>\n<h3>Aktionspl\u00e4ne zur Vermeidung und Wiederverwendung<\/h3>\n<p>Wie in den Zulassungsbedingungen vorgesehen, hat Valipac einen Aktionsplan vorgelegt, der Pilotprojekte vorschl\u00e4gt und sie mit flankierenden Ma\u00dfnahmen versieht. Alle Projekte werden zusammen mit den Regionen und den relevanten Sektoren ausgearbeitet.<br \/>\n2022 sind zwei Projekte angelaufen:<\/p>\n<ul>\n<li>die getrennte Sammlung und stoffliche Verwertung von PUR-Spraydosen,<\/li>\n<li>Recycling von Folie zu Folie.<\/li>\n<\/ul>\n<p>Ein umfassender Kommunikationsplan unterst\u00fctzt die weitere Einf\u00fchrung der nach der Auswertung ausgew\u00e4hlten Projekte.<\/p>\n<p>Im Rahmen des Aktionsplans f\u00fchrt Valipac auch Benchmark-Analysen f\u00fcr und in Zusammenarbeit mit den wichtigsten Branchenverb\u00e4nden durch. [\/vc_column_text][\/vc_column][\/vc_row][\/vc_section][vc_section css_animation=&#8220;none&#8220;][vc_row el_class=&#8220;container&#8220;][vc_column][vc_column_text]<\/p>\n<h2><span style=\"text-decoration: underline;\">2.1<\/span> Resultate der <strong>Kartierung 2021<\/strong><\/h2>\n<p>[\/vc_column_text][vc_column_text]Im Rahmen der Kartierung erstattet Valipac der IVK Bericht hinsichtlich der Endbestimmungen der Kunststoffstr\u00f6me.<\/p>\n<p>Die Kartierung zeigt die Recyclingkette vom Sammler und H\u00e4ndler bis zum Endverwerter auf. Insgesamt konnten 63 Kilotonnen der Kette f\u00fcr Kunststoffverpackungsabf\u00e4lle aus der Recyclingkette vollst\u00e4ndig aufgezeigt werden. Dieser Abfall wird in Europa, Asien oder der T\u00fcrkei recycelt. Die Gesamtmenge stieg 2021 um 6.700 Tonnen auf 63.176 Tonnen. Der Anstieg im Vergleich zu 2020 entf\u00e4llt auf Europa (+ 2.900 Tonnen) und Asien (+ 4.500 Tonnen), w\u00e4hrend die T\u00fcrkei leicht an Bedeutung verlor (- 830 Tonnen).[\/vc_column_text][vc_row_inner][vc_column_inner][vc_single_image image=&#8220;2561&#8243; img_size=&#8220;full&#8220; alignment=&#8220;center&#8220; onclick=&#8220;link_image&#8220; css_animation=&#8220;none&#8220; el_class=&#8220;max450&#8243;][\/vc_column_inner][\/vc_row_inner][vc_column_text]Diese Mengen repr\u00e4sentieren 99 % des gesamten industriellen Kunststoffverpackungsabfalls, der von Betreibern, die mit Valipac unter Vertrag stehen, dem Recycling zugef\u00fchrt werden. Valipac ist somit auf dem guten Weg, die in der neuen Zulassung auferlegte 100%ige R\u00fcckverfolgbarkeit zu erreichen.<\/p>\n<p>Auf der Grundlage von Vertr\u00e4gen mit 17 Kunststoffh\u00e4ndlern hat Valipac 2021 und 2022 in der T\u00fcrkei und Asien 35 Audits durchgef\u00fchrt. Valipac und die IVK werten die Ergebnisse gemeinsam aus und arbeiten die k\u00fcnftige Auditstrategie aus.[\/vc_column_text][\/vc_column][\/vc_row][\/vc_section][vc_section css_animation=&#8220;none&#8220;][vc_row el_class=&#8220;container&#8220;][vc_column][vc_column_text]<\/p>\n<h2><span style=\"text-decoration: underline;\">2.2<\/span> Gesamt\u00fcberblick \u00fcber die <strong>Verortung der Endverwertung<\/strong><\/h2>\n<p>[\/vc_column_text][vc_column_text]Die nachstehenden Zahlen wurden von der zugelassenen Stelle Valipac bereitgestellt. Die Zahlen f\u00fcr Kunststoff sind der Kartierung entnommen und darum besonders zuverl\u00e4ssig. Die Detailkartierung wird k\u00fcnftig auf weitere Materialien ausgeweitet.[\/vc_column_text][vc_row_inner][vc_column_inner][vc_single_image image=&#8220;2623&#8243; img_size=&#8220;full&#8220; alignment=&#8220;center&#8220; onclick=&#8220;link_image&#8220; css_animation=&#8220;none&#8220; el_class=&#8220;max450&#8243;][\/vc_column_inner][\/vc_row_inner][\/vc_column][\/vc_row][\/vc_section]<\/p>\n<\/section>","protected":false},"excerpt":{"rendered":"<p>[vc_section css_animation=&#8220;none&#8220; el_class=&#8220;pageHeadImage&#8220;][vc_row el_class=&#8220;container&#8220;][vc_column][vc_empty_space][vc_column_text] 2. Valipac [\/vc_column_text][vc_row_inner][vc_column_inner width=&#8220;2\/3&#8243;][vc_empty_space height=&#8220;63px&#8220;][vc_column_text]Am 2. Dezember 2021 hat die Interregionale Verpackungskommission (IVK) Valipac, der Stelle, die f\u00fcr die Bewirtschaftung von Verpackungsabfall industrieller Herkunft zust\u00e4ndig ist, eine erneute Zulassung f\u00fcr 5 Jahre erteilt. Um die Kreislaufwirtschaft zustande zu bringen, hat die IVK Valipac in Hinblick auf selektive Sammlung, Wiederverwertung in Europa, [&hellip;]<\/p>\n","protected":false},"author":1,"featured_media":76,"parent":0,"menu_order":0,"comment_status":"closed","ping_status":"closed","template":"","meta":{"_acf_changed":false,"inline_featured_image":false,"footnotes":""},"class_list":["post-1291","page","type-page","status-publish","hentry"],"acf":[],"yoast_head":"<!-- This site is optimized with the Yoast SEO plugin v25.3.1 - https:\/\/yoast.com\/wordpress\/plugins\/seo\/ -->\n<title>Valipac | IVC Activiteitenverslag 2022<\/title>\n<meta name=\"robots\" content=\"index, follow, max-snippet:-1, max-image-preview:large, max-video-preview:-1\" \/>\n<link rel=\"canonical\" href=\"https:\/\/ivcie24.comith.eu\/de\/valipac\/\" \/>\n<meta property=\"og:locale\" content=\"de_DE\" \/>\n<meta property=\"og:type\" content=\"article\" \/>\n<meta property=\"og:title\" content=\"Valipac | IVC Activiteitenverslag 2022\" \/>\n<meta property=\"og:description\" content=\"[vc_section css_animation=&#8220;none&#8220; el_class=&#8220;pageHeadImage&#8220;][vc_row el_class=&#8220;container&#8220;][vc_column][vc_empty_space][vc_column_text] 2. Valipac [\/vc_column_text][vc_row_inner][vc_column_inner width=&#8220;2\/3&#8243;][vc_empty_space height=&#8220;63px&#8220;][vc_column_text]Am 2. Dezember 2021 hat die Interregionale Verpackungskommission (IVK) Valipac, der Stelle, die f\u00fcr die Bewirtschaftung von Verpackungsabfall industrieller Herkunft zust\u00e4ndig ist, eine erneute Zulassung f\u00fcr 5 Jahre erteilt. Um die Kreislaufwirtschaft zustande zu bringen, hat die IVK Valipac in Hinblick auf selektive Sammlung, Wiederverwertung in Europa, [&hellip;]\" \/>\n<meta property=\"og:url\" content=\"https:\/\/ivcie24.comith.eu\/de\/valipac\/\" \/>\n<meta property=\"og:site_name\" content=\"IVC Activiteitenverslag 2022\" \/>\n<meta property=\"article:publisher\" content=\"https:\/\/www.facebook.com\/Interregionale.verpakkingscommissie\" \/>\n<meta property=\"article:modified_time\" content=\"2023-09-07T08:49:58+00:00\" \/>\n<meta property=\"og:image\" content=\"https:\/\/ivcie24.comith.eu\/wp-content\/uploads\/2023\/06\/Valipac.jpg\" \/>\n\t<meta property=\"og:image:width\" content=\"1400\" \/>\n\t<meta property=\"og:image:height\" content=\"937\" \/>\n\t<meta property=\"og:image:type\" content=\"image\/jpeg\" \/>\n<meta name=\"twitter:card\" content=\"summary_large_image\" \/>\n<meta name=\"twitter:label1\" content=\"Gesch\u00e4tzte Lesezeit\" \/>\n\t<meta name=\"twitter:data1\" content=\"3\u00a0Minuten\" \/>\n<script type=\"application\/ld+json\" class=\"yoast-schema-graph\">{\"@context\":\"https:\/\/schema.org\",\"@graph\":[{\"@type\":\"WebPage\",\"@id\":\"https:\/\/ivcie24.comith.eu\/de\/valipac\/\",\"url\":\"https:\/\/ivcie24.comith.eu\/de\/valipac\/\",\"name\":\"Valipac | IVC Activiteitenverslag 2022\",\"isPartOf\":{\"@id\":\"https:\/\/ivcie24.comith.eu\/#website\"},\"primaryImageOfPage\":{\"@id\":\"https:\/\/ivcie24.comith.eu\/de\/valipac\/#primaryimage\"},\"image\":{\"@id\":\"https:\/\/ivcie24.comith.eu\/de\/valipac\/#primaryimage\"},\"thumbnailUrl\":\"https:\/\/ivcie24.comith.eu\/wp-content\/uploads\/2023\/06\/Valipac.jpg\",\"datePublished\":\"2023-06-05T10:17:45+00:00\",\"dateModified\":\"2023-09-07T08:49:58+00:00\",\"breadcrumb\":{\"@id\":\"https:\/\/ivcie24.comith.eu\/de\/valipac\/#breadcrumb\"},\"inLanguage\":\"de\",\"potentialAction\":[{\"@type\":\"ReadAction\",\"target\":[\"https:\/\/ivcie24.comith.eu\/de\/valipac\/\"]}]},{\"@type\":\"ImageObject\",\"inLanguage\":\"de\",\"@id\":\"https:\/\/ivcie24.comith.eu\/de\/valipac\/#primaryimage\",\"url\":\"https:\/\/ivcie24.comith.eu\/wp-content\/uploads\/2023\/06\/Valipac.jpg\",\"contentUrl\":\"https:\/\/ivcie24.comith.eu\/wp-content\/uploads\/2023\/06\/Valipac.jpg\",\"width\":1400,\"height\":937},{\"@type\":\"BreadcrumbList\",\"@id\":\"https:\/\/ivcie24.comith.eu\/de\/valipac\/#breadcrumb\",\"itemListElement\":[{\"@type\":\"ListItem\",\"position\":1,\"name\":\"Home\",\"item\":\"https:\/\/ivcie24.comith.eu\/de\/\"},{\"@type\":\"ListItem\",\"position\":2,\"name\":\"Valipac\"}]},{\"@type\":\"WebSite\",\"@id\":\"https:\/\/ivcie24.comith.eu\/#website\",\"url\":\"https:\/\/ivcie24.comith.eu\/\",\"name\":\"Activiteitenverslag Ivcie 2022\",\"description\":\"\",\"publisher\":{\"@id\":\"https:\/\/ivcie24.comith.eu\/#organization\"},\"potentialAction\":[{\"@type\":\"SearchAction\",\"target\":{\"@type\":\"EntryPoint\",\"urlTemplate\":\"https:\/\/ivcie24.comith.eu\/?s={search_term_string}\"},\"query-input\":{\"@type\":\"PropertyValueSpecification\",\"valueRequired\":true,\"valueName\":\"search_term_string\"}}],\"inLanguage\":\"de\"},{\"@type\":\"Organization\",\"@id\":\"https:\/\/ivcie24.comith.eu\/#organization\",\"name\":\"Ivcie\",\"url\":\"https:\/\/ivcie24.comith.eu\/\",\"logo\":{\"@type\":\"ImageObject\",\"inLanguage\":\"de\",\"@id\":\"https:\/\/ivcie24.comith.eu\/#\/schema\/logo\/image\/\",\"url\":\"https:\/\/ivcie24.comith.eu\/wp-content\/uploads\/2023\/06\/logo-ivcie.svg\",\"contentUrl\":\"https:\/\/ivcie24.comith.eu\/wp-content\/uploads\/2023\/06\/logo-ivcie.svg\",\"width\":\"1024\",\"height\":\"1024\",\"caption\":\"Ivcie\"},\"image\":{\"@id\":\"https:\/\/ivcie24.comith.eu\/#\/schema\/logo\/image\/\"},\"sameAs\":[\"https:\/\/www.facebook.com\/Interregionale.verpakkingscommissie\"]}]}<\/script>\n<!-- \/ Yoast SEO plugin. -->","yoast_head_json":{"title":"Valipac | IVC Activiteitenverslag 2022","robots":{"index":"index","follow":"follow","max-snippet":"max-snippet:-1","max-image-preview":"max-image-preview:large","max-video-preview":"max-video-preview:-1"},"canonical":"https:\/\/ivcie24.comith.eu\/de\/valipac\/","og_locale":"de_DE","og_type":"article","og_title":"Valipac | IVC Activiteitenverslag 2022","og_description":"[vc_section css_animation=&#8220;none&#8220; el_class=&#8220;pageHeadImage&#8220;][vc_row el_class=&#8220;container&#8220;][vc_column][vc_empty_space][vc_column_text] 2. Valipac [\/vc_column_text][vc_row_inner][vc_column_inner width=&#8220;2\/3&#8243;][vc_empty_space height=&#8220;63px&#8220;][vc_column_text]Am 2. Dezember 2021 hat die Interregionale Verpackungskommission (IVK) Valipac, der Stelle, die f\u00fcr die Bewirtschaftung von Verpackungsabfall industrieller Herkunft zust\u00e4ndig ist, eine erneute Zulassung f\u00fcr 5 Jahre erteilt. Um die Kreislaufwirtschaft zustande zu bringen, hat die IVK Valipac in Hinblick auf selektive Sammlung, Wiederverwertung in Europa, [&hellip;]","og_url":"https:\/\/ivcie24.comith.eu\/de\/valipac\/","og_site_name":"IVC Activiteitenverslag 2022","article_publisher":"https:\/\/www.facebook.com\/Interregionale.verpakkingscommissie","article_modified_time":"2023-09-07T08:49:58+00:00","og_image":[{"width":1400,"height":937,"url":"https:\/\/ivcie24.comith.eu\/wp-content\/uploads\/2023\/06\/Valipac.jpg","type":"image\/jpeg"}],"twitter_card":"summary_large_image","twitter_misc":{"Gesch\u00e4tzte Lesezeit":"3\u00a0Minuten"},"schema":{"@context":"https:\/\/schema.org","@graph":[{"@type":"WebPage","@id":"https:\/\/ivcie24.comith.eu\/de\/valipac\/","url":"https:\/\/ivcie24.comith.eu\/de\/valipac\/","name":"Valipac | IVC Activiteitenverslag 2022","isPartOf":{"@id":"https:\/\/ivcie24.comith.eu\/#website"},"primaryImageOfPage":{"@id":"https:\/\/ivcie24.comith.eu\/de\/valipac\/#primaryimage"},"image":{"@id":"https:\/\/ivcie24.comith.eu\/de\/valipac\/#primaryimage"},"thumbnailUrl":"https:\/\/ivcie24.comith.eu\/wp-content\/uploads\/2023\/06\/Valipac.jpg","datePublished":"2023-06-05T10:17:45+00:00","dateModified":"2023-09-07T08:49:58+00:00","breadcrumb":{"@id":"https:\/\/ivcie24.comith.eu\/de\/valipac\/#breadcrumb"},"inLanguage":"de","potentialAction":[{"@type":"ReadAction","target":["https:\/\/ivcie24.comith.eu\/de\/valipac\/"]}]},{"@type":"ImageObject","inLanguage":"de","@id":"https:\/\/ivcie24.comith.eu\/de\/valipac\/#primaryimage","url":"https:\/\/ivcie24.comith.eu\/wp-content\/uploads\/2023\/06\/Valipac.jpg","contentUrl":"https:\/\/ivcie24.comith.eu\/wp-content\/uploads\/2023\/06\/Valipac.jpg","width":1400,"height":937},{"@type":"BreadcrumbList","@id":"https:\/\/ivcie24.comith.eu\/de\/valipac\/#breadcrumb","itemListElement":[{"@type":"ListItem","position":1,"name":"Home","item":"https:\/\/ivcie24.comith.eu\/de\/"},{"@type":"ListItem","position":2,"name":"Valipac"}]},{"@type":"WebSite","@id":"https:\/\/ivcie24.comith.eu\/#website","url":"https:\/\/ivcie24.comith.eu\/","name":"Activiteitenverslag Ivcie 2022","description":"","publisher":{"@id":"https:\/\/ivcie24.comith.eu\/#organization"},"potentialAction":[{"@type":"SearchAction","target":{"@type":"EntryPoint","urlTemplate":"https:\/\/ivcie24.comith.eu\/?s={search_term_string}"},"query-input":{"@type":"PropertyValueSpecification","valueRequired":true,"valueName":"search_term_string"}}],"inLanguage":"de"},{"@type":"Organization","@id":"https:\/\/ivcie24.comith.eu\/#organization","name":"Ivcie","url":"https:\/\/ivcie24.comith.eu\/","logo":{"@type":"ImageObject","inLanguage":"de","@id":"https:\/\/ivcie24.comith.eu\/#\/schema\/logo\/image\/","url":"https:\/\/ivcie24.comith.eu\/wp-content\/uploads\/2023\/06\/logo-ivcie.svg","contentUrl":"https:\/\/ivcie24.comith.eu\/wp-content\/uploads\/2023\/06\/logo-ivcie.svg","width":"1024","height":"1024","caption":"Ivcie"},"image":{"@id":"https:\/\/ivcie24.comith.eu\/#\/schema\/logo\/image\/"},"sameAs":["https:\/\/www.facebook.com\/Interregionale.verpakkingscommissie"]}]}},"_links":{"self":[{"href":"https:\/\/ivcie24.comith.eu\/de\/wp-json\/wp\/v2\/pages\/1291","targetHints":{"allow":["GET"]}}],"collection":[{"href":"https:\/\/ivcie24.comith.eu\/de\/wp-json\/wp\/v2\/pages"}],"about":[{"href":"https:\/\/ivcie24.comith.eu\/de\/wp-json\/wp\/v2\/types\/page"}],"author":[{"embeddable":true,"href":"https:\/\/ivcie24.comith.eu\/de\/wp-json\/wp\/v2\/users\/1"}],"replies":[{"embeddable":true,"href":"https:\/\/ivcie24.comith.eu\/de\/wp-json\/wp\/v2\/comments?post=1291"}],"version-history":[{"count":8,"href":"https:\/\/ivcie24.comith.eu\/de\/wp-json\/wp\/v2\/pages\/1291\/revisions"}],"predecessor-version":[{"id":2627,"href":"https:\/\/ivcie24.comith.eu\/de\/wp-json\/wp\/v2\/pages\/1291\/revisions\/2627"}],"wp:featuredmedia":[{"embeddable":true,"href":"https:\/\/ivcie24.comith.eu\/de\/wp-json\/wp\/v2\/media\/76"}],"wp:attachment":[{"href":"https:\/\/ivcie24.comith.eu\/de\/wp-json\/wp\/v2\/media?parent=1291"}],"curies":[{"name":"wp","href":"https:\/\/api.w.org\/{rel}","templated":true}]}}