{"id":1294,"date":"2023-06-05T12:17:59","date_gmt":"2023-06-05T10:17:59","guid":{"rendered":"https:\/\/ivcie24.comith.eu\/fost-plus\/"},"modified":"2023-09-07T13:36:23","modified_gmt":"2023-09-07T11:36:23","slug":"fost-plus","status":"publish","type":"page","link":"https:\/\/ivcie24.comith.eu\/de\/fost-plus\/","title":{"rendered":"Fost Plus"},"content":{"rendered":"<section class=\"wpb-content-wrapper\"><p>[vc_section css_animation=&#8220;none&#8220; el_class=&#8220;pageHeadImage&#8220;][vc_row el_class=&#8220;container&#8220;][vc_column][vc_empty_space][vc_column_text]<\/p>\n<h1>3. Fost Plus<\/h1>\n<p>[\/vc_column_text][vc_row_inner][vc_column_inner width=&#8220;2\/3&#8243;][vc_empty_space height=&#8220;75px&#8220;][vc_column_text]<\/p>\n<h2><span style=\"text-decoration: underline;\">3.1<\/span> Vorbereitungen zur <strong>erneuten Zulassung <\/strong><\/h2>\n<p>[\/vc_column_text][vc_column_text]Der Antrag auf die erneute Zulassung von Fost Plus wurde Mitte 2023 eingereicht. 2022 hat die IVK Vorbereitungen getroffen, wie ihre Erwartungen an den Antrag von Fost Plus auf Neuzulassung zu formulieren sind. Auf diese Weise hofft die IVK, so bald wie m\u00f6glich mit Fost Plus und den Interessenvertretern in Kontakt zu treten.<\/p>\n<p>So wurde eine Studie durchgef\u00fchrt, um die Zusammenstellung des Stroms Papier\/Pappe einer erneuten Analyse zu unterziehen und die Kosten f\u00fcr die Sammlung dieses Stroms nach Verpackungsabfall und Nichtverpackungsabfall aufzuschl\u00fcsseln. Auch wurde an der ECO-Fee-Modulierung der Tarife gearbeitet, insbesondere an dem Tarif zur Abschreckung der Verwendung von l\u00e4stigen oder nicht wiederverwertbaren Verpackungen und an der Geb\u00fchr f\u00fcr Verpackungen in den Str\u00f6men gef\u00e4hrlicher Haushaltsverpackungen.[\/vc_column_text][\/vc_column_inner][vc_column_inner width=&#8220;1\/3&#8243;][\/vc_column_inner][\/vc_row_inner][\/vc_column][\/vc_row][\/vc_section][vc_section css_animation=&#8220;none&#8220;][vc_row el_class=&#8220;container&#8220;][vc_column][vc_column_text]<\/p>\n<h2><span style=\"text-decoration: underline;\">3.2<\/span> <strong>Sortierung<\/strong> und <strong>stoffliche Verwertung<\/strong><\/h2>\n<p>[\/vc_column_text][vc_column_text]Seit Ende 2021 ist der neue blaue Sack mit erweitertem Inhalt in ganz Belgien in Gebrauch. Der neue blaue Sack wird ab 2023 in mindestens 16 Fraktionen sortiert, um so ein m\u00f6glichst hochwertiges Recycling zu gew\u00e4hrleisten. Die neuen Sortierzentren gingen 2021 und 2022 in Betrieb.<\/p>\n<p>Die jeweiligen Fraktionen sind:[\/vc_column_text][\/vc_column][\/vc_row][vc_row content_placement=&#8220;middle&#8220; el_class=&#8220;container&#8220;][vc_column width=&#8220;1\/2&#8243;][vc_column_text]<\/p>\n<ul>\n<li>Transparente PET-Flaschen farblos<\/li>\n<li>Transparente PET-Flaschen blau<\/li>\n<li>Transparente PET-Flaschen sonstige Farben<\/li>\n<li>PET opak (Flaschen)<\/li>\n<li>PET-Schalen<\/li>\n<li>HDPE<\/li>\n<li>PP<\/li>\n<li>PS<\/li>\n<\/ul>\n<p>[\/vc_column_text][\/vc_column][vc_column width=&#8220;1\/2&#8243;][vc_column_text]<\/p>\n<ul>\n<li>PO-Mischungen<\/li>\n<li>PE-Folien<\/li>\n<li>Sonstige Folien<\/li>\n<li>Getr\u00e4nkekartons<\/li>\n<li>Eisenhaltige Metalle<\/li>\n<li>Aluminium<\/li>\n<li>Aluminium-Kleinteile<\/li>\n<li>R\u00fcckst\u00e4nde<\/li>\n<\/ul>\n<p>[\/vc_column_text][\/vc_column][\/vc_row][vc_row el_class=&#8220;container&#8220;][vc_column][vc_column_text]Die aus den Sortierzentren kommenden hochwertigen Fraktionen m\u00fcssen auch so hochwertig wie m\u00f6glich recycelt werden.<\/p>\n<p>F\u00fcr Kunststoffe hat Fost Plus deshalb neue Verwertungsm\u00e4rkte beschafft, um f\u00fcr eine m\u00f6glichst weitgehende Verwertung nach dem Kreislaufprinzip zu sorgen. Gleichzeitig ist man zunehmend bestrebt, m\u00f6glichst viel der Wiederverwertung in Belgien stattfinden zu lassen. Das geschieht durch den Bau neuer Wiederverwertungsanlagen, die bereits in Betrieb genommen wurden oder 2023 und 2024 anlaufen sollen.[\/vc_column_text][\/vc_column][\/vc_row][\/vc_section][vc_section css_animation=&#8220;none&#8220;][vc_row el_class=&#8220;container&#8220;][vc_column][vc_column_text]<\/p>\n<h3>3.2.1 Sortierzentren<\/h3>\n<p>Das Sortieren des erweiterten PMD-Stroms soll vollst\u00e4ndig im eigenen Land stattfinden. Daf\u00fcr wurden bereits \u00fcber das ganze Land verteilt vier neue Sortierzentren gebaut. Anfang 2023 nahm ein f\u00fcnftes Sortierzentrum, Sitel (Engis), den Betrieb auf.[\/vc_column_text][vc_row_inner equal_height=&#8220;yes&#8220; rtl_reverse=&#8220;yes&#8220; el_class=&#8220;switchBeforeMobile&#8220;][vc_column_inner width=&#8220;1\/3&#8243;][vc_column_text el_class=&#8220;noGreenDots&#8220;]<strong>Indaver<\/strong><\/p>\n<ul>\n<li>Willebroek<\/li>\n<li>Seit Dezember 2020 in Betrieb<\/li>\n<li>Tonnen pro Jahr: 60.000 Tonnen<\/li>\n<\/ul>\n<p><strong>Valtris<\/strong><\/p>\n<ul>\n<li>Couillet (Charleroi)<\/li>\n<li>Seit Juni 2021 in Betrieb<\/li>\n<li>Tonnen pro Jahr: 40.000 Tonnen<\/li>\n<\/ul>\n<p><strong>Val\u2019Up<\/strong><\/p>\n<ul>\n<li>Ghlin (Mons)<\/li>\n<li>Seit dem vierten Quartal 2021 in Betrieb<\/li>\n<li>Tonnen pro Jahr: 50.000 Tonnen<\/li>\n<\/ul>\n<p><strong>Prezero<\/strong><\/p>\n<ul>\n<li>Evergem<\/li>\n<li>Seit Januar 2021 in Betrieb<\/li>\n<li>Tonnen pro Jahr: 78.000 Tonnen<\/li>\n<\/ul>\n<p><strong>Sitel<\/strong><\/p>\n<ul>\n<li>Engis (Hermalle-sous-Huy)<\/li>\n<li>Seit dem ersten Quartal 2023 in Betrieb<\/li>\n<li>Tonnen pro Jahr: fast 40.000 Tonnen<\/li>\n<\/ul>\n<p>[\/vc_column_text][\/vc_column_inner][vc_column_inner width=&#8220;2\/3&#8243;][vc_raw_html]JTNDZGl2JTIwY2xhc3MlM0QlMjJtYXAlMjIlM0UlMEElMjAlMjAlMjAlMjAlM0NpbWclMjBzcmMlM0QlMjIlMkZ3cC1jb250ZW50JTJGdXBsb2FkcyUyRjIwMjMlMkYwNiUyRkthYXJ0X0JlbGdpZS5wbmclMjIlM0UlMEElMjAlMjAlMjAlMjAlM0NkaXYlMjBjbGFzcyUzRCUyMm1hcmtlciUyMiUyMGlkJTNEJTIyaW5kYXZlciUyMiUzRSUzQ2ltZyUyMHNyYyUzRCUyMiUyRndwLWNvbnRlbnQlMkZ1cGxvYWRzJTJGMjAyMyUyRjA2JTJGbG9jYXRvci5wbmclMjIlM0UlM0MlMkZkaXYlM0UlMEElMjAlMjAlMjAlMjAlM0NkaXYlMjBjbGFzcyUzRCUyMm1hcmtlciUyMiUyMGlkJTNEJTIydmFsdHJpcyUyMiUzRSUzQ2ltZyUyMHNyYyUzRCUyMiUyRndwLWNvbnRlbnQlMkZ1cGxvYWRzJTJGMjAyMyUyRjA2JTJGbG9jYXRvci5wbmclMjIlM0UlM0MlMkZkaXYlM0UlMEElMjAlMjAlMjAlMjAlM0NkaXYlMjBjbGFzcyUzRCUyMm1hcmtlciUyMiUyMGlkJTNEJTIydmFsdXAlMjIlM0UlM0NpbWclMjBzcmMlM0QlMjIlMkZ3cC1jb250ZW50JTJGdXBsb2FkcyUyRjIwMjMlMkYwNiUyRmxvY2F0b3IucG5nJTIyJTNFJTNDJTJGZGl2JTNFJTBBJTIwJTIwJTIwJTIwJTNDZGl2JTIwY2xhc3MlM0QlMjJtYXJrZXIlMjIlMjBpZCUzRCUyMnByZXplcm8lMjIlM0UlM0NpbWclMjBzcmMlM0QlMjIlMkZ3cC1jb250ZW50JTJGdXBsb2FkcyUyRjIwMjMlMkYwNiUyRmxvY2F0b3IucG5nJTIyJTNFJTNDJTJGZGl2JTNFJTBBJTIwJTIwJTIwJTIwJTNDZGl2JTIwY2xhc3MlM0QlMjJtYXJrZXIlMjIlMjBpZCUzRCUyMnNpdGVsJTIyJTNFJTNDaW1nJTIwc3JjJTNEJTIyJTJGd3AtY29udGVudCUyRnVwbG9hZHMlMkYyMDIzJTJGMDYlMkZsb2NhdG9yLnBuZyUyMiUzRSUzQyUyRmRpdiUzRSUwQSUzQyUyRmRpdiUzRQ==[\/vc_raw_html][\/vc_column_inner][\/vc_row_inner][vc_column_text]Auch das bereits bestehende Sortierzentrum Vanheede (Rumbeke) wird f\u00fcr die Sortierung des neuen PMD-Anteils eingeschaltet und ist unter anderem auf die Sortierung aus PMD-Unternehmen und das Nachsortieren von PMD-Resten spezialisiert.[\/vc_column_text][\/vc_column][\/vc_row][\/vc_section][vc_section css_animation=&#8220;none&#8220;][vc_row el_class=&#8220;container&#8220;][vc_column][vc_column_text]<\/p>\n<h3><\/h3>\n<h3>3.2.2 Abfallverwertungsanlage<\/h3>\n<p>Mit dem Neubau (oder Umbau) von Abfallverwertungsanlagen in Belgien und dem Abschluss langfristiger Vertr\u00e4ge werden die verschiedenen Kunststoffstr\u00f6me einer hochwertigen Verarbeitung zugef\u00fchrt. Damit setzt Belgien auf die Verwertung im eigenen Land, um so optimale Qualit\u00e4t und Kontrolle garantieren zu k\u00f6nnen.[\/vc_column_text][vc_row_inner equal_height=&#8220;yes&#8220; rtl_reverse=&#8220;yes&#8220; el_class=&#8220;switchBeforeMobile&#8220;][vc_column_inner width=&#8220;1\/3&#8243;][vc_column_text el_class=&#8220;noGreenDots&#8220;]<strong>Ecoo Houthalen<br \/>\n<\/strong>Stoffliche Verwertung von Mischkunststoffen. MPO (gemischte Polyfine) und Mischfolien (au\u00dfer PE-Folien). Mischfolien und MPO-Kunststoffe werden zu MPO-Regranulat mit einer Korngr\u00f6\u00dfe von 400-2000 Micron, MPO-Agglomerat und Mahlgut f\u00fcr die Industrie zur Herstellung von Kompostierern, nachhaltigen Gartenbord\u00fcren und B\u00e4nken aufbereitet.<\/p>\n<ul>\n<li>Houthalen-Helchteren<\/li>\n<li>Neue Linie seit Januar 2021 in Betrieb<\/li>\n<li>Tonnen pro Jahr: 35.000 Tonnen<\/li>\n<\/ul>\n<p>&nbsp;<\/p>\n<p><strong>Ecoo Beringen<br \/>\n<\/strong>Stoffliche Verwertung von PE-Folien. Verpackungsfolien aus Haushalten werden zu M\u00fcllbeuteln, Verpackungsfolien oder sonstigen Folienanwendungen wiederaufbereitet.<\/p>\n<ul>\n<li>Beringen<\/li>\n<li>Seit Mai 2022 in Betrieb<\/li>\n<li>Tonnen pro Jahr: 42.000 Tonnen<\/li>\n<\/ul>\n<p>&nbsp;<\/p>\n<p><strong>Filao<br \/>\n<\/strong>Stoffliche Verwertung von PET-Flaschen. Hier werden blaue und farblose transparente PET-Flaschen zu hochwertigem, verbrauchersicherem PET f\u00fcr Lebensmittelzwecke verwertet. Das recycelte PET oder rPET gelangt anschlie\u00dfend unter anderem in Form von Flaschen wieder auf den belgischen Markt, gef\u00fcllt mit Quellwasser der verschiedenen Marken von Sources ALMA und deren Vertriebspartner.<\/p>\n<ul>\n<li>Couillet (Charleroi)<\/li>\n<li>Seit Mai 2023 in Betrieb<\/li>\n<li>Tonnen pro Jahr: 40.000 Tonnen<\/li>\n<\/ul>\n<p>[\/vc_column_text][vc_empty_space][\/vc_column_inner][vc_column_inner width=&#8220;2\/3&#8243;][vc_empty_space height=&#8220;150px&#8220;][vc_raw_html]JTNDZGl2JTIwY2xhc3MlM0QlMjJtYXAlMjIlM0UlMEElMjAlMjAlMjAlMjAlM0NpbWclMjBzcmMlM0QlMjIlMkZ3cC1jb250ZW50JTJGdXBsb2FkcyUyRjIwMjMlMkYwNiUyRkthYXJ0X0JlbGdpZS5wbmclMjIlM0UlMEElMjAlMjAlMjAlMjAlM0NkaXYlMjBpZCUzRCUyMmhvdXRoYWxlbiUyMiUyMGNsYXNzJTNEJTIybWFya2VyJTIyJTNFJTNDaW1nJTIwc3JjJTNEJTIyJTJGd3AtY29udGVudCUyRnVwbG9hZHMlMkYyMDIzJTJGMDYlMkZsb2NhdG9yLnBuZyUyMiUzRSUzQyUyRmRpdiUzRSUwQSUyMCUyMCUyMCUyMCUzQ2RpdiUyMGlkJTNEJTIyYmVyaW5nZW4lMjIlMjBjbGFzcyUzRCUyMm1hcmtlciUyMiUzRSUzQ2ltZyUyMHNyYyUzRCUyMiUyRndwLWNvbnRlbnQlMkZ1cGxvYWRzJTJGMjAyMyUyRjA2JTJGbG9jYXRvci5wbmclMjIlM0UlM0MlMkZkaXYlM0UlMEElMjAlMjAlMjAlMjAlM0NkaXYlMjBpZCUzRCUyMmZpbGFvJTIyJTIwY2xhc3MlM0QlMjJtYXJrZXIlMjIlM0UlM0NpbWclMjBzcmMlM0QlMjIlMkZ3cC1jb250ZW50JTJGdXBsb2FkcyUyRjIwMjMlMkYwNiUyRmxvY2F0b3IucG5nJTIyJTNFJTNDJTJGZGl2JTNFJTBBJTIwJTIwJTIwJTIwJTNDZGl2JTIwaWQlM0QlMjJtb3BldCUyMiUyMGNsYXNzJTNEJTIybWFya2VyJTIyJTNFJTNDaW1nJTIwc3JjJTNEJTIyJTJGd3AtY29udGVudCUyRnVwbG9hZHMlMkYyMDIzJTJGMDYlMkZsb2NhdG9yLnBuZyUyMiUzRSUzQyUyRmRpdiUzRSUwQSUzQyUyRmRpdiUzRQ==[\/vc_raw_html][\/vc_column_inner][\/vc_row_inner][vc_column_text el_class=&#8220;noGreenDots&#8220;]<strong>Mopet Belgique<br \/>\n<\/strong>Stoffliche Verwertung von PET-Schalen, blauen und andersfarbigen transparenten und auch opaken PET-Flaschen. Die PET-Schalen werden wieder zu PET-Schalen, die Flaschen wieder zu Flaschen. Ein sehr hoher Anteil dieser neuen Produkte gelangt wieder auf den belgischen Markt.<\/p>\n<ul>\n<li>Neufch\u00e2teau<\/li>\n<li>Geht 2024 in Betrieb<\/li>\n<li>Tonnen pro Jahr: 28.000 Tonnen<\/li>\n<\/ul>\n<p>&nbsp;<\/p>\n<p>Auch f\u00fcr PP und HDPE wird es eine neue Verwertungsanlage in Lommel geben.<br \/>\nDiese geht Ende 2024 in Betrieb.[\/vc_column_text][\/vc_column][\/vc_row][\/vc_section][vc_section css_animation=&#8220;none&#8220;][vc_row el_class=&#8220;container&#8220;][vc_column][vc_column_text]<\/p>\n<h3>3.2.3 Stofflichen Verwertung Stand 2021<\/h3>\n<p>[\/vc_column_text][vc_column_text]Bereits jetzt wird der Verpackungsabfall von Fost Plus ausschlie\u00dflich in der Europ\u00e4ischen Union verwertet und 82 % davon selbst in Belgien.[\/vc_column_text][vc_single_image image=&#8220;2672&#8243; img_size=&#8220;full&#8220; alignment=&#8220;center&#8220; onclick=&#8220;link_image&#8220; el_class=&#8220;max1000&#8243;][vc_empty_space height=&#8220;75px&#8220;][\/vc_column][\/vc_row][vc_row el_class=&#8220;container&#8220;][vc_column el_class=&#8220;center&#8220;][vc_column_text]2021 wurden nur 10 % des Kunststoffabfalls in Belgien (in einer Recyclinganlage) verwertet. Dies erkl\u00e4rt sich dadurch, dass unsere neuen Verwertungsanlangen gro\u00dfenteils noch in Bau waren.[\/vc_column_text][vc_single_image image=&#8220;2676&#8243; img_size=&#8220;large&#8220; alignment=&#8220;center&#8220; onclick=&#8220;link_image&#8220;][\/vc_column][\/vc_row][\/vc_section]<\/p>\n<\/section>","protected":false},"excerpt":{"rendered":"<p>[vc_section css_animation=&#8220;none&#8220; el_class=&#8220;pageHeadImage&#8220;][vc_row el_class=&#8220;container&#8220;][vc_column][vc_empty_space][vc_column_text] 3. Fost Plus [\/vc_column_text][vc_row_inner][vc_column_inner width=&#8220;2\/3&#8243;][vc_empty_space height=&#8220;75px&#8220;][vc_column_text] 3.1 Vorbereitungen zur erneuten Zulassung [\/vc_column_text][vc_column_text]Der Antrag auf die erneute Zulassung von Fost Plus wurde Mitte 2023 eingereicht. 2022 hat die IVK Vorbereitungen getroffen, wie ihre Erwartungen an den Antrag von Fost Plus auf Neuzulassung zu formulieren sind. Auf diese Weise hofft die IVK, so [&hellip;]<\/p>\n","protected":false},"author":1,"featured_media":372,"parent":0,"menu_order":0,"comment_status":"closed","ping_status":"closed","template":"","meta":{"_acf_changed":false,"inline_featured_image":false,"footnotes":""},"class_list":["post-1294","page","type-page","status-publish","hentry"],"acf":[],"yoast_head":"<!-- This site is optimized with the Yoast SEO plugin v25.3.1 - https:\/\/yoast.com\/wordpress\/plugins\/seo\/ -->\n<title>Fost Plus | IVC Activiteitenverslag 2022<\/title>\n<meta name=\"robots\" content=\"index, follow, max-snippet:-1, max-image-preview:large, max-video-preview:-1\" \/>\n<link rel=\"canonical\" href=\"https:\/\/ivcie24.comith.eu\/de\/fost-plus\/\" \/>\n<meta property=\"og:locale\" content=\"de_DE\" \/>\n<meta property=\"og:type\" content=\"article\" \/>\n<meta property=\"og:title\" content=\"Fost Plus | IVC Activiteitenverslag 2022\" \/>\n<meta property=\"og:description\" content=\"[vc_section css_animation=&#8220;none&#8220; el_class=&#8220;pageHeadImage&#8220;][vc_row el_class=&#8220;container&#8220;][vc_column][vc_empty_space][vc_column_text] 3. Fost Plus [\/vc_column_text][vc_row_inner][vc_column_inner width=&#8220;2\/3&#8243;][vc_empty_space height=&#8220;75px&#8220;][vc_column_text] 3.1 Vorbereitungen zur erneuten Zulassung [\/vc_column_text][vc_column_text]Der Antrag auf die erneute Zulassung von Fost Plus wurde Mitte 2023 eingereicht. 2022 hat die IVK Vorbereitungen getroffen, wie ihre Erwartungen an den Antrag von Fost Plus auf Neuzulassung zu formulieren sind. Auf diese Weise hofft die IVK, so [&hellip;]\" \/>\n<meta property=\"og:url\" content=\"https:\/\/ivcie24.comith.eu\/de\/fost-plus\/\" \/>\n<meta property=\"og:site_name\" content=\"IVC Activiteitenverslag 2022\" \/>\n<meta property=\"article:publisher\" content=\"https:\/\/www.facebook.com\/Interregionale.verpakkingscommissie\" \/>\n<meta property=\"article:modified_time\" content=\"2023-09-07T11:36:23+00:00\" \/>\n<meta property=\"og:image\" content=\"https:\/\/ivcie24.comith.eu\/wp-content\/uploads\/2023\/06\/FostPlus.jpg\" \/>\n\t<meta property=\"og:image:width\" content=\"1400\" \/>\n\t<meta property=\"og:image:height\" content=\"938\" \/>\n\t<meta property=\"og:image:type\" content=\"image\/jpeg\" \/>\n<meta name=\"twitter:card\" content=\"summary_large_image\" \/>\n<meta name=\"twitter:label1\" content=\"Gesch\u00e4tzte Lesezeit\" \/>\n\t<meta name=\"twitter:data1\" content=\"4\u00a0Minuten\" \/>\n<script type=\"application\/ld+json\" class=\"yoast-schema-graph\">{\"@context\":\"https:\/\/schema.org\",\"@graph\":[{\"@type\":\"WebPage\",\"@id\":\"https:\/\/ivcie24.comith.eu\/de\/fost-plus\/\",\"url\":\"https:\/\/ivcie24.comith.eu\/de\/fost-plus\/\",\"name\":\"Fost Plus | IVC Activiteitenverslag 2022\",\"isPartOf\":{\"@id\":\"https:\/\/ivcie24.comith.eu\/#website\"},\"primaryImageOfPage\":{\"@id\":\"https:\/\/ivcie24.comith.eu\/de\/fost-plus\/#primaryimage\"},\"image\":{\"@id\":\"https:\/\/ivcie24.comith.eu\/de\/fost-plus\/#primaryimage\"},\"thumbnailUrl\":\"https:\/\/ivcie24.comith.eu\/wp-content\/uploads\/2023\/06\/FostPlus.jpg\",\"datePublished\":\"2023-06-05T10:17:59+00:00\",\"dateModified\":\"2023-09-07T11:36:23+00:00\",\"breadcrumb\":{\"@id\":\"https:\/\/ivcie24.comith.eu\/de\/fost-plus\/#breadcrumb\"},\"inLanguage\":\"de\",\"potentialAction\":[{\"@type\":\"ReadAction\",\"target\":[\"https:\/\/ivcie24.comith.eu\/de\/fost-plus\/\"]}]},{\"@type\":\"ImageObject\",\"inLanguage\":\"de\",\"@id\":\"https:\/\/ivcie24.comith.eu\/de\/fost-plus\/#primaryimage\",\"url\":\"https:\/\/ivcie24.comith.eu\/wp-content\/uploads\/2023\/06\/FostPlus.jpg\",\"contentUrl\":\"https:\/\/ivcie24.comith.eu\/wp-content\/uploads\/2023\/06\/FostPlus.jpg\",\"width\":1400,\"height\":938},{\"@type\":\"BreadcrumbList\",\"@id\":\"https:\/\/ivcie24.comith.eu\/de\/fost-plus\/#breadcrumb\",\"itemListElement\":[{\"@type\":\"ListItem\",\"position\":1,\"name\":\"Home\",\"item\":\"https:\/\/ivcie24.comith.eu\/de\/\"},{\"@type\":\"ListItem\",\"position\":2,\"name\":\"Fost Plus\"}]},{\"@type\":\"WebSite\",\"@id\":\"https:\/\/ivcie24.comith.eu\/#website\",\"url\":\"https:\/\/ivcie24.comith.eu\/\",\"name\":\"Activiteitenverslag Ivcie 2022\",\"description\":\"\",\"publisher\":{\"@id\":\"https:\/\/ivcie24.comith.eu\/#organization\"},\"potentialAction\":[{\"@type\":\"SearchAction\",\"target\":{\"@type\":\"EntryPoint\",\"urlTemplate\":\"https:\/\/ivcie24.comith.eu\/?s={search_term_string}\"},\"query-input\":{\"@type\":\"PropertyValueSpecification\",\"valueRequired\":true,\"valueName\":\"search_term_string\"}}],\"inLanguage\":\"de\"},{\"@type\":\"Organization\",\"@id\":\"https:\/\/ivcie24.comith.eu\/#organization\",\"name\":\"Ivcie\",\"url\":\"https:\/\/ivcie24.comith.eu\/\",\"logo\":{\"@type\":\"ImageObject\",\"inLanguage\":\"de\",\"@id\":\"https:\/\/ivcie24.comith.eu\/#\/schema\/logo\/image\/\",\"url\":\"https:\/\/ivcie24.comith.eu\/wp-content\/uploads\/2023\/06\/logo-ivcie.svg\",\"contentUrl\":\"https:\/\/ivcie24.comith.eu\/wp-content\/uploads\/2023\/06\/logo-ivcie.svg\",\"width\":\"1024\",\"height\":\"1024\",\"caption\":\"Ivcie\"},\"image\":{\"@id\":\"https:\/\/ivcie24.comith.eu\/#\/schema\/logo\/image\/\"},\"sameAs\":[\"https:\/\/www.facebook.com\/Interregionale.verpakkingscommissie\"]}]}<\/script>\n<!-- \/ Yoast SEO plugin. -->","yoast_head_json":{"title":"Fost Plus | IVC Activiteitenverslag 2022","robots":{"index":"index","follow":"follow","max-snippet":"max-snippet:-1","max-image-preview":"max-image-preview:large","max-video-preview":"max-video-preview:-1"},"canonical":"https:\/\/ivcie24.comith.eu\/de\/fost-plus\/","og_locale":"de_DE","og_type":"article","og_title":"Fost Plus | IVC Activiteitenverslag 2022","og_description":"[vc_section css_animation=&#8220;none&#8220; el_class=&#8220;pageHeadImage&#8220;][vc_row el_class=&#8220;container&#8220;][vc_column][vc_empty_space][vc_column_text] 3. Fost Plus [\/vc_column_text][vc_row_inner][vc_column_inner width=&#8220;2\/3&#8243;][vc_empty_space height=&#8220;75px&#8220;][vc_column_text] 3.1 Vorbereitungen zur erneuten Zulassung [\/vc_column_text][vc_column_text]Der Antrag auf die erneute Zulassung von Fost Plus wurde Mitte 2023 eingereicht. 2022 hat die IVK Vorbereitungen getroffen, wie ihre Erwartungen an den Antrag von Fost Plus auf Neuzulassung zu formulieren sind. Auf diese Weise hofft die IVK, so [&hellip;]","og_url":"https:\/\/ivcie24.comith.eu\/de\/fost-plus\/","og_site_name":"IVC Activiteitenverslag 2022","article_publisher":"https:\/\/www.facebook.com\/Interregionale.verpakkingscommissie","article_modified_time":"2023-09-07T11:36:23+00:00","og_image":[{"width":1400,"height":938,"url":"https:\/\/ivcie24.comith.eu\/wp-content\/uploads\/2023\/06\/FostPlus.jpg","type":"image\/jpeg"}],"twitter_card":"summary_large_image","twitter_misc":{"Gesch\u00e4tzte Lesezeit":"4\u00a0Minuten"},"schema":{"@context":"https:\/\/schema.org","@graph":[{"@type":"WebPage","@id":"https:\/\/ivcie24.comith.eu\/de\/fost-plus\/","url":"https:\/\/ivcie24.comith.eu\/de\/fost-plus\/","name":"Fost Plus | IVC Activiteitenverslag 2022","isPartOf":{"@id":"https:\/\/ivcie24.comith.eu\/#website"},"primaryImageOfPage":{"@id":"https:\/\/ivcie24.comith.eu\/de\/fost-plus\/#primaryimage"},"image":{"@id":"https:\/\/ivcie24.comith.eu\/de\/fost-plus\/#primaryimage"},"thumbnailUrl":"https:\/\/ivcie24.comith.eu\/wp-content\/uploads\/2023\/06\/FostPlus.jpg","datePublished":"2023-06-05T10:17:59+00:00","dateModified":"2023-09-07T11:36:23+00:00","breadcrumb":{"@id":"https:\/\/ivcie24.comith.eu\/de\/fost-plus\/#breadcrumb"},"inLanguage":"de","potentialAction":[{"@type":"ReadAction","target":["https:\/\/ivcie24.comith.eu\/de\/fost-plus\/"]}]},{"@type":"ImageObject","inLanguage":"de","@id":"https:\/\/ivcie24.comith.eu\/de\/fost-plus\/#primaryimage","url":"https:\/\/ivcie24.comith.eu\/wp-content\/uploads\/2023\/06\/FostPlus.jpg","contentUrl":"https:\/\/ivcie24.comith.eu\/wp-content\/uploads\/2023\/06\/FostPlus.jpg","width":1400,"height":938},{"@type":"BreadcrumbList","@id":"https:\/\/ivcie24.comith.eu\/de\/fost-plus\/#breadcrumb","itemListElement":[{"@type":"ListItem","position":1,"name":"Home","item":"https:\/\/ivcie24.comith.eu\/de\/"},{"@type":"ListItem","position":2,"name":"Fost Plus"}]},{"@type":"WebSite","@id":"https:\/\/ivcie24.comith.eu\/#website","url":"https:\/\/ivcie24.comith.eu\/","name":"Activiteitenverslag Ivcie 2022","description":"","publisher":{"@id":"https:\/\/ivcie24.comith.eu\/#organization"},"potentialAction":[{"@type":"SearchAction","target":{"@type":"EntryPoint","urlTemplate":"https:\/\/ivcie24.comith.eu\/?s={search_term_string}"},"query-input":{"@type":"PropertyValueSpecification","valueRequired":true,"valueName":"search_term_string"}}],"inLanguage":"de"},{"@type":"Organization","@id":"https:\/\/ivcie24.comith.eu\/#organization","name":"Ivcie","url":"https:\/\/ivcie24.comith.eu\/","logo":{"@type":"ImageObject","inLanguage":"de","@id":"https:\/\/ivcie24.comith.eu\/#\/schema\/logo\/image\/","url":"https:\/\/ivcie24.comith.eu\/wp-content\/uploads\/2023\/06\/logo-ivcie.svg","contentUrl":"https:\/\/ivcie24.comith.eu\/wp-content\/uploads\/2023\/06\/logo-ivcie.svg","width":"1024","height":"1024","caption":"Ivcie"},"image":{"@id":"https:\/\/ivcie24.comith.eu\/#\/schema\/logo\/image\/"},"sameAs":["https:\/\/www.facebook.com\/Interregionale.verpakkingscommissie"]}]}},"_links":{"self":[{"href":"https:\/\/ivcie24.comith.eu\/de\/wp-json\/wp\/v2\/pages\/1294","targetHints":{"allow":["GET"]}}],"collection":[{"href":"https:\/\/ivcie24.comith.eu\/de\/wp-json\/wp\/v2\/pages"}],"about":[{"href":"https:\/\/ivcie24.comith.eu\/de\/wp-json\/wp\/v2\/types\/page"}],"author":[{"embeddable":true,"href":"https:\/\/ivcie24.comith.eu\/de\/wp-json\/wp\/v2\/users\/1"}],"replies":[{"embeddable":true,"href":"https:\/\/ivcie24.comith.eu\/de\/wp-json\/wp\/v2\/comments?post=1294"}],"version-history":[{"count":10,"href":"https:\/\/ivcie24.comith.eu\/de\/wp-json\/wp\/v2\/pages\/1294\/revisions"}],"predecessor-version":[{"id":2680,"href":"https:\/\/ivcie24.comith.eu\/de\/wp-json\/wp\/v2\/pages\/1294\/revisions\/2680"}],"wp:featuredmedia":[{"embeddable":true,"href":"https:\/\/ivcie24.comith.eu\/de\/wp-json\/wp\/v2\/media\/372"}],"wp:attachment":[{"href":"https:\/\/ivcie24.comith.eu\/de\/wp-json\/wp\/v2\/media?parent=1294"}],"curies":[{"name":"wp","href":"https:\/\/api.w.org\/{rel}","templated":true}]}}