{"id":775,"date":"2023-06-05T10:11:32","date_gmt":"2023-06-05T08:11:32","guid":{"rendered":"https:\/\/ivcie24.comith.eu\/woord-van-de-voorzitster-en-de-directeur\/"},"modified":"2023-09-06T09:34:49","modified_gmt":"2023-09-06T07:34:49","slug":"mot-de-la-presidente-et-du-directeur","status":"publish","type":"page","link":"https:\/\/ivcie24.comith.eu\/fr\/mot-de-la-presidente-et-du-directeur\/","title":{"rendered":"Mot de la Pr\u00e9sidente et <br>du Directeur"},"content":{"rendered":"<section class=\"wpb-content-wrapper\"><p>[vc_section el_class=\u00a0\u00bbpageHeadImage\u00a0\u00bb][vc_row el_class=\u00a0\u00bbcontainer\u00a0\u00bb][vc_column][vc_empty_space][vc_column_text]<\/p>\n<h1>Mot de la Pr\u00e9sidente et du Directeur<\/h1>\n<p>[\/vc_column_text][\/vc_column][\/vc_row][vc_row el_class=\u00a0\u00bbcontainer\u00a0\u00bb][vc_column width=\u00a0\u00bb2\/3&Prime;][vc_column_text css=\u00a0\u00bb.vc_custom_1689072963614{padding-top: 50px !important;padding-bottom: 50px !important;}\u00a0\u00bb]L\u2019ambitieux nouvel agr\u00e9ment de Valipac \u00e0 peine mis en \u0153uvre, voil\u00e0 que suit l\u2019introduction de la nouvelle demande d\u2019agr\u00e9ment de Fost Plus \u00e0 la mi-2023.<\/p>\n<p>Dans ce cadre, la CIE a r\u00e9alis\u00e9 les travaux pr\u00e9paratoires n\u00e9cessaires en 2022. Une \u00e9tude a ainsi \u00e9t\u00e9 lanc\u00e9e pour r\u00e9analyser la composition du flux papier\/carton et r\u00e9partir les co\u00fbts de collecte de ce flux entre d\u00e9chets d&#8217;emballages et non-d\u00e9chets d&#8217;emballages. Des travaux ont aussi \u00e9t\u00e9 men\u00e9s sur l&rsquo;\u00e9co-modulation des tarifs, en particulier, le tarif dissuasif pour les emballages perturbateurs ou non recyclables, ainsi que le remboursement pour les emballages dans les flux d&#8217;emballages m\u00e9nagers dangereux.<\/p>\n<p>Les plans de pr\u00e9vention triennaux devaient \u00e9galement \u00eatre soumis en 2022. Nous pr\u00e9sentons d\u00e9j\u00e0 un premier aper\u00e7u quantitatif des plans introduits dans ce Rapport d&rsquo;activit\u00e9s.[\/vc_column_text][\/vc_column][vc_column width=\u00a0\u00bb1\/3&Prime;][\/vc_column][\/vc_row][\/vc_section][vc_section][vc_row el_class=\u00a0\u00bbcontainer\u00a0\u00bb][vc_column][vc_column_text css=\u00a0\u00bb.vc_custom_1689072973942{margin-bottom: 5px !important;}\u00a0\u00bb]<\/p>\n<h3>Approbation europ\u00e9enne<\/h3>\n<p>[\/vc_column_text][vc_column_text]Dans l\u2019intervalle, Eurostat nous a rendu une premi\u00e8re visite (informelle) d\u2019inspection. Le but : v\u00e9rifier si nos chiffres et notre m\u00e9thodologie \u00e9taient conformes \u00e0 la m\u00e9thode europ\u00e9enne de calcul. Les chiffres portant sur 2020 ont \u00e9t\u00e9 soigneusement v\u00e9rifi\u00e9s. L&rsquo;ann\u00e9e 2020 \u00e9tait la premi\u00e8re ann\u00e9e o\u00f9 devait s\u2019appliquer la nouvelle m\u00e9thode europ\u00e9enne de calcul des chiffres de recyclage.<\/p>\n<p>Il va de soi que nous accordons toujours beaucoup d\u2019attention au contr\u00f4le annuel des chiffres, mais il s\u2019agissait donc d\u2019un changement important de m\u00e9thodologie pour 2020 et de nombreuses nouvelles donn\u00e9es ont d\u00fb \u00eatre ainsi collect\u00e9es et v\u00e9rifi\u00e9es. Les chiffres belges ont \u00e9t\u00e9 approuv\u00e9s par Eurostat sans aucune remarque.[\/vc_column_text][\/vc_column][\/vc_row][\/vc_section][vc_section][vc_row el_class=\u00a0\u00bbcontainer\u00a0\u00bb][vc_column][vc_column_text css=\u00a0\u00bb.vc_custom_1689072997313{margin-bottom: 5px !important;}\u00a0\u00bb]<\/p>\n<h3>Accord de coop\u00e9ration REP et d\u00e9chets sauvages<\/h3>\n<p>[\/vc_column_text][vc_column_text]En 2022, de nombreuses concertations ont eu lieu en outre sur le futur Accord de coop\u00e9ration REP et d\u00e9chets sauvages. Les textes commencent progressivement \u00e0 prendre une forme d\u00e9finitive. La CIE se voit confier un grand nombre de nouvelles missions et sa structure changera \u00e9galement du tout au tout. Deux sections verront le jour au sein de la CIE : une section \u00ab\u00a0Organe de d\u00e9cision Emballages \u00bb, d\u2019une part et une section \u00ab Organe de d\u00e9cision REP \u00bb, d\u2019autre part. Dans la pratique, l&rsquo;actuelle Plateforme interr\u00e9gionale de la Responsabilit\u00e9 \u00e9largie des Producteurs (PIREP) sera int\u00e9gr\u00e9e \u00e0 la CIE.<\/p>\n<p>Les r\u00e9unions de l&rsquo;Organe de d\u00e9cision (OD) sont d\u2019ores et d\u00e9j\u00e0 d\u00e9doubl\u00e9es, en pr\u00e9vision de cette nouvelle double structure. Nous avons aussi entam\u00e9 des communications suppl\u00e9mentaires avec les parties prenantes sur l&rsquo;Accord de coop\u00e9ration adapt\u00e9. La CIE changera \u00e9galement de nom et deviendra la \u00ab Commission interr\u00e9gionale de la REP \u00bb.[\/vc_column_text][\/vc_column][\/vc_row][\/vc_section][vc_section][vc_row el_class=\u00a0\u00bbcontainer\u00a0\u00bb][vc_column][vc_column_text css=\u00a0\u00bb.vc_custom_1689073016113{margin-bottom: 5px !important;}\u00a0\u00bb]<\/p>\n<h3>Personnel et ressources<\/h3>\n<p>[\/vc_column_text][vc_column_text]Les circonstances dans lesquelles la CIE a r\u00e9alis\u00e9 son large \u00e9ventail de t\u00e2ches, au cours de l&rsquo;ann\u00e9e \u00e9coul\u00e9e, constituaient un r\u00e9el challenge. Nos effectifs, bien que limit\u00e9s, ont accompli une quantit\u00e9 impressionnante de travail de haute qualit\u00e9.<\/p>\n<p>\u00c0 notre demande, un audit externe du personnel est actuellement en cours. Cet audit quantifiera aussi les besoins en mati\u00e8re de personnel et de ressources pour accomplir les missions suppl\u00e9mentaires du nouvel Accord de coop\u00e9ration REP et d\u00e9chets sauvages.[\/vc_column_text][vc_row_inner][vc_column_inner width=\u00a0\u00bb1\/2&Prime;][vc_column_text css=\u00a0\u00bb.vc_custom_1688622408910{margin-bottom: 15px !important;}\u00a0\u00bb]<\/p>\n<p style=\"text-align: center;\">Anneleen De Wachter, Pr\u00e9sidente<\/p>\n<p>[\/vc_column_text][vc_single_image image=\u00a0\u00bb386&Prime; img_size=\u00a0\u00bbfull\u00a0\u00bb alignment=\u00a0\u00bbcenter\u00a0\u00bb el_class=\u00a0\u00bbsignature\u00a0\u00bb][\/vc_column_inner][vc_column_inner width=\u00a0\u00bb1\/2&Prime;][vc_column_text css=\u00a0\u00bb.vc_custom_1688622425758{margin-bottom: 15px !important;}\u00a0\u00bb]<\/p>\n<p style=\"text-align: center;\">Marc Adams, Directeur<\/p>\n<p>[\/vc_column_text][vc_single_image image=\u00a0\u00bb85&Prime; img_size=\u00a0\u00bbfull\u00a0\u00bb alignment=\u00a0\u00bbcenter\u00a0\u00bb el_class=\u00a0\u00bbsignature\u00a0\u00bb][\/vc_column_inner][\/vc_row_inner][\/vc_column][\/vc_row][\/vc_section]<\/p>\n<\/section>","protected":false},"excerpt":{"rendered":"<p>[vc_section el_class=\u00a0\u00bbpageHeadImage\u00a0\u00bb][vc_row el_class=\u00a0\u00bbcontainer\u00a0\u00bb][vc_column][vc_empty_space][vc_column_text] Mot de la Pr\u00e9sidente et du Directeur [\/vc_column_text][\/vc_column][\/vc_row][vc_row el_class=\u00a0\u00bbcontainer\u00a0\u00bb][vc_column width=\u00a0\u00bb2\/3&Prime;][vc_column_text css=\u00a0\u00bb.vc_custom_1689072963614{padding-top: 50px !important;padding-bottom: 50px !important;}\u00a0\u00bb]L\u2019ambitieux nouvel agr\u00e9ment de Valipac \u00e0 peine mis en \u0153uvre, voil\u00e0 que suit l\u2019introduction de la nouvelle demande d\u2019agr\u00e9ment de Fost Plus \u00e0 la mi-2023. Dans ce cadre, la CIE a r\u00e9alis\u00e9 les travaux pr\u00e9paratoires n\u00e9cessaires en 2022. [&hellip;]<\/p>\n","protected":false},"author":1,"featured_media":379,"parent":0,"menu_order":0,"comment_status":"closed","ping_status":"closed","template":"","meta":{"_acf_changed":false,"inline_featured_image":false,"footnotes":""},"class_list":["post-775","page","type-page","status-publish","hentry"],"acf":[],"yoast_head":"<!-- This site is optimized with the Yoast SEO plugin v25.3.1 - https:\/\/yoast.com\/wordpress\/plugins\/seo\/ -->\n<title>Mot de la Pr\u00e9sidente et du Directeur | IVC Activiteitenverslag 2022<\/title>\n<meta name=\"robots\" content=\"index, follow, max-snippet:-1, max-image-preview:large, max-video-preview:-1\" \/>\n<link rel=\"canonical\" href=\"https:\/\/ivcie24.comith.eu\/fr\/mot-de-la-presidente-et-du-directeur\/\" \/>\n<meta property=\"og:locale\" content=\"fr_FR\" \/>\n<meta property=\"og:type\" content=\"article\" \/>\n<meta property=\"og:title\" content=\"Mot de la Pr\u00e9sidente et du Directeur | IVC Activiteitenverslag 2022\" \/>\n<meta property=\"og:description\" content=\"[vc_section el_class=\u00a0\u00bbpageHeadImage\u00a0\u00bb][vc_row el_class=\u00a0\u00bbcontainer\u00a0\u00bb][vc_column][vc_empty_space][vc_column_text] Mot de la Pr\u00e9sidente et du Directeur [\/vc_column_text][\/vc_column][\/vc_row][vc_row el_class=\u00a0\u00bbcontainer\u00a0\u00bb][vc_column width=\u00a0\u00bb2\/3&Prime;][vc_column_text css=\u00a0\u00bb.vc_custom_1689072963614{padding-top: 50px !important;padding-bottom: 50px !important;}\u00a0\u00bb]L\u2019ambitieux nouvel agr\u00e9ment de Valipac \u00e0 peine mis en \u0153uvre, voil\u00e0 que suit l\u2019introduction de la nouvelle demande d\u2019agr\u00e9ment de Fost Plus \u00e0 la mi-2023. Dans ce cadre, la CIE a r\u00e9alis\u00e9 les travaux pr\u00e9paratoires n\u00e9cessaires en 2022. [&hellip;]\" \/>\n<meta property=\"og:url\" content=\"https:\/\/ivcie24.comith.eu\/fr\/mot-de-la-presidente-et-du-directeur\/\" \/>\n<meta property=\"og:site_name\" content=\"IVC Activiteitenverslag 2022\" \/>\n<meta property=\"article:publisher\" content=\"https:\/\/www.facebook.com\/Interregionale.verpakkingscommissie\" \/>\n<meta property=\"article:modified_time\" content=\"2023-09-06T07:34:49+00:00\" \/>\n<meta property=\"og:image\" content=\"https:\/\/ivcie24.comith.eu\/wp-content\/uploads\/2023\/06\/Cover-alt.jpg\" \/>\n\t<meta property=\"og:image:width\" content=\"1400\" \/>\n\t<meta property=\"og:image:height\" content=\"933\" \/>\n\t<meta property=\"og:image:type\" content=\"image\/jpeg\" \/>\n<meta name=\"twitter:card\" content=\"summary_large_image\" \/>\n<meta name=\"twitter:label1\" content=\"Dur\u00e9e de lecture estim\u00e9e\" \/>\n\t<meta name=\"twitter:data1\" content=\"3 minutes\" \/>\n<script type=\"application\/ld+json\" class=\"yoast-schema-graph\">{\"@context\":\"https:\/\/schema.org\",\"@graph\":[{\"@type\":\"WebPage\",\"@id\":\"https:\/\/ivcie24.comith.eu\/fr\/mot-de-la-presidente-et-du-directeur\/\",\"url\":\"https:\/\/ivcie24.comith.eu\/fr\/mot-de-la-presidente-et-du-directeur\/\",\"name\":\"Mot de la Pr\u00e9sidente et du Directeur | IVC Activiteitenverslag 2022\",\"isPartOf\":{\"@id\":\"https:\/\/ivcie24.comith.eu\/#website\"},\"primaryImageOfPage\":{\"@id\":\"https:\/\/ivcie24.comith.eu\/fr\/mot-de-la-presidente-et-du-directeur\/#primaryimage\"},\"image\":{\"@id\":\"https:\/\/ivcie24.comith.eu\/fr\/mot-de-la-presidente-et-du-directeur\/#primaryimage\"},\"thumbnailUrl\":\"https:\/\/ivcie24.comith.eu\/wp-content\/uploads\/2023\/06\/Cover-alt.jpg\",\"datePublished\":\"2023-06-05T08:11:32+00:00\",\"dateModified\":\"2023-09-06T07:34:49+00:00\",\"breadcrumb\":{\"@id\":\"https:\/\/ivcie24.comith.eu\/fr\/mot-de-la-presidente-et-du-directeur\/#breadcrumb\"},\"inLanguage\":\"fr-FR\",\"potentialAction\":[{\"@type\":\"ReadAction\",\"target\":[\"https:\/\/ivcie24.comith.eu\/fr\/mot-de-la-presidente-et-du-directeur\/\"]}]},{\"@type\":\"ImageObject\",\"inLanguage\":\"fr-FR\",\"@id\":\"https:\/\/ivcie24.comith.eu\/fr\/mot-de-la-presidente-et-du-directeur\/#primaryimage\",\"url\":\"https:\/\/ivcie24.comith.eu\/wp-content\/uploads\/2023\/06\/Cover-alt.jpg\",\"contentUrl\":\"https:\/\/ivcie24.comith.eu\/wp-content\/uploads\/2023\/06\/Cover-alt.jpg\",\"width\":1400,\"height\":933},{\"@type\":\"BreadcrumbList\",\"@id\":\"https:\/\/ivcie24.comith.eu\/fr\/mot-de-la-presidente-et-du-directeur\/#breadcrumb\",\"itemListElement\":[{\"@type\":\"ListItem\",\"position\":1,\"name\":\"Home\",\"item\":\"https:\/\/ivcie24.comith.eu\/fr\/\"},{\"@type\":\"ListItem\",\"position\":2,\"name\":\"Mot de la Pr\u00e9sidente et du Directeur\"}]},{\"@type\":\"WebSite\",\"@id\":\"https:\/\/ivcie24.comith.eu\/#website\",\"url\":\"https:\/\/ivcie24.comith.eu\/\",\"name\":\"Activiteitenverslag Ivcie 2022\",\"description\":\"\",\"publisher\":{\"@id\":\"https:\/\/ivcie24.comith.eu\/#organization\"},\"potentialAction\":[{\"@type\":\"SearchAction\",\"target\":{\"@type\":\"EntryPoint\",\"urlTemplate\":\"https:\/\/ivcie24.comith.eu\/?s={search_term_string}\"},\"query-input\":{\"@type\":\"PropertyValueSpecification\",\"valueRequired\":true,\"valueName\":\"search_term_string\"}}],\"inLanguage\":\"fr-FR\"},{\"@type\":\"Organization\",\"@id\":\"https:\/\/ivcie24.comith.eu\/#organization\",\"name\":\"Ivcie\",\"url\":\"https:\/\/ivcie24.comith.eu\/\",\"logo\":{\"@type\":\"ImageObject\",\"inLanguage\":\"fr-FR\",\"@id\":\"https:\/\/ivcie24.comith.eu\/#\/schema\/logo\/image\/\",\"url\":\"https:\/\/ivcie24.comith.eu\/wp-content\/uploads\/2023\/06\/logo-ivcie.svg\",\"contentUrl\":\"https:\/\/ivcie24.comith.eu\/wp-content\/uploads\/2023\/06\/logo-ivcie.svg\",\"width\":\"1024\",\"height\":\"1024\",\"caption\":\"Ivcie\"},\"image\":{\"@id\":\"https:\/\/ivcie24.comith.eu\/#\/schema\/logo\/image\/\"},\"sameAs\":[\"https:\/\/www.facebook.com\/Interregionale.verpakkingscommissie\"]}]}<\/script>\n<!-- \/ Yoast SEO plugin. -->","yoast_head_json":{"title":"Mot de la Pr\u00e9sidente et du Directeur | IVC Activiteitenverslag 2022","robots":{"index":"index","follow":"follow","max-snippet":"max-snippet:-1","max-image-preview":"max-image-preview:large","max-video-preview":"max-video-preview:-1"},"canonical":"https:\/\/ivcie24.comith.eu\/fr\/mot-de-la-presidente-et-du-directeur\/","og_locale":"fr_FR","og_type":"article","og_title":"Mot de la Pr\u00e9sidente et du Directeur | IVC Activiteitenverslag 2022","og_description":"[vc_section el_class=\u00a0\u00bbpageHeadImage\u00a0\u00bb][vc_row el_class=\u00a0\u00bbcontainer\u00a0\u00bb][vc_column][vc_empty_space][vc_column_text] Mot de la Pr\u00e9sidente et du Directeur [\/vc_column_text][\/vc_column][\/vc_row][vc_row el_class=\u00a0\u00bbcontainer\u00a0\u00bb][vc_column width=\u00a0\u00bb2\/3&Prime;][vc_column_text css=\u00a0\u00bb.vc_custom_1689072963614{padding-top: 50px !important;padding-bottom: 50px !important;}\u00a0\u00bb]L\u2019ambitieux nouvel agr\u00e9ment de Valipac \u00e0 peine mis en \u0153uvre, voil\u00e0 que suit l\u2019introduction de la nouvelle demande d\u2019agr\u00e9ment de Fost Plus \u00e0 la mi-2023. Dans ce cadre, la CIE a r\u00e9alis\u00e9 les travaux pr\u00e9paratoires n\u00e9cessaires en 2022. [&hellip;]","og_url":"https:\/\/ivcie24.comith.eu\/fr\/mot-de-la-presidente-et-du-directeur\/","og_site_name":"IVC Activiteitenverslag 2022","article_publisher":"https:\/\/www.facebook.com\/Interregionale.verpakkingscommissie","article_modified_time":"2023-09-06T07:34:49+00:00","og_image":[{"width":1400,"height":933,"url":"https:\/\/ivcie24.comith.eu\/wp-content\/uploads\/2023\/06\/Cover-alt.jpg","type":"image\/jpeg"}],"twitter_card":"summary_large_image","twitter_misc":{"Dur\u00e9e de lecture estim\u00e9e":"3 minutes"},"schema":{"@context":"https:\/\/schema.org","@graph":[{"@type":"WebPage","@id":"https:\/\/ivcie24.comith.eu\/fr\/mot-de-la-presidente-et-du-directeur\/","url":"https:\/\/ivcie24.comith.eu\/fr\/mot-de-la-presidente-et-du-directeur\/","name":"Mot de la Pr\u00e9sidente et du Directeur | IVC Activiteitenverslag 2022","isPartOf":{"@id":"https:\/\/ivcie24.comith.eu\/#website"},"primaryImageOfPage":{"@id":"https:\/\/ivcie24.comith.eu\/fr\/mot-de-la-presidente-et-du-directeur\/#primaryimage"},"image":{"@id":"https:\/\/ivcie24.comith.eu\/fr\/mot-de-la-presidente-et-du-directeur\/#primaryimage"},"thumbnailUrl":"https:\/\/ivcie24.comith.eu\/wp-content\/uploads\/2023\/06\/Cover-alt.jpg","datePublished":"2023-06-05T08:11:32+00:00","dateModified":"2023-09-06T07:34:49+00:00","breadcrumb":{"@id":"https:\/\/ivcie24.comith.eu\/fr\/mot-de-la-presidente-et-du-directeur\/#breadcrumb"},"inLanguage":"fr-FR","potentialAction":[{"@type":"ReadAction","target":["https:\/\/ivcie24.comith.eu\/fr\/mot-de-la-presidente-et-du-directeur\/"]}]},{"@type":"ImageObject","inLanguage":"fr-FR","@id":"https:\/\/ivcie24.comith.eu\/fr\/mot-de-la-presidente-et-du-directeur\/#primaryimage","url":"https:\/\/ivcie24.comith.eu\/wp-content\/uploads\/2023\/06\/Cover-alt.jpg","contentUrl":"https:\/\/ivcie24.comith.eu\/wp-content\/uploads\/2023\/06\/Cover-alt.jpg","width":1400,"height":933},{"@type":"BreadcrumbList","@id":"https:\/\/ivcie24.comith.eu\/fr\/mot-de-la-presidente-et-du-directeur\/#breadcrumb","itemListElement":[{"@type":"ListItem","position":1,"name":"Home","item":"https:\/\/ivcie24.comith.eu\/fr\/"},{"@type":"ListItem","position":2,"name":"Mot de la Pr\u00e9sidente et du Directeur"}]},{"@type":"WebSite","@id":"https:\/\/ivcie24.comith.eu\/#website","url":"https:\/\/ivcie24.comith.eu\/","name":"Activiteitenverslag Ivcie 2022","description":"","publisher":{"@id":"https:\/\/ivcie24.comith.eu\/#organization"},"potentialAction":[{"@type":"SearchAction","target":{"@type":"EntryPoint","urlTemplate":"https:\/\/ivcie24.comith.eu\/?s={search_term_string}"},"query-input":{"@type":"PropertyValueSpecification","valueRequired":true,"valueName":"search_term_string"}}],"inLanguage":"fr-FR"},{"@type":"Organization","@id":"https:\/\/ivcie24.comith.eu\/#organization","name":"Ivcie","url":"https:\/\/ivcie24.comith.eu\/","logo":{"@type":"ImageObject","inLanguage":"fr-FR","@id":"https:\/\/ivcie24.comith.eu\/#\/schema\/logo\/image\/","url":"https:\/\/ivcie24.comith.eu\/wp-content\/uploads\/2023\/06\/logo-ivcie.svg","contentUrl":"https:\/\/ivcie24.comith.eu\/wp-content\/uploads\/2023\/06\/logo-ivcie.svg","width":"1024","height":"1024","caption":"Ivcie"},"image":{"@id":"https:\/\/ivcie24.comith.eu\/#\/schema\/logo\/image\/"},"sameAs":["https:\/\/www.facebook.com\/Interregionale.verpakkingscommissie"]}]}},"_links":{"self":[{"href":"https:\/\/ivcie24.comith.eu\/fr\/wp-json\/wp\/v2\/pages\/775","targetHints":{"allow":["GET"]}}],"collection":[{"href":"https:\/\/ivcie24.comith.eu\/fr\/wp-json\/wp\/v2\/pages"}],"about":[{"href":"https:\/\/ivcie24.comith.eu\/fr\/wp-json\/wp\/v2\/types\/page"}],"author":[{"embeddable":true,"href":"https:\/\/ivcie24.comith.eu\/fr\/wp-json\/wp\/v2\/users\/1"}],"replies":[{"embeddable":true,"href":"https:\/\/ivcie24.comith.eu\/fr\/wp-json\/wp\/v2\/comments?post=775"}],"version-history":[{"count":10,"href":"https:\/\/ivcie24.comith.eu\/fr\/wp-json\/wp\/v2\/pages\/775\/revisions"}],"predecessor-version":[{"id":2447,"href":"https:\/\/ivcie24.comith.eu\/fr\/wp-json\/wp\/v2\/pages\/775\/revisions\/2447"}],"wp:featuredmedia":[{"embeddable":true,"href":"https:\/\/ivcie24.comith.eu\/fr\/wp-json\/wp\/v2\/media\/379"}],"wp:attachment":[{"href":"https:\/\/ivcie24.comith.eu\/fr\/wp-json\/wp\/v2\/media?parent=775"}],"curies":[{"name":"wp","href":"https:\/\/api.w.org\/{rel}","templated":true}]}}