{"id":779,"date":"2023-06-05T12:17:30","date_gmt":"2023-06-05T10:17:30","guid":{"rendered":"https:\/\/ivcie24.comith.eu\/werking-van-de-interregionale-verpakkingscommissie-ivc\/"},"modified":"2023-09-06T08:15:24","modified_gmt":"2023-09-06T06:15:24","slug":"fonctionnement-de-la-commission-interregionale-de-lemballage-cie","status":"publish","type":"page","link":"https:\/\/ivcie24.comith.eu\/fr\/fonctionnement-de-la-commission-interregionale-de-lemballage-cie\/","title":{"rendered":"Fonctionnement de la Commission interr\u00e9gionale de l\u2019Emballage (CIE)"},"content":{"rendered":"<section class=\"wpb-content-wrapper\"><p>[vc_section css_animation=\u00a0\u00bbnone\u00a0\u00bb el_class=\u00a0\u00bbpageHeadImage\u00a0\u00bb][vc_row el_class=\u00a0\u00bbcontainer\u00a0\u00bb][vc_column][vc_empty_space][vc_column_text]<\/p>\n<h1>1. Fonctionnement de la Commission<br \/>\ninterr\u00e9gionale de l\u2019Emballage (CIE)<\/h1>\n<p>[\/vc_column_text][\/vc_column][\/vc_row][vc_row el_class=\u00a0\u00bbcontainer\u00a0\u00bb][vc_column width=\u00a0\u00bb2\/3&Prime;][vc_column_text]<\/p>\n<h2><span style=\"text-decoration: underline;\">1.1<\/span> <strong>La mission<\/strong> de la CIE<\/h2>\n<p>[\/vc_column_text][vc_column_text]Les t\u00e2ches de la CIE sont notamment les suivantes :<\/p>\n<ul>\n<li>Contr\u00f4ler que les entreprises (responsables d\u2019emballages) et organismes agr\u00e9\u00e9s respectent bien leurs obligations de reprise et d\u2019information.<\/li>\n<li>V\u00e9rifier la mani\u00e8re dont les responsables d\u2019emballages et les organismes agr\u00e9\u00e9s atteignent les pourcentages l\u00e9gaux de recyclage et de valorisation.<\/li>\n<li>Approuver ou refuser les plans de pr\u00e9vention des entreprises (responsables d\u2019emballages).<\/li>\n<li>Octroyer ou refuser les agr\u00e9ments aux organismes qui se chargent de promouvoir, coordonner et financer la collecte s\u00e9lective, le recyclage et la valorisation des d\u00e9chets d\u2019emballages.<\/li>\n<li>Assister et conseiller les gouvernements r\u00e9gionaux. Sous la forme, par exemple, de la cr\u00e9ation d\u2019un forum de concertation, d\u2019une offre de soutien logistique ou de propositions de modifications de loi.<\/li>\n<li>Mener ou commanditer des \u00e9tudes et recherches sur la gestion et la pr\u00e9vention des d\u00e9chets d\u2019emballages.<\/li>\n<li>Traiter les notifications afin de d\u00e9livrer une approbation aux transferts pr\u00e9vus de d\u00e9chets qui ne proviennent pas de Belgique et ne seront pas non plus trait\u00e9s dans notre pays. Traiter \u00e9galement les notifications de transports li\u00e9es \u00e0 une notification approuv\u00e9e.<\/li>\n<\/ul>\n<p>[\/vc_column_text][\/vc_column][vc_column width=\u00a0\u00bb1\/3&Prime;][\/vc_column][\/vc_row][vc_row el_class=\u00a0\u00bbcontainer\u00a0\u00bb][vc_column][vc_column_text]<\/p>\n<h4>Les prochaines ann\u00e9es constituent un challenge pour la CIE.<\/h4>\n<p>&nbsp;<\/p>\n<p>Le nouvel Accord de coop\u00e9ration REP et d\u00e9chets sauvages modifiera fondamentalement le fonctionnement et les t\u00e2ches de la CIE. Celle-ci recevra m\u00eame un nouveau nom : la \u00ab\u00a0Commission interr\u00e9gionale de la REP \u00bb. Les nouvelles t\u00e2ches de la CIE ne peuvent \u00eatre r\u00e9alis\u00e9es avec l\u2019effectif de personnel actuel. Il est donc urgent de recruter du personnel suppl\u00e9mentaire. La CIE a lanc\u00e9 un audit du personnel en 2022, pour quantifier ces besoins.<\/p>\n<p>La Commission europ\u00e9enne a \u00e9labor\u00e9 un projet de R\u00e8glement sur les emballages, en remplacement de la Directive 94\/62\/CE sur les emballages. Ce texte a un impact consid\u00e9rable sur la l\u00e9gislation belge relative aux d\u00e9chets d&#8217;emballages. L&rsquo;instrument choisi, un r\u00e8glement, est directement applicable aux entreprises europ\u00e9ennes, ce qui ne laisse d\u00e8s lors plus de place aux l\u00e9gislations nationales.<\/p>\n<p>Le nouvel agr\u00e9ment de Fost Plus nous demandera aussi beaucoup d&rsquo;\u00e9nergie en 2023. Parall\u00e8lement, un d\u00e9bat social et politique est en cours sur l&rsquo;introduction d\u2019une consigne sur les emballages de boissons. Ce d\u00e9bat a \u00e9videmment d&rsquo;\u00e9normes implications pour le dossier d&rsquo;agr\u00e9ment.[\/vc_column_text][\/vc_column][\/vc_row][\/vc_section][vc_section css_animation=\u00a0\u00bbnone\u00a0\u00bb][vc_row el_class=\u00a0\u00bbcontainer\u00a0\u00bb][vc_column][vc_column_text]<\/p>\n<h2><span style=\"text-decoration: underline;\">1.2<\/span> <strong>La composition<\/strong> de la CIE<\/h2>\n<p>[\/vc_column_text][vc_column_text]La composition de l\u2019<strong>Organe de d\u00e9cision<\/strong> en 2022\u00a0:[\/vc_column_text][vc_row_inner el_class=\u00a0\u00bbswitchBeforeMobile\u00a0\u00bb][vc_column_inner el_class=\u00a0\u00bbmembers\u00a0\u00bb width=\u00a0\u00bb1\/3&Prime;][vc_single_image image=\u00a0\u00bb117&Prime; img_size=\u00a0\u00bbfull\u00a0\u00bb alignment=\u00a0\u00bbcenter\u00a0\u00bb css_animation=\u00a0\u00bbnone\u00a0\u00bb el_class=\u00a0\u00bbsvgImage\u00a0\u00bb][vc_column_text css=\u00a0\u00bb.vc_custom_1693916327968{margin-bottom: 5px !important;}\u00a0\u00bb]<\/p>\n<h3 style=\"text-align: center;\"><strong>R\u00e9gion flamande<\/strong><\/h3>\n<table>\n<thead>\n<tr>\n<td>Membres effectifs<\/td>\n<td>Membres suppl\u00e9ants<\/td>\n<\/tr>\n<\/thead>\n<tbody>\n<tr>\n<td>Ann De Boeck<\/td>\n<td>Luc Goeteyn<\/td>\n<\/tr>\n<tr>\n<td>Nick Vliegen<\/td>\n<td>Roeland Bracke<\/td>\n<\/tr>\n<tr>\n<td>Anneleen De Wachter<br \/>\n<span style=\"font-size: 10pt;\"><em>(pr\u00e9sidente \u00e0 partir du 05\/03\/2022)<\/em><\/span><\/td>\n<td>John Wante \/ Christof Delatter<sup>(1)<\/sup><\/td>\n<\/tr>\n<\/tbody>\n<\/table>\n<p>[\/vc_column_text][vc_column_text]<\/p>\n<p style=\"text-align: center;\"><span style=\"font-size: 10pt;\"><em>(1) M. Wante a \u00e9t\u00e9 remplac\u00e9 par M. Delatter en tant que membre suppl\u00e9ant \u00e0 partir du 11\/03\/2022<\/em><\/span><\/p>\n<p>[\/vc_column_text][\/vc_column_inner][vc_column_inner el_class=\u00a0\u00bbmembers\u00a0\u00bb width=\u00a0\u00bb1\/3&Prime;][vc_single_image image=\u00a0\u00bb109&Prime; img_size=\u00a0\u00bbfull\u00a0\u00bb alignment=\u00a0\u00bbcenter\u00a0\u00bb css_animation=\u00a0\u00bbnone\u00a0\u00bb el_class=\u00a0\u00bbsvgImage\u00a0\u00bb][vc_column_text]<\/p>\n<h3 style=\"text-align: center;\"><strong>R\u00e9gion de Bruxelles-Capitale<\/strong><\/h3>\n<table>\n<thead>\n<tr>\n<td>Membres effectifs<\/td>\n<td>Membres suppl\u00e9ants<\/td>\n<\/tr>\n<\/thead>\n<tbody>\n<tr>\n<td>Marion Courtois<\/td>\n<td>Val\u00e9rie Verbrugge<\/td>\n<\/tr>\n<tr>\n<td>C\u00e9line Schaar<\/td>\n<td>St\u00e9phanie Thomaes<\/td>\n<\/tr>\n<tr>\n<td>St\u00e9phanie Uny<\/td>\n<td>Milan Jousten<\/td>\n<\/tr>\n<\/tbody>\n<\/table>\n<p>[\/vc_column_text][\/vc_column_inner][vc_column_inner el_class=\u00a0\u00bbmembers\u00a0\u00bb width=\u00a0\u00bb1\/3&Prime;][vc_single_image image=\u00a0\u00bb113&Prime; img_size=\u00a0\u00bbfull\u00a0\u00bb alignment=\u00a0\u00bbcenter\u00a0\u00bb css_animation=\u00a0\u00bbnone\u00a0\u00bb el_class=\u00a0\u00bbsvgImage\u00a0\u00bb][vc_column_text]<\/p>\n<h3 style=\"text-align: center;\"><strong>R\u00e9gion wallonne<\/strong><\/h3>\n<table>\n<thead>\n<tr>\n<td>Membres effectifs<\/td>\n<td>Membres suppl\u00e9ants<\/td>\n<\/tr>\n<\/thead>\n<tbody>\n<tr>\n<td>Lara Hotyat<\/td>\n<td>Guillaume Lep\u00e8re<\/td>\n<\/tr>\n<tr>\n<td>Vincent Brahy<\/td>\n<td>Marie-H\u00e9l\u00e8ne Lahaye<\/td>\n<\/tr>\n<tr>\n<td>Martine Gillet<br \/>\n<span style=\"font-size: 10pt;\"><em>(pr\u00e9sidente jusqu\u2019au 04\/03\/2022 inclus)<\/em><\/span><\/td>\n<td>Jean-Yves Mercier<\/td>\n<\/tr>\n<\/tbody>\n<\/table>\n<p>[\/vc_column_text][\/vc_column_inner][\/vc_row_inner][vc_column_text]L\u2019organigramme du <strong>Secr\u00e9tariat permanent<\/strong> en 2022 :[\/vc_column_text][vc_single_image image=\u00a0\u00bb2422&Prime; img_size=\u00a0\u00bbfull\u00a0\u00bb alignment=\u00a0\u00bbcenter\u00a0\u00bb onclick=\u00a0\u00bblink_image\u00a0\u00bb el_class=\u00a0\u00bborganogram svgImage\u00a0\u00bb][vc_column_text]<\/p>\n<p style=\"text-align: left;\">Fin 2022, le Secr\u00e9tariat permanent comptait 16 collaborateurs.<\/p>\n<p>[\/vc_column_text][vc_empty_space height=\u00a0\u00bb52&Prime;][\/vc_column][\/vc_row][\/vc_section][vc_section css_animation=\u00a0\u00bbnone\u00a0\u00bb][vc_row el_class=\u00a0\u00bbcontainer\u00a0\u00bb][vc_column][vc_column_text]<\/p>\n<h2><span style=\"text-decoration: underline;\">1.3<\/span> <strong>Le budget 2022<\/strong> de la CIE<\/h2>\n<p>[\/vc_column_text][vc_row_inner equal_height=\u00a0\u00bbyes\u00a0\u00bb el_class=\u00a0\u00bbswitchBeforeMobile\u00a0\u00bb][vc_column_inner width=\u00a0\u00bb3\/4&Prime;][vc_column_text]Les d\u00e9penses effectives de la CIE en 2022 :[\/vc_column_text][vc_single_image image=\u00a0\u00bb1849&Prime; img_size=\u00a0\u00bbfull\u00a0\u00bb alignment=\u00a0\u00bbcenter\u00a0\u00bb onclick=\u00a0\u00bblink_image\u00a0\u00bb css_animation=\u00a0\u00bbnone\u00a0\u00bb][vc_single_image image=\u00a0\u00bb1038&Prime; img_size=\u00a0\u00bbfull\u00a0\u00bb alignment=\u00a0\u00bbcenter\u00a0\u00bb onclick=\u00a0\u00bblink_image\u00a0\u00bb css_animation=\u00a0\u00bbnone\u00a0\u00bb el_class=\u00a0\u00bbmax625&Prime;][\/vc_column_inner][vc_column_inner width=\u00a0\u00bb1\/4&Prime;][vc_column_text]La cl\u00e9 de r\u00e9partition du financement de la CIE, telle qu\u2019elle est fix\u00e9e par l\u2019Accord de coop\u00e9ration :[\/vc_column_text][vc_single_image image=\u00a0\u00bb1014&Prime; img_size=\u00a0\u00bbfull\u00a0\u00bb alignment=\u00a0\u00bbcenter\u00a0\u00bb onclick=\u00a0\u00bblink_image\u00a0\u00bb css_animation=\u00a0\u00bbnone\u00a0\u00bb el_class=\u00a0\u00bbsvgImage\u00a0\u00bb][\/vc_column_inner][\/vc_row_inner][\/vc_column][\/vc_row][\/vc_section][vc_section css_animation=\u00a0\u00bbnone\u00a0\u00bb][vc_row el_class=\u00a0\u00bbcontainer\u00a0\u00bb][vc_column][vc_column_text]<\/p>\n<h2><\/h2>\n<h2><span style=\"text-decoration: underline;\">1.4<\/span> La Plateforme interr\u00e9gionale de la Responsabilit\u00e9 \u00e9largie des Producteurs <strong>(PIREP)<\/strong><\/h2>\n<p>[\/vc_column_text][vc_column_text]La CIE assume la fonction de secr\u00e9tariat pour la Plateforme interr\u00e9gionale de la Responsabilit\u00e9 \u00e9largie des Producteurs, cr\u00e9\u00e9e en 2009. L\u2019objectif \u00e9tait de d\u00e9velopper une vision commune sur la Responsabilit\u00e9 \u00e9largie du Producteur (REP).<\/p>\n<p>Un nouvel Accord de coop\u00e9ration REP et d\u00e9chets sauvages fait l\u2019objet d\u2019un travail de longue haleine au sein de la PIREP. Cet accord ambitionne, d&rsquo;une part, la r\u00e9alisation d\u2019un cadre interr\u00e9gional pour traiter d\u2019autres flux que les d\u00e9chets d&#8217;emballages, soumis \u00e0 la Responsabilit\u00e9 \u00e9largie des Producteurs (REP).\u00a0 D&rsquo;autre part, il pr\u00e9voit de r\u00e9percuter les co\u00fbts des d\u00e9chets sauvages aux responsables de ces flux de d\u00e9chets.<\/p>\n<p>Ce nouvel Accord de coop\u00e9ration int\u00e9grera la PIREP \u00e0 la CIE. La nouvelle \u00ab Commission interr\u00e9gionale de la REP \u00bb, reprenant deux sections : une section \u00ab\u00a0Organe de d\u00e9cision Emballages \u00bb, d\u2019une part et une section \u00ab Organe de d\u00e9cision REP \u00bb, d\u2019autre part, verra ainsi le jour.[\/vc_column_text][\/vc_column][\/vc_row][\/vc_section]<\/p>\n<\/section>","protected":false},"excerpt":{"rendered":"<p>[vc_section css_animation=\u00a0\u00bbnone\u00a0\u00bb el_class=\u00a0\u00bbpageHeadImage\u00a0\u00bb][vc_row el_class=\u00a0\u00bbcontainer\u00a0\u00bb][vc_column][vc_empty_space][vc_column_text] 1. Fonctionnement de la Commission interr\u00e9gionale de l\u2019Emballage (CIE) [\/vc_column_text][\/vc_column][\/vc_row][vc_row el_class=\u00a0\u00bbcontainer\u00a0\u00bb][vc_column width=\u00a0\u00bb2\/3&Prime;][vc_column_text] 1.1 La mission de la CIE [\/vc_column_text][vc_column_text]Les t\u00e2ches de la CIE sont notamment les suivantes : Contr\u00f4ler que les entreprises (responsables d\u2019emballages) et organismes agr\u00e9\u00e9s respectent bien leurs obligations de reprise et d\u2019information. V\u00e9rifier la mani\u00e8re dont les responsables [&hellip;]<\/p>\n","protected":false},"author":1,"featured_media":554,"parent":0,"menu_order":0,"comment_status":"closed","ping_status":"closed","template":"","meta":{"_acf_changed":false,"inline_featured_image":false,"footnotes":""},"class_list":["post-779","page","type-page","status-publish","hentry"],"acf":[],"yoast_head":"<!-- This site is optimized with the Yoast SEO plugin v25.3.1 - https:\/\/yoast.com\/wordpress\/plugins\/seo\/ -->\n<title>Fonctionnement de la Commission interr\u00e9gionale de l\u2019Emballage (CIE) | IVC Activiteitenverslag 2022<\/title>\n<meta name=\"robots\" content=\"index, follow, max-snippet:-1, max-image-preview:large, max-video-preview:-1\" \/>\n<link rel=\"canonical\" href=\"https:\/\/ivcie24.comith.eu\/fr\/fonctionnement-de-la-commission-interregionale-de-lemballage-cie\/\" \/>\n<meta property=\"og:locale\" content=\"fr_FR\" \/>\n<meta property=\"og:type\" content=\"article\" \/>\n<meta property=\"og:title\" content=\"Fonctionnement de la Commission interr\u00e9gionale de l\u2019Emballage (CIE) | IVC Activiteitenverslag 2022\" \/>\n<meta property=\"og:description\" content=\"[vc_section css_animation=\u00a0\u00bbnone\u00a0\u00bb el_class=\u00a0\u00bbpageHeadImage\u00a0\u00bb][vc_row el_class=\u00a0\u00bbcontainer\u00a0\u00bb][vc_column][vc_empty_space][vc_column_text] 1. Fonctionnement de la Commission interr\u00e9gionale de l\u2019Emballage (CIE) [\/vc_column_text][\/vc_column][\/vc_row][vc_row el_class=\u00a0\u00bbcontainer\u00a0\u00bb][vc_column width=\u00a0\u00bb2\/3&Prime;][vc_column_text] 1.1 La mission de la CIE [\/vc_column_text][vc_column_text]Les t\u00e2ches de la CIE sont notamment les suivantes : Contr\u00f4ler que les entreprises (responsables d\u2019emballages) et organismes agr\u00e9\u00e9s respectent bien leurs obligations de reprise et d\u2019information. V\u00e9rifier la mani\u00e8re dont les responsables [&hellip;]\" \/>\n<meta property=\"og:url\" content=\"https:\/\/ivcie24.comith.eu\/fr\/fonctionnement-de-la-commission-interregionale-de-lemballage-cie\/\" \/>\n<meta property=\"og:site_name\" content=\"IVC Activiteitenverslag 2022\" \/>\n<meta property=\"article:publisher\" content=\"https:\/\/www.facebook.com\/Interregionale.verpakkingscommissie\" \/>\n<meta property=\"article:modified_time\" content=\"2023-09-06T06:15:24+00:00\" \/>\n<meta property=\"og:image\" content=\"https:\/\/ivcie24.comith.eu\/wp-content\/uploads\/2023\/06\/werking-van-de-interregionale-verpakkingscommis.jpg\" \/>\n\t<meta property=\"og:image:width\" content=\"749\" \/>\n\t<meta property=\"og:image:height\" content=\"1124\" \/>\n\t<meta property=\"og:image:type\" content=\"image\/jpeg\" \/>\n<meta name=\"twitter:card\" content=\"summary_large_image\" \/>\n<meta name=\"twitter:label1\" content=\"Dur\u00e9e de lecture estim\u00e9e\" \/>\n\t<meta name=\"twitter:data1\" content=\"4 minutes\" \/>\n<script type=\"application\/ld+json\" class=\"yoast-schema-graph\">{\"@context\":\"https:\/\/schema.org\",\"@graph\":[{\"@type\":\"WebPage\",\"@id\":\"https:\/\/ivcie24.comith.eu\/fr\/fonctionnement-de-la-commission-interregionale-de-lemballage-cie\/\",\"url\":\"https:\/\/ivcie24.comith.eu\/fr\/fonctionnement-de-la-commission-interregionale-de-lemballage-cie\/\",\"name\":\"Fonctionnement de la Commission interr\u00e9gionale de l\u2019Emballage (CIE) | IVC Activiteitenverslag 2022\",\"isPartOf\":{\"@id\":\"https:\/\/ivcie24.comith.eu\/#website\"},\"primaryImageOfPage\":{\"@id\":\"https:\/\/ivcie24.comith.eu\/fr\/fonctionnement-de-la-commission-interregionale-de-lemballage-cie\/#primaryimage\"},\"image\":{\"@id\":\"https:\/\/ivcie24.comith.eu\/fr\/fonctionnement-de-la-commission-interregionale-de-lemballage-cie\/#primaryimage\"},\"thumbnailUrl\":\"https:\/\/ivcie24.comith.eu\/wp-content\/uploads\/2023\/06\/werking-van-de-interregionale-verpakkingscommis.jpg\",\"datePublished\":\"2023-06-05T10:17:30+00:00\",\"dateModified\":\"2023-09-06T06:15:24+00:00\",\"breadcrumb\":{\"@id\":\"https:\/\/ivcie24.comith.eu\/fr\/fonctionnement-de-la-commission-interregionale-de-lemballage-cie\/#breadcrumb\"},\"inLanguage\":\"fr-FR\",\"potentialAction\":[{\"@type\":\"ReadAction\",\"target\":[\"https:\/\/ivcie24.comith.eu\/fr\/fonctionnement-de-la-commission-interregionale-de-lemballage-cie\/\"]}]},{\"@type\":\"ImageObject\",\"inLanguage\":\"fr-FR\",\"@id\":\"https:\/\/ivcie24.comith.eu\/fr\/fonctionnement-de-la-commission-interregionale-de-lemballage-cie\/#primaryimage\",\"url\":\"https:\/\/ivcie24.comith.eu\/wp-content\/uploads\/2023\/06\/werking-van-de-interregionale-verpakkingscommis.jpg\",\"contentUrl\":\"https:\/\/ivcie24.comith.eu\/wp-content\/uploads\/2023\/06\/werking-van-de-interregionale-verpakkingscommis.jpg\",\"width\":749,\"height\":1124},{\"@type\":\"BreadcrumbList\",\"@id\":\"https:\/\/ivcie24.comith.eu\/fr\/fonctionnement-de-la-commission-interregionale-de-lemballage-cie\/#breadcrumb\",\"itemListElement\":[{\"@type\":\"ListItem\",\"position\":1,\"name\":\"Home\",\"item\":\"https:\/\/ivcie24.comith.eu\/fr\/\"},{\"@type\":\"ListItem\",\"position\":2,\"name\":\"Fonctionnement de la Commission interr\u00e9gionale de l\u2019Emballage (CIE)\"}]},{\"@type\":\"WebSite\",\"@id\":\"https:\/\/ivcie24.comith.eu\/#website\",\"url\":\"https:\/\/ivcie24.comith.eu\/\",\"name\":\"Activiteitenverslag Ivcie 2022\",\"description\":\"\",\"publisher\":{\"@id\":\"https:\/\/ivcie24.comith.eu\/#organization\"},\"potentialAction\":[{\"@type\":\"SearchAction\",\"target\":{\"@type\":\"EntryPoint\",\"urlTemplate\":\"https:\/\/ivcie24.comith.eu\/?s={search_term_string}\"},\"query-input\":{\"@type\":\"PropertyValueSpecification\",\"valueRequired\":true,\"valueName\":\"search_term_string\"}}],\"inLanguage\":\"fr-FR\"},{\"@type\":\"Organization\",\"@id\":\"https:\/\/ivcie24.comith.eu\/#organization\",\"name\":\"Ivcie\",\"url\":\"https:\/\/ivcie24.comith.eu\/\",\"logo\":{\"@type\":\"ImageObject\",\"inLanguage\":\"fr-FR\",\"@id\":\"https:\/\/ivcie24.comith.eu\/#\/schema\/logo\/image\/\",\"url\":\"https:\/\/ivcie24.comith.eu\/wp-content\/uploads\/2023\/06\/logo-ivcie.svg\",\"contentUrl\":\"https:\/\/ivcie24.comith.eu\/wp-content\/uploads\/2023\/06\/logo-ivcie.svg\",\"width\":\"1024\",\"height\":\"1024\",\"caption\":\"Ivcie\"},\"image\":{\"@id\":\"https:\/\/ivcie24.comith.eu\/#\/schema\/logo\/image\/\"},\"sameAs\":[\"https:\/\/www.facebook.com\/Interregionale.verpakkingscommissie\"]}]}<\/script>\n<!-- \/ Yoast SEO plugin. -->","yoast_head_json":{"title":"Fonctionnement de la Commission interr\u00e9gionale de l\u2019Emballage (CIE) | IVC Activiteitenverslag 2022","robots":{"index":"index","follow":"follow","max-snippet":"max-snippet:-1","max-image-preview":"max-image-preview:large","max-video-preview":"max-video-preview:-1"},"canonical":"https:\/\/ivcie24.comith.eu\/fr\/fonctionnement-de-la-commission-interregionale-de-lemballage-cie\/","og_locale":"fr_FR","og_type":"article","og_title":"Fonctionnement de la Commission interr\u00e9gionale de l\u2019Emballage (CIE) | IVC Activiteitenverslag 2022","og_description":"[vc_section css_animation=\u00a0\u00bbnone\u00a0\u00bb el_class=\u00a0\u00bbpageHeadImage\u00a0\u00bb][vc_row el_class=\u00a0\u00bbcontainer\u00a0\u00bb][vc_column][vc_empty_space][vc_column_text] 1. Fonctionnement de la Commission interr\u00e9gionale de l\u2019Emballage (CIE) [\/vc_column_text][\/vc_column][\/vc_row][vc_row el_class=\u00a0\u00bbcontainer\u00a0\u00bb][vc_column width=\u00a0\u00bb2\/3&Prime;][vc_column_text] 1.1 La mission de la CIE [\/vc_column_text][vc_column_text]Les t\u00e2ches de la CIE sont notamment les suivantes : Contr\u00f4ler que les entreprises (responsables d\u2019emballages) et organismes agr\u00e9\u00e9s respectent bien leurs obligations de reprise et d\u2019information. V\u00e9rifier la mani\u00e8re dont les responsables [&hellip;]","og_url":"https:\/\/ivcie24.comith.eu\/fr\/fonctionnement-de-la-commission-interregionale-de-lemballage-cie\/","og_site_name":"IVC Activiteitenverslag 2022","article_publisher":"https:\/\/www.facebook.com\/Interregionale.verpakkingscommissie","article_modified_time":"2023-09-06T06:15:24+00:00","og_image":[{"width":749,"height":1124,"url":"https:\/\/ivcie24.comith.eu\/wp-content\/uploads\/2023\/06\/werking-van-de-interregionale-verpakkingscommis.jpg","type":"image\/jpeg"}],"twitter_card":"summary_large_image","twitter_misc":{"Dur\u00e9e de lecture estim\u00e9e":"4 minutes"},"schema":{"@context":"https:\/\/schema.org","@graph":[{"@type":"WebPage","@id":"https:\/\/ivcie24.comith.eu\/fr\/fonctionnement-de-la-commission-interregionale-de-lemballage-cie\/","url":"https:\/\/ivcie24.comith.eu\/fr\/fonctionnement-de-la-commission-interregionale-de-lemballage-cie\/","name":"Fonctionnement de la Commission interr\u00e9gionale de l\u2019Emballage (CIE) | IVC Activiteitenverslag 2022","isPartOf":{"@id":"https:\/\/ivcie24.comith.eu\/#website"},"primaryImageOfPage":{"@id":"https:\/\/ivcie24.comith.eu\/fr\/fonctionnement-de-la-commission-interregionale-de-lemballage-cie\/#primaryimage"},"image":{"@id":"https:\/\/ivcie24.comith.eu\/fr\/fonctionnement-de-la-commission-interregionale-de-lemballage-cie\/#primaryimage"},"thumbnailUrl":"https:\/\/ivcie24.comith.eu\/wp-content\/uploads\/2023\/06\/werking-van-de-interregionale-verpakkingscommis.jpg","datePublished":"2023-06-05T10:17:30+00:00","dateModified":"2023-09-06T06:15:24+00:00","breadcrumb":{"@id":"https:\/\/ivcie24.comith.eu\/fr\/fonctionnement-de-la-commission-interregionale-de-lemballage-cie\/#breadcrumb"},"inLanguage":"fr-FR","potentialAction":[{"@type":"ReadAction","target":["https:\/\/ivcie24.comith.eu\/fr\/fonctionnement-de-la-commission-interregionale-de-lemballage-cie\/"]}]},{"@type":"ImageObject","inLanguage":"fr-FR","@id":"https:\/\/ivcie24.comith.eu\/fr\/fonctionnement-de-la-commission-interregionale-de-lemballage-cie\/#primaryimage","url":"https:\/\/ivcie24.comith.eu\/wp-content\/uploads\/2023\/06\/werking-van-de-interregionale-verpakkingscommis.jpg","contentUrl":"https:\/\/ivcie24.comith.eu\/wp-content\/uploads\/2023\/06\/werking-van-de-interregionale-verpakkingscommis.jpg","width":749,"height":1124},{"@type":"BreadcrumbList","@id":"https:\/\/ivcie24.comith.eu\/fr\/fonctionnement-de-la-commission-interregionale-de-lemballage-cie\/#breadcrumb","itemListElement":[{"@type":"ListItem","position":1,"name":"Home","item":"https:\/\/ivcie24.comith.eu\/fr\/"},{"@type":"ListItem","position":2,"name":"Fonctionnement de la Commission interr\u00e9gionale de l\u2019Emballage (CIE)"}]},{"@type":"WebSite","@id":"https:\/\/ivcie24.comith.eu\/#website","url":"https:\/\/ivcie24.comith.eu\/","name":"Activiteitenverslag Ivcie 2022","description":"","publisher":{"@id":"https:\/\/ivcie24.comith.eu\/#organization"},"potentialAction":[{"@type":"SearchAction","target":{"@type":"EntryPoint","urlTemplate":"https:\/\/ivcie24.comith.eu\/?s={search_term_string}"},"query-input":{"@type":"PropertyValueSpecification","valueRequired":true,"valueName":"search_term_string"}}],"inLanguage":"fr-FR"},{"@type":"Organization","@id":"https:\/\/ivcie24.comith.eu\/#organization","name":"Ivcie","url":"https:\/\/ivcie24.comith.eu\/","logo":{"@type":"ImageObject","inLanguage":"fr-FR","@id":"https:\/\/ivcie24.comith.eu\/#\/schema\/logo\/image\/","url":"https:\/\/ivcie24.comith.eu\/wp-content\/uploads\/2023\/06\/logo-ivcie.svg","contentUrl":"https:\/\/ivcie24.comith.eu\/wp-content\/uploads\/2023\/06\/logo-ivcie.svg","width":"1024","height":"1024","caption":"Ivcie"},"image":{"@id":"https:\/\/ivcie24.comith.eu\/#\/schema\/logo\/image\/"},"sameAs":["https:\/\/www.facebook.com\/Interregionale.verpakkingscommissie"]}]}},"_links":{"self":[{"href":"https:\/\/ivcie24.comith.eu\/fr\/wp-json\/wp\/v2\/pages\/779","targetHints":{"allow":["GET"]}}],"collection":[{"href":"https:\/\/ivcie24.comith.eu\/fr\/wp-json\/wp\/v2\/pages"}],"about":[{"href":"https:\/\/ivcie24.comith.eu\/fr\/wp-json\/wp\/v2\/types\/page"}],"author":[{"embeddable":true,"href":"https:\/\/ivcie24.comith.eu\/fr\/wp-json\/wp\/v2\/users\/1"}],"replies":[{"embeddable":true,"href":"https:\/\/ivcie24.comith.eu\/fr\/wp-json\/wp\/v2\/comments?post=779"}],"version-history":[{"count":39,"href":"https:\/\/ivcie24.comith.eu\/fr\/wp-json\/wp\/v2\/pages\/779\/revisions"}],"predecessor-version":[{"id":2426,"href":"https:\/\/ivcie24.comith.eu\/fr\/wp-json\/wp\/v2\/pages\/779\/revisions\/2426"}],"wp:featuredmedia":[{"embeddable":true,"href":"https:\/\/ivcie24.comith.eu\/fr\/wp-json\/wp\/v2\/media\/554"}],"wp:attachment":[{"href":"https:\/\/ivcie24.comith.eu\/fr\/wp-json\/wp\/v2\/media?parent=779"}],"curies":[{"name":"wp","href":"https:\/\/api.w.org\/{rel}","templated":true}]}}