{"id":784,"date":"2023-06-05T12:17:45","date_gmt":"2023-06-05T10:17:45","guid":{"rendered":"https:\/\/ivcie24.comith.eu\/valipac\/"},"modified":"2023-08-25T12:09:08","modified_gmt":"2023-08-25T10:09:08","slug":"valipac","status":"publish","type":"page","link":"https:\/\/ivcie24.comith.eu\/fr\/valipac\/","title":{"rendered":"Valipac"},"content":{"rendered":"<section class=\"wpb-content-wrapper\"><p>[vc_section css_animation=\u00a0\u00bbnone\u00a0\u00bb el_class=\u00a0\u00bbpageHeadImage\u00a0\u00bb][vc_row el_class=\u00a0\u00bbcontainer\u00a0\u00bb][vc_column][vc_empty_space][vc_column_text]<\/p>\n<h1>2. Valipac<\/h1>\n<p>[\/vc_column_text][vc_row_inner][vc_column_inner width=\u00a0\u00bb2\/3&Prime;][vc_empty_space height=\u00a0\u00bb63px\u00a0\u00bb][vc_column_text]Le 2 d\u00e9cembre 2021, la Commission interr\u00e9gionale de l\u2019Emballage (CIE) a accord\u00e9 un nouvel agr\u00e9ment de cinq ans \u00e0 Valipac, l\u2019organisme de gestion des d\u00e9chets d&#8217;emballages industriels.<\/p>\n<p>Afin de mettre en place l\u2019\u00e9conomie circulaire, la CIE a fix\u00e9 \u00e0 Valipac des objectifs ambitieux en termes de collecte s\u00e9lective, de recyclage au sein de l\u2019Europe, de pr\u00e9vention, d\u2019\u00e9co-modulation, de circularit\u00e9, de r\u00e9utilisation des d\u00e9chets d\u2019emballages industriels et de transparence des fili\u00e8res de recyclage.<\/p>\n<p>En 2022, les premiers pas ont \u00e9t\u00e9 franchis dans la mise en \u0153uvre du nouvel agr\u00e9ment.[\/vc_column_text][vc_empty_space height=\u00a0\u00bb62px\u00a0\u00bb][\/vc_column_inner][vc_column_inner width=\u00a0\u00bb1\/3&Prime;][\/vc_column_inner][\/vc_row_inner][\/vc_column][\/vc_row][\/vc_section][vc_section css_animation=\u00a0\u00bbnone\u00a0\u00bb][vc_row el_class=\u00a0\u00bbcontainer\u00a0\u00bb][vc_column][vc_column_text]<\/p>\n<h3>Contrats-types op\u00e9rateurs et traders<\/h3>\n<p>Au cours du premier semestre de la p\u00e9riode d&rsquo;agr\u00e9ment 2022-2026, Valipac s\u2019est attel\u00e9 \u00e0 remanier en profondeur le contrat avec les op\u00e9rateurs, conform\u00e9ment \u00e0 l&rsquo;agr\u00e9ment.<\/p>\n<p>L&rsquo;intensification de la coop\u00e9ration avec les traders de d\u00e9chets d&#8217;emballages a n\u00e9cessit\u00e9 l\u2019\u00e9tablissement d\u2019un nouveau contrat-type. Au final, deux contrats-types ont \u00e9t\u00e9 approuv\u00e9s : l\u2019un, pour les traders de d\u00e9chets plastiques et l\u2019autre, pour les traders de papier et carton (approbation temporaire).[\/vc_column_text][vc_column_text]<\/p>\n<h3>Primes cumulatives de Valipac pour les op\u00e9rateurs et les traders<\/h3>\n<p>Depuis 2022, des remboursements suppl\u00e9mentaires sont pr\u00e9vus pour les op\u00e9rateurs et traders, pour parvenir \u00e0 un recyclage de haute qualit\u00e9 du plastique en Europe. Il y a ainsi :<\/p>\n<ul>\n<li>une prime pour le recyclage au sein de l&rsquo;Union europ\u00e9enne (20 EUR\/tonne) ;<\/li>\n<li>une prime pour le recyclage en Belgique ou environs imm\u00e9diats (10 EUR\/tonne) ;<\/li>\n<li>une prime pour le recyclage chez les recycleurs certifi\u00e9s par EuCertPlast (5 EUR\/tonne).<\/li>\n<\/ul>\n<p>Ces primes sont cumulatives et accord\u00e9es aux op\u00e9rateurs et traders qui fournissent la preuve qu&rsquo;ils ont fait recycler des d\u00e9chets d&#8217;emballages industriels d&rsquo;origine belge en Europe.<\/p>\n<p>Ce nouveau syst\u00e8me de primes garantit un suivi \u00e9troit des fili\u00e8res de traitement concern\u00e9es. Valipac reste ainsi un pionnier en Europe et garde un \u0153il attentif sur le recyclage au niveau mondial.[\/vc_column_text][vc_column_text]<\/p>\n<h3>Plans d&rsquo;actions pr\u00e9vention et r\u00e9utilisation<\/h3>\n<div>\n<p>Conform\u00e9ment aux conditions d\u2019agr\u00e9ment, Valipac a soumis un plan d&rsquo;actions qui propose des projets pilotes et les encadre par des actions d&rsquo;accompagnement. Tous les projets sont \u00e9labor\u00e9s en collaboration avec les R\u00e9gions et les secteurs concern\u00e9s. Deux projets ont d\u00e9marr\u00e9 en 2022 :<\/p>\n<ul>\n<li>Collecte s\u00e9lective et recyclage d\u2019a\u00e9rosols de PU ;<\/li>\n<li>Recyclage film-to-film.<\/li>\n<\/ul>\n<p>Un plan de communication d\u00e9taill\u00e9 soutiendra le d\u00e9ploiement ult\u00e9rieur des projets qui seront s\u00e9lectionn\u00e9s, apr\u00e8s analyse.<\/p>\n<p>Dans le cadre du plan d&rsquo;actions, Valipac r\u00e9alise \u00e9galement des analyses comparatives pour et en collaboration avec les principales f\u00e9d\u00e9rations sectorielles.<\/p>\n<\/div>\n<p>[\/vc_column_text][\/vc_column][\/vc_row][\/vc_section][vc_section css_animation=\u00a0\u00bbnone\u00a0\u00bb][vc_row el_class=\u00a0\u00bbcontainer\u00a0\u00bb][vc_column][vc_column_text]<\/p>\n<h2><span style=\"text-decoration: underline;\">2.1<\/span> R\u00e9sultats de la <strong>cartographie 2021 <\/strong><\/h2>\n<p>[\/vc_column_text][vc_column_text]Dans le cadre de la cartographie, Valipac fournit un rapportage \u00e0 la CIE sur les destinations finales des flux plastiques.<\/p>\n<p>La cartographie retrace les cha\u00eenes de recyclage, du collecteur et trader au recycleur final. Au total, la fili\u00e8re de 63 kilotonnes de d\u00e9chets d&#8217;emballages plastiques industriels a pu \u00eatre enti\u00e8rement cartographi\u00e9e. Ces d\u00e9chets ont \u00e9t\u00e9 recycl\u00e9s en Europe, en Asie ou en Turquie. Le volume total enregistr\u00e9 a augment\u00e9 de 6 700 tonnes pour atteindre 63 176 tonnes en 2021. L&rsquo;augmentation par rapport \u00e0 2020 est due \u00e0 l&rsquo;Europe (+ 2 900 tonnes) et \u00e0 l&rsquo;Asie (+ 4 500 tonnes), tandis que la Turquie enregistre une l\u00e9g\u00e8re perte (- 830 tonnes).[\/vc_column_text][vc_row_inner][vc_column_inner][vc_single_image image=\u00a0\u00bb1487&Prime; img_size=\u00a0\u00bbfull\u00a0\u00bb alignment=\u00a0\u00bbcenter\u00a0\u00bb onclick=\u00a0\u00bblink_image\u00a0\u00bb css_animation=\u00a0\u00bbnone\u00a0\u00bb el_class=\u00a0\u00bbmax450&Prime;][\/vc_column_inner][\/vc_row_inner][vc_column_text]Ces tonnages repr\u00e9sentent 99 % de l&rsquo;ensemble des d\u00e9chets d&#8217;emballages plastiques industriels envoy\u00e9s au recyclage par les op\u00e9rateurs sous contrat avec Valipac. Ce dernier est donc en bonne voie pour atteindre les 100 % de tra\u00e7abilit\u00e9 impos\u00e9s par le nouvel agr\u00e9ment.<\/p>\n<p>Sur la base de contrats conclus avec 17 traders de plastique, Valipac a r\u00e9alis\u00e9 35 audits en Turquie et en Asie en 2021 et 2022. Valipac et la CIE \u00e9valuent conjointement les r\u00e9sultats et \u00e9laborent ensemble la future strat\u00e9gie d&rsquo;audit.[\/vc_column_text][\/vc_column][\/vc_row][\/vc_section][vc_section css_animation=\u00a0\u00bbnone\u00a0\u00bb][vc_row el_class=\u00a0\u00bbcontainer\u00a0\u00bb][vc_column][vc_column_text]<\/p>\n<h2><span style=\"text-decoration: underline;\">2.2<\/span> Aper\u00e7u global des <strong>destinations finales de recyclage<\/strong><\/h2>\n<p>[\/vc_column_text][vc_column_text]Les chiffres ci-dessous sont fournis par l\u2019organisme agr\u00e9\u00e9 Valipac. Les chiffres relatifs au plastique proviennent de la cartographie et sont donc d\u2019une tr\u00e8s grande pr\u00e9cision. Cette cartographie sera de plus en plus \u00e9largie \u00e0 d\u2019autres mat\u00e9riaux \u00e0 l&rsquo;avenir.[\/vc_column_text][vc_row_inner][vc_column_inner][vc_single_image image=\u00a0\u00bb1492&Prime; img_size=\u00a0\u00bbfull\u00a0\u00bb alignment=\u00a0\u00bbcenter\u00a0\u00bb onclick=\u00a0\u00bblink_image\u00a0\u00bb css_animation=\u00a0\u00bbnone\u00a0\u00bb el_class=\u00a0\u00bbmax450&Prime;][\/vc_column_inner][\/vc_row_inner][\/vc_column][\/vc_row][\/vc_section]<\/p>\n<\/section>","protected":false},"excerpt":{"rendered":"<p>[vc_section css_animation=\u00a0\u00bbnone\u00a0\u00bb el_class=\u00a0\u00bbpageHeadImage\u00a0\u00bb][vc_row el_class=\u00a0\u00bbcontainer\u00a0\u00bb][vc_column][vc_empty_space][vc_column_text] 2. Valipac [\/vc_column_text][vc_row_inner][vc_column_inner width=\u00a0\u00bb2\/3&Prime;][vc_empty_space height=\u00a0\u00bb63px\u00a0\u00bb][vc_column_text]Le 2 d\u00e9cembre 2021, la Commission interr\u00e9gionale de l\u2019Emballage (CIE) a accord\u00e9 un nouvel agr\u00e9ment de cinq ans \u00e0 Valipac, l\u2019organisme de gestion des d\u00e9chets d&#8217;emballages industriels. Afin de mettre en place l\u2019\u00e9conomie circulaire, la CIE a fix\u00e9 \u00e0 Valipac des objectifs ambitieux en termes de collecte [&hellip;]<\/p>\n","protected":false},"author":1,"featured_media":75,"parent":0,"menu_order":0,"comment_status":"closed","ping_status":"closed","template":"","meta":{"_acf_changed":false,"inline_featured_image":false,"footnotes":""},"class_list":["post-784","page","type-page","status-publish","hentry"],"acf":[],"yoast_head":"<!-- This site is optimized with the Yoast SEO plugin v25.3.1 - https:\/\/yoast.com\/wordpress\/plugins\/seo\/ -->\n<title>Valipac | IVC Activiteitenverslag 2022<\/title>\n<meta name=\"robots\" content=\"index, follow, max-snippet:-1, max-image-preview:large, max-video-preview:-1\" \/>\n<link rel=\"canonical\" href=\"https:\/\/ivcie24.comith.eu\/fr\/valipac\/\" \/>\n<meta property=\"og:locale\" content=\"fr_FR\" \/>\n<meta property=\"og:type\" content=\"article\" \/>\n<meta property=\"og:title\" content=\"Valipac | IVC Activiteitenverslag 2022\" \/>\n<meta property=\"og:description\" content=\"[vc_section css_animation=\u00a0\u00bbnone\u00a0\u00bb el_class=\u00a0\u00bbpageHeadImage\u00a0\u00bb][vc_row el_class=\u00a0\u00bbcontainer\u00a0\u00bb][vc_column][vc_empty_space][vc_column_text] 2. Valipac [\/vc_column_text][vc_row_inner][vc_column_inner width=\u00a0\u00bb2\/3&Prime;][vc_empty_space height=\u00a0\u00bb63px\u00a0\u00bb][vc_column_text]Le 2 d\u00e9cembre 2021, la Commission interr\u00e9gionale de l\u2019Emballage (CIE) a accord\u00e9 un nouvel agr\u00e9ment de cinq ans \u00e0 Valipac, l\u2019organisme de gestion des d\u00e9chets d&#8217;emballages industriels. Afin de mettre en place l\u2019\u00e9conomie circulaire, la CIE a fix\u00e9 \u00e0 Valipac des objectifs ambitieux en termes de collecte [&hellip;]\" \/>\n<meta property=\"og:url\" content=\"https:\/\/ivcie24.comith.eu\/fr\/valipac\/\" \/>\n<meta property=\"og:site_name\" content=\"IVC Activiteitenverslag 2022\" \/>\n<meta property=\"article:publisher\" content=\"https:\/\/www.facebook.com\/Interregionale.verpakkingscommissie\" \/>\n<meta property=\"article:modified_time\" content=\"2023-08-25T10:09:08+00:00\" \/>\n<meta property=\"og:image\" content=\"https:\/\/ivcie24.comith.eu\/wp-content\/uploads\/2023\/06\/Valipac.jpg\" \/>\n\t<meta property=\"og:image:width\" content=\"1400\" \/>\n\t<meta property=\"og:image:height\" content=\"937\" \/>\n\t<meta property=\"og:image:type\" content=\"image\/jpeg\" \/>\n<meta name=\"twitter:card\" content=\"summary_large_image\" \/>\n<meta name=\"twitter:label1\" content=\"Dur\u00e9e de lecture estim\u00e9e\" \/>\n\t<meta name=\"twitter:data1\" content=\"4 minutes\" \/>\n<script type=\"application\/ld+json\" class=\"yoast-schema-graph\">{\"@context\":\"https:\/\/schema.org\",\"@graph\":[{\"@type\":\"WebPage\",\"@id\":\"https:\/\/ivcie24.comith.eu\/fr\/valipac\/\",\"url\":\"https:\/\/ivcie24.comith.eu\/fr\/valipac\/\",\"name\":\"Valipac | IVC Activiteitenverslag 2022\",\"isPartOf\":{\"@id\":\"https:\/\/ivcie24.comith.eu\/#website\"},\"primaryImageOfPage\":{\"@id\":\"https:\/\/ivcie24.comith.eu\/fr\/valipac\/#primaryimage\"},\"image\":{\"@id\":\"https:\/\/ivcie24.comith.eu\/fr\/valipac\/#primaryimage\"},\"thumbnailUrl\":\"https:\/\/ivcie24.comith.eu\/wp-content\/uploads\/2023\/06\/Valipac.jpg\",\"datePublished\":\"2023-06-05T10:17:45+00:00\",\"dateModified\":\"2023-08-25T10:09:08+00:00\",\"breadcrumb\":{\"@id\":\"https:\/\/ivcie24.comith.eu\/fr\/valipac\/#breadcrumb\"},\"inLanguage\":\"fr-FR\",\"potentialAction\":[{\"@type\":\"ReadAction\",\"target\":[\"https:\/\/ivcie24.comith.eu\/fr\/valipac\/\"]}]},{\"@type\":\"ImageObject\",\"inLanguage\":\"fr-FR\",\"@id\":\"https:\/\/ivcie24.comith.eu\/fr\/valipac\/#primaryimage\",\"url\":\"https:\/\/ivcie24.comith.eu\/wp-content\/uploads\/2023\/06\/Valipac.jpg\",\"contentUrl\":\"https:\/\/ivcie24.comith.eu\/wp-content\/uploads\/2023\/06\/Valipac.jpg\",\"width\":1400,\"height\":937},{\"@type\":\"BreadcrumbList\",\"@id\":\"https:\/\/ivcie24.comith.eu\/fr\/valipac\/#breadcrumb\",\"itemListElement\":[{\"@type\":\"ListItem\",\"position\":1,\"name\":\"Home\",\"item\":\"https:\/\/ivcie24.comith.eu\/fr\/\"},{\"@type\":\"ListItem\",\"position\":2,\"name\":\"Valipac\"}]},{\"@type\":\"WebSite\",\"@id\":\"https:\/\/ivcie24.comith.eu\/#website\",\"url\":\"https:\/\/ivcie24.comith.eu\/\",\"name\":\"Activiteitenverslag Ivcie 2022\",\"description\":\"\",\"publisher\":{\"@id\":\"https:\/\/ivcie24.comith.eu\/#organization\"},\"potentialAction\":[{\"@type\":\"SearchAction\",\"target\":{\"@type\":\"EntryPoint\",\"urlTemplate\":\"https:\/\/ivcie24.comith.eu\/?s={search_term_string}\"},\"query-input\":{\"@type\":\"PropertyValueSpecification\",\"valueRequired\":true,\"valueName\":\"search_term_string\"}}],\"inLanguage\":\"fr-FR\"},{\"@type\":\"Organization\",\"@id\":\"https:\/\/ivcie24.comith.eu\/#organization\",\"name\":\"Ivcie\",\"url\":\"https:\/\/ivcie24.comith.eu\/\",\"logo\":{\"@type\":\"ImageObject\",\"inLanguage\":\"fr-FR\",\"@id\":\"https:\/\/ivcie24.comith.eu\/#\/schema\/logo\/image\/\",\"url\":\"https:\/\/ivcie24.comith.eu\/wp-content\/uploads\/2023\/06\/logo-ivcie.svg\",\"contentUrl\":\"https:\/\/ivcie24.comith.eu\/wp-content\/uploads\/2023\/06\/logo-ivcie.svg\",\"width\":\"1024\",\"height\":\"1024\",\"caption\":\"Ivcie\"},\"image\":{\"@id\":\"https:\/\/ivcie24.comith.eu\/#\/schema\/logo\/image\/\"},\"sameAs\":[\"https:\/\/www.facebook.com\/Interregionale.verpakkingscommissie\"]}]}<\/script>\n<!-- \/ Yoast SEO plugin. -->","yoast_head_json":{"title":"Valipac | IVC Activiteitenverslag 2022","robots":{"index":"index","follow":"follow","max-snippet":"max-snippet:-1","max-image-preview":"max-image-preview:large","max-video-preview":"max-video-preview:-1"},"canonical":"https:\/\/ivcie24.comith.eu\/fr\/valipac\/","og_locale":"fr_FR","og_type":"article","og_title":"Valipac | IVC Activiteitenverslag 2022","og_description":"[vc_section css_animation=\u00a0\u00bbnone\u00a0\u00bb el_class=\u00a0\u00bbpageHeadImage\u00a0\u00bb][vc_row el_class=\u00a0\u00bbcontainer\u00a0\u00bb][vc_column][vc_empty_space][vc_column_text] 2. Valipac [\/vc_column_text][vc_row_inner][vc_column_inner width=\u00a0\u00bb2\/3&Prime;][vc_empty_space height=\u00a0\u00bb63px\u00a0\u00bb][vc_column_text]Le 2 d\u00e9cembre 2021, la Commission interr\u00e9gionale de l\u2019Emballage (CIE) a accord\u00e9 un nouvel agr\u00e9ment de cinq ans \u00e0 Valipac, l\u2019organisme de gestion des d\u00e9chets d&#8217;emballages industriels. Afin de mettre en place l\u2019\u00e9conomie circulaire, la CIE a fix\u00e9 \u00e0 Valipac des objectifs ambitieux en termes de collecte [&hellip;]","og_url":"https:\/\/ivcie24.comith.eu\/fr\/valipac\/","og_site_name":"IVC Activiteitenverslag 2022","article_publisher":"https:\/\/www.facebook.com\/Interregionale.verpakkingscommissie","article_modified_time":"2023-08-25T10:09:08+00:00","og_image":[{"width":1400,"height":937,"url":"https:\/\/ivcie24.comith.eu\/wp-content\/uploads\/2023\/06\/Valipac.jpg","type":"image\/jpeg"}],"twitter_card":"summary_large_image","twitter_misc":{"Dur\u00e9e de lecture estim\u00e9e":"4 minutes"},"schema":{"@context":"https:\/\/schema.org","@graph":[{"@type":"WebPage","@id":"https:\/\/ivcie24.comith.eu\/fr\/valipac\/","url":"https:\/\/ivcie24.comith.eu\/fr\/valipac\/","name":"Valipac | IVC Activiteitenverslag 2022","isPartOf":{"@id":"https:\/\/ivcie24.comith.eu\/#website"},"primaryImageOfPage":{"@id":"https:\/\/ivcie24.comith.eu\/fr\/valipac\/#primaryimage"},"image":{"@id":"https:\/\/ivcie24.comith.eu\/fr\/valipac\/#primaryimage"},"thumbnailUrl":"https:\/\/ivcie24.comith.eu\/wp-content\/uploads\/2023\/06\/Valipac.jpg","datePublished":"2023-06-05T10:17:45+00:00","dateModified":"2023-08-25T10:09:08+00:00","breadcrumb":{"@id":"https:\/\/ivcie24.comith.eu\/fr\/valipac\/#breadcrumb"},"inLanguage":"fr-FR","potentialAction":[{"@type":"ReadAction","target":["https:\/\/ivcie24.comith.eu\/fr\/valipac\/"]}]},{"@type":"ImageObject","inLanguage":"fr-FR","@id":"https:\/\/ivcie24.comith.eu\/fr\/valipac\/#primaryimage","url":"https:\/\/ivcie24.comith.eu\/wp-content\/uploads\/2023\/06\/Valipac.jpg","contentUrl":"https:\/\/ivcie24.comith.eu\/wp-content\/uploads\/2023\/06\/Valipac.jpg","width":1400,"height":937},{"@type":"BreadcrumbList","@id":"https:\/\/ivcie24.comith.eu\/fr\/valipac\/#breadcrumb","itemListElement":[{"@type":"ListItem","position":1,"name":"Home","item":"https:\/\/ivcie24.comith.eu\/fr\/"},{"@type":"ListItem","position":2,"name":"Valipac"}]},{"@type":"WebSite","@id":"https:\/\/ivcie24.comith.eu\/#website","url":"https:\/\/ivcie24.comith.eu\/","name":"Activiteitenverslag Ivcie 2022","description":"","publisher":{"@id":"https:\/\/ivcie24.comith.eu\/#organization"},"potentialAction":[{"@type":"SearchAction","target":{"@type":"EntryPoint","urlTemplate":"https:\/\/ivcie24.comith.eu\/?s={search_term_string}"},"query-input":{"@type":"PropertyValueSpecification","valueRequired":true,"valueName":"search_term_string"}}],"inLanguage":"fr-FR"},{"@type":"Organization","@id":"https:\/\/ivcie24.comith.eu\/#organization","name":"Ivcie","url":"https:\/\/ivcie24.comith.eu\/","logo":{"@type":"ImageObject","inLanguage":"fr-FR","@id":"https:\/\/ivcie24.comith.eu\/#\/schema\/logo\/image\/","url":"https:\/\/ivcie24.comith.eu\/wp-content\/uploads\/2023\/06\/logo-ivcie.svg","contentUrl":"https:\/\/ivcie24.comith.eu\/wp-content\/uploads\/2023\/06\/logo-ivcie.svg","width":"1024","height":"1024","caption":"Ivcie"},"image":{"@id":"https:\/\/ivcie24.comith.eu\/#\/schema\/logo\/image\/"},"sameAs":["https:\/\/www.facebook.com\/Interregionale.verpakkingscommissie"]}]}},"_links":{"self":[{"href":"https:\/\/ivcie24.comith.eu\/fr\/wp-json\/wp\/v2\/pages\/784","targetHints":{"allow":["GET"]}}],"collection":[{"href":"https:\/\/ivcie24.comith.eu\/fr\/wp-json\/wp\/v2\/pages"}],"about":[{"href":"https:\/\/ivcie24.comith.eu\/fr\/wp-json\/wp\/v2\/types\/page"}],"author":[{"embeddable":true,"href":"https:\/\/ivcie24.comith.eu\/fr\/wp-json\/wp\/v2\/users\/1"}],"replies":[{"embeddable":true,"href":"https:\/\/ivcie24.comith.eu\/fr\/wp-json\/wp\/v2\/comments?post=784"}],"version-history":[{"count":14,"href":"https:\/\/ivcie24.comith.eu\/fr\/wp-json\/wp\/v2\/pages\/784\/revisions"}],"predecessor-version":[{"id":1921,"href":"https:\/\/ivcie24.comith.eu\/fr\/wp-json\/wp\/v2\/pages\/784\/revisions\/1921"}],"wp:featuredmedia":[{"embeddable":true,"href":"https:\/\/ivcie24.comith.eu\/fr\/wp-json\/wp\/v2\/media\/75"}],"wp:attachment":[{"href":"https:\/\/ivcie24.comith.eu\/fr\/wp-json\/wp\/v2\/media?parent=784"}],"curies":[{"name":"wp","href":"https:\/\/api.w.org\/{rel}","templated":true}]}}