{"id":788,"date":"2023-06-05T12:17:59","date_gmt":"2023-06-05T10:17:59","guid":{"rendered":"https:\/\/ivcie24.comith.eu\/fost-plus\/"},"modified":"2023-08-20T17:29:16","modified_gmt":"2023-08-20T15:29:16","slug":"fost-plus","status":"publish","type":"page","link":"https:\/\/ivcie24.comith.eu\/fr\/fost-plus\/","title":{"rendered":"Fost Plus"},"content":{"rendered":"<section class=\"wpb-content-wrapper\"><p>[vc_section css_animation=\u00a0\u00bbnone\u00a0\u00bb el_class=\u00a0\u00bbpageHeadImage\u00a0\u00bb][vc_row el_class=\u00a0\u00bbcontainer\u00a0\u00bb][vc_column][vc_empty_space][vc_column_text]<\/p>\n<h1>3. Fost Plus<\/h1>\n<p>[\/vc_column_text][vc_row_inner][vc_column_inner width=\u00a0\u00bb2\/3&Prime;][vc_empty_space height=\u00a0\u00bb75px\u00a0\u00bb][vc_column_text]<\/p>\n<h2><span style=\"text-decoration: underline;\">3.1<\/span> Pr\u00e9paration du <strong>nouvel agr\u00e9ment <\/strong><\/h2>\n<p>[\/vc_column_text][vc_column_text]Fost Plus a introduit sa nouvelle demande d\u2019agr\u00e9ment \u00e0 la mi-2023. En 2022, la CIE a d\u00e9marr\u00e9 un exercice visant \u00e0 d\u00e9finir ses attentes par rapport \u00e0 la demande d\u2019agr\u00e9ment de Fost Plus. De cette mani\u00e8re, la CIE esp\u00e8re commencer au plus vite les concertations avec Fost Plus et les parties prenantes.<\/p>\n<p>Une nouvelle \u00e9tude papier\/carton a ainsi \u00e9t\u00e9 lanc\u00e9e, en pr\u00e9vision du nouvel agr\u00e9ment, pour r\u00e9analyser la composition du flux papier\/carton et r\u00e9partir les co\u00fbts de collecte de ce flux entre d\u00e9chets d&#8217;emballages et non-d\u00e9chets d&#8217;emballages. Des travaux ont aussi \u00e9t\u00e9 men\u00e9s sur l&rsquo;\u00e9co-modulation des tarifs, en particulier, le tarif dissuasif pour les emballages perturbateurs ou non recyclables, ainsi que le remboursement pour les emballages dans les flux d&#8217;emballages m\u00e9nagers dangereux.<\/p>\n<p>&nbsp;<\/p>\n<p>[\/vc_column_text][\/vc_column_inner][vc_column_inner width=\u00a0\u00bb1\/3&Prime;][\/vc_column_inner][\/vc_row_inner][\/vc_column][\/vc_row][\/vc_section][vc_section css_animation=\u00a0\u00bbnone\u00a0\u00bb][vc_row el_class=\u00a0\u00bbcontainer\u00a0\u00bb][vc_column][vc_column_text]<\/p>\n<h2><span style=\"text-decoration: underline;\">3.2<\/span> <strong>Tri<\/strong> et <strong>recyclage<\/strong><\/h2>\n<p>[\/vc_column_text][vc_column_text]Depuis la fin 2021, l\u2019utilisation du nouveau sac bleu \u00e9largi s\u2019\u00e9tend \u00e0 l&rsquo;ensemble du territoire belge. Depuis 2023, le nouveau sac bleu est d\u00e9sormais tri\u00e9 en un minimum de seize fractions, dans des centres de tri flambant neufs, dans le but d&rsquo;assurer un recyclage de la plus haute qualit\u00e9. Les nouveaux centres de tri sont devenus op\u00e9rationnels en 2021 et 2022.<\/p>\n<p>Les fractions concern\u00e9es sont les suivantes :[\/vc_column_text][\/vc_column][\/vc_row][vc_row el_class=\u00a0\u00bbcontainer\u00a0\u00bb][vc_column width=\u00a0\u00bb1\/2&Prime;][vc_column_text]<\/p>\n<ul>\n<li>Bouteilles en PET transparentes non color\u00e9es<\/li>\n<li>Bouteilles en PET transparentes de couleur bleue<\/li>\n<li>Bouteilles en PET transparentes d&rsquo;autres couleurs<\/li>\n<li>(Bouteilles en) PET opaque<\/li>\n<li>Barquettes en PET<\/li>\n<li>HDPE<\/li>\n<li>PP<\/li>\n<li>PS<\/li>\n<\/ul>\n<p>[\/vc_column_text][\/vc_column][vc_column width=\u00a0\u00bb1\/2&Prime;][vc_column_text]<\/p>\n<ul>\n<li>PO en m\u00e9lange<\/li>\n<li>Films PE<\/li>\n<li>Autres films<\/li>\n<li>Cartons \u00e0 boissons<\/li>\n<li>M\u00e9taux ferreux<\/li>\n<li>Aluminium<\/li>\n<li>Petit aluminium<\/li>\n<li>R\u00e9sidu<\/li>\n<\/ul>\n<p>[\/vc_column_text][\/vc_column][\/vc_row][vc_row el_class=\u00a0\u00bbcontainer\u00a0\u00bb][vc_column][vc_column_text]Les fractions de haute qualit\u00e9 qui sortent des nouveaux centres de tri doivent aussi b\u00e9n\u00e9ficier d\u2019un recyclage de la plus haute qualit\u00e9.<\/p>\n<p>C\u2019est pourquoi Fost Plus a organis\u00e9 de nouveaux march\u00e9s de recyclage pour les plastiques, afin de garantir un recyclage aussi circulaire que possible. Parall\u00e8lement, un mouvement a \u00e9t\u00e9 initi\u00e9, visant \u00e0 maximiser le recyclage effectu\u00e9 en Belgique. Ce qui devient possible gr\u00e2ce \u00e0 la construction de nouvelles usines de recyclage, d\u00e9j\u00e0 en service ou qui d\u00e9marreront en 2023 et 2024.[\/vc_column_text][\/vc_column][\/vc_row][\/vc_section][vc_section css_animation=\u00a0\u00bbnone\u00a0\u00bb][vc_row el_class=\u00a0\u00bbcontainer\u00a0\u00bb][vc_column][vc_column_text]<\/p>\n<h3>3.2.1 Centres de tri<\/h3>\n<p>Le tri du flux PMC \u00e9largi aura lieu enti\u00e8rement dans le pays. Quatre nouveaux centres de tri ont d\u00e9j\u00e0 \u00e9t\u00e9 construits \u00e0 cet effet, r\u00e9partis sur l\u2019ensemble de la Belgique. Un cinqui\u00e8me centre de tri a d\u00e9marr\u00e9 d\u00e9but 2023 : Sitel (Engis).[\/vc_column_text][vc_row_inner equal_height=\u00a0\u00bbyes\u00a0\u00bb rtl_reverse=\u00a0\u00bbyes\u00a0\u00bb el_class=\u00a0\u00bbswitchBeforeMobile\u00a0\u00bb][vc_column_inner width=\u00a0\u00bb1\/3&Prime;][vc_column_text el_class=\u00a0\u00bbnoGreenDots\u00a0\u00bb]<strong>Indaver<\/strong><\/p>\n<ul>\n<li>Willebroek<\/li>\n<li>Op\u00e9rationnel depuis d\u00e9cembre 2020<\/li>\n<li>Tonnage annuel : 60 000 tonnes<\/li>\n<\/ul>\n<p><strong>Valtris<\/strong><\/p>\n<ul>\n<li>Couillet (Charleroi)<\/li>\n<li>Op\u00e9rationnel depuis juin 2021<\/li>\n<li>Tonnage annuel : 40 000 tonnes<\/li>\n<\/ul>\n<p><strong>Val\u2019Up<\/strong><\/p>\n<ul>\n<li>Ghlin (Mons)<\/li>\n<li>Op\u00e9rationnel depuis le 4<sup>\u00e8me<\/sup> trimestre 2021<\/li>\n<li>Tonnage annuel : 50 000 tonnes<\/li>\n<\/ul>\n<p><strong>Prezero<\/strong><\/p>\n<ul>\n<li>Evergem<\/li>\n<li>Op\u00e9rationnel depuis janvier 2021<\/li>\n<li>Tonnage annuel : 78 000 tonnes<\/li>\n<\/ul>\n<p><strong>Sitel<\/strong><\/p>\n<ul>\n<li>Engis (Hermalle-sous-Huy)<\/li>\n<li>Op\u00e9rationnel depuis le 1<sup>er<\/sup> trimestre 2023<\/li>\n<li>Tonnage annuel : pr\u00e8s de 40 000 tonnes<\/li>\n<\/ul>\n<p>[\/vc_column_text][\/vc_column_inner][vc_column_inner width=\u00a0\u00bb2\/3&Prime;][vc_raw_html]JTNDZGl2JTIwY2xhc3MlM0QlMjJtYXAlMjIlM0UlMEElMjAlMjAlMjAlMjAlM0NpbWclMjBzcmMlM0QlMjIlMkZ3cC1jb250ZW50JTJGdXBsb2FkcyUyRjIwMjMlMkYwNiUyRkthYXJ0X0JlbGdpZS5wbmclMjIlM0UlMEElMjAlMjAlMjAlMjAlM0NkaXYlMjBjbGFzcyUzRCUyMm1hcmtlciUyMiUyMGlkJTNEJTIyaW5kYXZlciUyMiUzRSUzQ2ltZyUyMHNyYyUzRCUyMiUyRndwLWNvbnRlbnQlMkZ1cGxvYWRzJTJGMjAyMyUyRjA2JTJGbG9jYXRvci5wbmclMjIlM0UlM0MlMkZkaXYlM0UlMEElMjAlMjAlMjAlMjAlM0NkaXYlMjBjbGFzcyUzRCUyMm1hcmtlciUyMiUyMGlkJTNEJTIydmFsdHJpcyUyMiUzRSUzQ2ltZyUyMHNyYyUzRCUyMiUyRndwLWNvbnRlbnQlMkZ1cGxvYWRzJTJGMjAyMyUyRjA2JTJGbG9jYXRvci5wbmclMjIlM0UlM0MlMkZkaXYlM0UlMEElMjAlMjAlMjAlMjAlM0NkaXYlMjBjbGFzcyUzRCUyMm1hcmtlciUyMiUyMGlkJTNEJTIydmFsdXAlMjIlM0UlM0NpbWclMjBzcmMlM0QlMjIlMkZ3cC1jb250ZW50JTJGdXBsb2FkcyUyRjIwMjMlMkYwNiUyRmxvY2F0b3IucG5nJTIyJTNFJTNDJTJGZGl2JTNFJTBBJTIwJTIwJTIwJTIwJTNDZGl2JTIwY2xhc3MlM0QlMjJtYXJrZXIlMjIlMjBpZCUzRCUyMnByZXplcm8lMjIlM0UlM0NpbWclMjBzcmMlM0QlMjIlMkZ3cC1jb250ZW50JTJGdXBsb2FkcyUyRjIwMjMlMkYwNiUyRmxvY2F0b3IucG5nJTIyJTNFJTNDJTJGZGl2JTNFJTBBJTIwJTIwJTIwJTIwJTNDZGl2JTIwY2xhc3MlM0QlMjJtYXJrZXIlMjIlMjBpZCUzRCUyMnNpdGVsJTIyJTNFJTNDaW1nJTIwc3JjJTNEJTIyJTJGd3AtY29udGVudCUyRnVwbG9hZHMlMkYyMDIzJTJGMDYlMkZsb2NhdG9yLnBuZyUyMiUzRSUzQyUyRmRpdiUzRSUwQSUzQyUyRmRpdiUzRQ==[\/vc_raw_html][\/vc_column_inner][\/vc_row_inner][vc_column_text]Le centre de tri existant de Vanheede (Rumbeke) sert aussi au tri de la nouvelle fraction PMC et est notamment sp\u00e9cialis\u00e9 dans le tri des PMC entreprises, ainsi que dans le post-tri des r\u00e9sidus PMC.<\/p>\n<p>&nbsp;<\/p>\n<p>[\/vc_column_text][\/vc_column][\/vc_row][\/vc_section][vc_section css_animation=\u00a0\u00bbnone\u00a0\u00bb][vc_row el_class=\u00a0\u00bbcontainer\u00a0\u00bb][vc_column][vc_column_text]<\/p>\n<h3>3.2.2 Usines de recyclage<\/h3>\n<p>Les diff\u00e9rents flux plastiques sont trait\u00e9s de mani\u00e8re qualitative, gr\u00e2ce aux nouvelles constructions (ou transformations) d\u2019usines de recyclage en Belgique et \u00e0 la conclusion de contrats \u00e0 long terme. La Belgique investit ainsi sur un recyclage \u00e0 l&rsquo;int\u00e9rieur de ses fronti\u00e8res, pour en assurer une qualit\u00e9 et un contr\u00f4le optimaux.[\/vc_column_text][vc_row_inner equal_height=\u00a0\u00bbyes\u00a0\u00bb rtl_reverse=\u00a0\u00bbyes\u00a0\u00bb el_class=\u00a0\u00bbswitchBeforeMobile\u00a0\u00bb][vc_column_inner width=\u00a0\u00bb1\/3&Prime;][vc_column_text el_class=\u00a0\u00bbnoGreenDots\u00a0\u00bb]<strong>Ecoo Houthalen<br \/>\n<\/strong>Recyclage de plastiques en m\u00e9lange : MPO (polyol\u00e9fines en m\u00e9lange) et films en m\u00e9lange (autres que films en PE). Les films en m\u00e9lange et plastiques MPO sont recycl\u00e9s en regranulat MPO de 400-2000 microns, agglom\u00e9rat MPO et paillettes pour des applications industrielles, telles que des bancs, des bordures de jardin ou des bacs \u00e0 compost durables.<\/p>\n<ul>\n<li>Houthalen-Helchteren<\/li>\n<li>Nouvelle ligne op\u00e9rationnelle depuis janvier 2021<\/li>\n<li>Tonnage annuel : 35 000 tonnes<\/li>\n<\/ul>\n<p>&nbsp;<\/p>\n<p><strong>Ecoo Beringen<br \/>\n<\/strong>Recyclage des films en PE. Les films d&#8217;emballages m\u00e9nagers sont retransform\u00e9s en sacs poubelle, en films d&#8217;emballage ou en d&rsquo;autres applications de films.<\/p>\n<ul>\n<li>Beringen<\/li>\n<li>Op\u00e9rationnel depuis mai 2022<\/li>\n<li>Tonnage annuel : 42 000 tonnes<\/li>\n<\/ul>\n<p>&nbsp;<\/p>\n<p><strong>Filao<\/strong><br \/>\nRecyclage de bouteilles en PET. Les bouteilles en PET transparentes, non color\u00e9es et de couleur bleue, sont transform\u00e9es en PET recycl\u00e9 de haute qualit\u00e9 pour des utilisations pr\u00e9servant la s\u00e9curit\u00e9 alimentaire. Le PET recycl\u00e9, ou r-PET, est ensuite notamment r\u00e9introduit sur le march\u00e9 belge \u00e0 travers l&rsquo;eau en bouteille des diff\u00e9rentes marques des Sources Alma et les marques de leurs partenaires du secteur de la distribution.<\/p>\n<ul>\n<li>Couillet (Charleroi)<\/li>\n<li>Op\u00e9rationnel depuis 2023<\/li>\n<li>Tonnage annuel : 40 000 tonnes<\/li>\n<\/ul>\n<p>[\/vc_column_text][vc_empty_space][\/vc_column_inner][vc_column_inner width=\u00a0\u00bb2\/3&Prime;][vc_empty_space height=\u00a0\u00bb120px\u00a0\u00bb][vc_raw_html]JTNDZGl2JTIwY2xhc3MlM0QlMjJtYXAlMjIlM0UlMEElMjAlMjAlMjAlMjAlM0NpbWclMjBzcmMlM0QlMjIlMkZ3cC1jb250ZW50JTJGdXBsb2FkcyUyRjIwMjMlMkYwNiUyRkthYXJ0X0JlbGdpZS5wbmclMjIlM0UlMEElMjAlMjAlMjAlMjAlM0NkaXYlMjBpZCUzRCUyMmhvdXRoYWxlbiUyMiUyMGNsYXNzJTNEJTIybWFya2VyJTIyJTNFJTNDaW1nJTIwc3JjJTNEJTIyJTJGd3AtY29udGVudCUyRnVwbG9hZHMlMkYyMDIzJTJGMDYlMkZsb2NhdG9yLnBuZyUyMiUzRSUzQyUyRmRpdiUzRSUwQSUyMCUyMCUyMCUyMCUzQ2RpdiUyMGlkJTNEJTIyYmVyaW5nZW4lMjIlMjBjbGFzcyUzRCUyMm1hcmtlciUyMiUzRSUzQ2ltZyUyMHNyYyUzRCUyMiUyRndwLWNvbnRlbnQlMkZ1cGxvYWRzJTJGMjAyMyUyRjA2JTJGbG9jYXRvci5wbmclMjIlM0UlM0MlMkZkaXYlM0UlMEElMjAlMjAlMjAlMjAlM0NkaXYlMjBpZCUzRCUyMmZpbGFvJTIyJTIwY2xhc3MlM0QlMjJtYXJrZXIlMjIlM0UlM0NpbWclMjBzcmMlM0QlMjIlMkZ3cC1jb250ZW50JTJGdXBsb2FkcyUyRjIwMjMlMkYwNiUyRmxvY2F0b3IucG5nJTIyJTNFJTNDJTJGZGl2JTNFJTBBJTIwJTIwJTIwJTIwJTNDZGl2JTIwaWQlM0QlMjJtb3BldCUyMiUyMGNsYXNzJTNEJTIybWFya2VyJTIyJTNFJTNDaW1nJTIwc3JjJTNEJTIyJTJGd3AtY29udGVudCUyRnVwbG9hZHMlMkYyMDIzJTJGMDYlMkZsb2NhdG9yLnBuZyUyMiUzRSUzQyUyRmRpdiUzRSUwQSUzQyUyRmRpdiUzRQ==[\/vc_raw_html][\/vc_column_inner][\/vc_row_inner][vc_column_text el_class=\u00a0\u00bbnoGreenDots\u00a0\u00bb]<strong>Mopet Belgique<br \/>\n<\/strong>Recyclage de barquettes en PET, de bouteilles en PET transparentes, de couleur bleue et d&rsquo;autres couleurs, et de bouteilles opaques en PET. Les barquettes en PET deviennent de nouvelles barquettes en PET et les bouteilles, de nouvelles bouteilles. Ces produits sont r\u00e9introduits sur le march\u00e9 belge dans des pourcentages tr\u00e8s \u00e9lev\u00e9s.<\/p>\n<ul>\n<li>Neufch\u00e2teau<\/li>\n<li>Op\u00e9rationnel en 2024<\/li>\n<li>Tonnage annuel : 28 000 tonnes<\/li>\n<\/ul>\n<p>&nbsp;<\/p>\n<p>Une nouvelle usine de recyclage est \u00e9galement pr\u00e9vue \u00e0 Lommel pour le PP et le HDPE. Celle-ci sera op\u00e9rationnelle fin 2024.[\/vc_column_text][\/vc_column][\/vc_row][\/vc_section][vc_section css_animation=\u00a0\u00bbnone\u00a0\u00bb][vc_row el_class=\u00a0\u00bbcontainer\u00a0\u00bb][vc_column][vc_column_text]<\/p>\n<h3>3.2.3 Situation du <strong>recyclage en 2021<\/strong><\/h3>\n<p>[\/vc_column_text][vc_column_text]\u00c0 l\u2019heure actuelle, les d\u00e9chets d&#8217;emballages de Fost Plus sont d\u00e9j\u00e0 recycl\u00e9s uniquement dans l&rsquo;Union europ\u00e9enne et 82 % d\u2019entre eux sont m\u00eame recycl\u00e9s en Belgique.[\/vc_column_text][vc_empty_space height=\u00a0\u00bb75px\u00a0\u00bb][vc_single_image image=\u00a0\u00bb1674&Prime; img_size=\u00a0\u00bbfull\u00a0\u00bb alignment=\u00a0\u00bbcenter\u00a0\u00bb onclick=\u00a0\u00bblink_image\u00a0\u00bb el_class=\u00a0\u00bbmax1000&Prime;][vc_empty_space height=\u00a0\u00bb75px\u00a0\u00bb][vc_column_text]Pour les d\u00e9chets d&#8217;emballages plastiques, 10 % du recyclage a eu lieu en Belgique en 2021 (dans 1 entreprise de recyclage). Cela provient du fait qu\u2019une grande partie de nos nouvelles usines de recyclage \u00e9taient encore en construction.[\/vc_column_text][vc_empty_space height=\u00a0\u00bb75px\u00a0\u00bb][vc_single_image image=\u00a0\u00bb1678&Prime; img_size=\u00a0\u00bblarge\u00a0\u00bb alignment=\u00a0\u00bbcenter\u00a0\u00bb onclick=\u00a0\u00bblink_image\u00a0\u00bb][\/vc_column][\/vc_row][\/vc_section]<\/p>\n<\/section>","protected":false},"excerpt":{"rendered":"<p>[vc_section css_animation=\u00a0\u00bbnone\u00a0\u00bb el_class=\u00a0\u00bbpageHeadImage\u00a0\u00bb][vc_row el_class=\u00a0\u00bbcontainer\u00a0\u00bb][vc_column][vc_empty_space][vc_column_text] 3. Fost Plus [\/vc_column_text][vc_row_inner][vc_column_inner width=\u00a0\u00bb2\/3&Prime;][vc_empty_space height=\u00a0\u00bb75px\u00a0\u00bb][vc_column_text] 3.1 Pr\u00e9paration du nouvel agr\u00e9ment [\/vc_column_text][vc_column_text]Fost Plus a introduit sa nouvelle demande d\u2019agr\u00e9ment \u00e0 la mi-2023. En 2022, la CIE a d\u00e9marr\u00e9 un exercice visant \u00e0 d\u00e9finir ses attentes par rapport \u00e0 la demande d\u2019agr\u00e9ment de Fost Plus. De cette mani\u00e8re, la CIE esp\u00e8re commencer [&hellip;]<\/p>\n","protected":false},"author":1,"featured_media":371,"parent":0,"menu_order":0,"comment_status":"closed","ping_status":"closed","template":"","meta":{"_acf_changed":false,"inline_featured_image":false,"footnotes":""},"class_list":["post-788","page","type-page","status-publish","hentry"],"acf":[],"yoast_head":"<!-- This site is optimized with the Yoast SEO plugin v25.3.1 - https:\/\/yoast.com\/wordpress\/plugins\/seo\/ -->\n<title>Fost Plus | IVC Activiteitenverslag 2022<\/title>\n<meta name=\"robots\" content=\"index, follow, max-snippet:-1, max-image-preview:large, max-video-preview:-1\" \/>\n<link rel=\"canonical\" href=\"https:\/\/ivcie24.comith.eu\/fr\/fost-plus\/\" \/>\n<meta property=\"og:locale\" content=\"fr_FR\" \/>\n<meta property=\"og:type\" content=\"article\" \/>\n<meta property=\"og:title\" content=\"Fost Plus | IVC Activiteitenverslag 2022\" \/>\n<meta property=\"og:description\" content=\"[vc_section css_animation=\u00a0\u00bbnone\u00a0\u00bb el_class=\u00a0\u00bbpageHeadImage\u00a0\u00bb][vc_row el_class=\u00a0\u00bbcontainer\u00a0\u00bb][vc_column][vc_empty_space][vc_column_text] 3. Fost Plus [\/vc_column_text][vc_row_inner][vc_column_inner width=\u00a0\u00bb2\/3&Prime;][vc_empty_space height=\u00a0\u00bb75px\u00a0\u00bb][vc_column_text] 3.1 Pr\u00e9paration du nouvel agr\u00e9ment [\/vc_column_text][vc_column_text]Fost Plus a introduit sa nouvelle demande d\u2019agr\u00e9ment \u00e0 la mi-2023. En 2022, la CIE a d\u00e9marr\u00e9 un exercice visant \u00e0 d\u00e9finir ses attentes par rapport \u00e0 la demande d\u2019agr\u00e9ment de Fost Plus. De cette mani\u00e8re, la CIE esp\u00e8re commencer [&hellip;]\" \/>\n<meta property=\"og:url\" content=\"https:\/\/ivcie24.comith.eu\/fr\/fost-plus\/\" \/>\n<meta property=\"og:site_name\" content=\"IVC Activiteitenverslag 2022\" \/>\n<meta property=\"article:publisher\" content=\"https:\/\/www.facebook.com\/Interregionale.verpakkingscommissie\" \/>\n<meta property=\"article:modified_time\" content=\"2023-08-20T15:29:16+00:00\" \/>\n<meta property=\"og:image\" content=\"https:\/\/ivcie24.comith.eu\/wp-content\/uploads\/2023\/06\/FostPlus.jpg\" \/>\n\t<meta property=\"og:image:width\" content=\"1400\" \/>\n\t<meta property=\"og:image:height\" content=\"938\" \/>\n\t<meta property=\"og:image:type\" content=\"image\/jpeg\" \/>\n<meta name=\"twitter:card\" content=\"summary_large_image\" \/>\n<meta name=\"twitter:label1\" content=\"Dur\u00e9e de lecture estim\u00e9e\" \/>\n\t<meta name=\"twitter:data1\" content=\"5 minutes\" \/>\n<script type=\"application\/ld+json\" class=\"yoast-schema-graph\">{\"@context\":\"https:\/\/schema.org\",\"@graph\":[{\"@type\":\"WebPage\",\"@id\":\"https:\/\/ivcie24.comith.eu\/fr\/fost-plus\/\",\"url\":\"https:\/\/ivcie24.comith.eu\/fr\/fost-plus\/\",\"name\":\"Fost Plus | IVC Activiteitenverslag 2022\",\"isPartOf\":{\"@id\":\"https:\/\/ivcie24.comith.eu\/#website\"},\"primaryImageOfPage\":{\"@id\":\"https:\/\/ivcie24.comith.eu\/fr\/fost-plus\/#primaryimage\"},\"image\":{\"@id\":\"https:\/\/ivcie24.comith.eu\/fr\/fost-plus\/#primaryimage\"},\"thumbnailUrl\":\"https:\/\/ivcie24.comith.eu\/wp-content\/uploads\/2023\/06\/FostPlus.jpg\",\"datePublished\":\"2023-06-05T10:17:59+00:00\",\"dateModified\":\"2023-08-20T15:29:16+00:00\",\"breadcrumb\":{\"@id\":\"https:\/\/ivcie24.comith.eu\/fr\/fost-plus\/#breadcrumb\"},\"inLanguage\":\"fr-FR\",\"potentialAction\":[{\"@type\":\"ReadAction\",\"target\":[\"https:\/\/ivcie24.comith.eu\/fr\/fost-plus\/\"]}]},{\"@type\":\"ImageObject\",\"inLanguage\":\"fr-FR\",\"@id\":\"https:\/\/ivcie24.comith.eu\/fr\/fost-plus\/#primaryimage\",\"url\":\"https:\/\/ivcie24.comith.eu\/wp-content\/uploads\/2023\/06\/FostPlus.jpg\",\"contentUrl\":\"https:\/\/ivcie24.comith.eu\/wp-content\/uploads\/2023\/06\/FostPlus.jpg\",\"width\":1400,\"height\":938},{\"@type\":\"BreadcrumbList\",\"@id\":\"https:\/\/ivcie24.comith.eu\/fr\/fost-plus\/#breadcrumb\",\"itemListElement\":[{\"@type\":\"ListItem\",\"position\":1,\"name\":\"Home\",\"item\":\"https:\/\/ivcie24.comith.eu\/fr\/\"},{\"@type\":\"ListItem\",\"position\":2,\"name\":\"Fost Plus\"}]},{\"@type\":\"WebSite\",\"@id\":\"https:\/\/ivcie24.comith.eu\/#website\",\"url\":\"https:\/\/ivcie24.comith.eu\/\",\"name\":\"Activiteitenverslag Ivcie 2022\",\"description\":\"\",\"publisher\":{\"@id\":\"https:\/\/ivcie24.comith.eu\/#organization\"},\"potentialAction\":[{\"@type\":\"SearchAction\",\"target\":{\"@type\":\"EntryPoint\",\"urlTemplate\":\"https:\/\/ivcie24.comith.eu\/?s={search_term_string}\"},\"query-input\":{\"@type\":\"PropertyValueSpecification\",\"valueRequired\":true,\"valueName\":\"search_term_string\"}}],\"inLanguage\":\"fr-FR\"},{\"@type\":\"Organization\",\"@id\":\"https:\/\/ivcie24.comith.eu\/#organization\",\"name\":\"Ivcie\",\"url\":\"https:\/\/ivcie24.comith.eu\/\",\"logo\":{\"@type\":\"ImageObject\",\"inLanguage\":\"fr-FR\",\"@id\":\"https:\/\/ivcie24.comith.eu\/#\/schema\/logo\/image\/\",\"url\":\"https:\/\/ivcie24.comith.eu\/wp-content\/uploads\/2023\/06\/logo-ivcie.svg\",\"contentUrl\":\"https:\/\/ivcie24.comith.eu\/wp-content\/uploads\/2023\/06\/logo-ivcie.svg\",\"width\":\"1024\",\"height\":\"1024\",\"caption\":\"Ivcie\"},\"image\":{\"@id\":\"https:\/\/ivcie24.comith.eu\/#\/schema\/logo\/image\/\"},\"sameAs\":[\"https:\/\/www.facebook.com\/Interregionale.verpakkingscommissie\"]}]}<\/script>\n<!-- \/ Yoast SEO plugin. -->","yoast_head_json":{"title":"Fost Plus | IVC Activiteitenverslag 2022","robots":{"index":"index","follow":"follow","max-snippet":"max-snippet:-1","max-image-preview":"max-image-preview:large","max-video-preview":"max-video-preview:-1"},"canonical":"https:\/\/ivcie24.comith.eu\/fr\/fost-plus\/","og_locale":"fr_FR","og_type":"article","og_title":"Fost Plus | IVC Activiteitenverslag 2022","og_description":"[vc_section css_animation=\u00a0\u00bbnone\u00a0\u00bb el_class=\u00a0\u00bbpageHeadImage\u00a0\u00bb][vc_row el_class=\u00a0\u00bbcontainer\u00a0\u00bb][vc_column][vc_empty_space][vc_column_text] 3. Fost Plus [\/vc_column_text][vc_row_inner][vc_column_inner width=\u00a0\u00bb2\/3&Prime;][vc_empty_space height=\u00a0\u00bb75px\u00a0\u00bb][vc_column_text] 3.1 Pr\u00e9paration du nouvel agr\u00e9ment [\/vc_column_text][vc_column_text]Fost Plus a introduit sa nouvelle demande d\u2019agr\u00e9ment \u00e0 la mi-2023. En 2022, la CIE a d\u00e9marr\u00e9 un exercice visant \u00e0 d\u00e9finir ses attentes par rapport \u00e0 la demande d\u2019agr\u00e9ment de Fost Plus. De cette mani\u00e8re, la CIE esp\u00e8re commencer [&hellip;]","og_url":"https:\/\/ivcie24.comith.eu\/fr\/fost-plus\/","og_site_name":"IVC Activiteitenverslag 2022","article_publisher":"https:\/\/www.facebook.com\/Interregionale.verpakkingscommissie","article_modified_time":"2023-08-20T15:29:16+00:00","og_image":[{"width":1400,"height":938,"url":"https:\/\/ivcie24.comith.eu\/wp-content\/uploads\/2023\/06\/FostPlus.jpg","type":"image\/jpeg"}],"twitter_card":"summary_large_image","twitter_misc":{"Dur\u00e9e de lecture estim\u00e9e":"5 minutes"},"schema":{"@context":"https:\/\/schema.org","@graph":[{"@type":"WebPage","@id":"https:\/\/ivcie24.comith.eu\/fr\/fost-plus\/","url":"https:\/\/ivcie24.comith.eu\/fr\/fost-plus\/","name":"Fost Plus | IVC Activiteitenverslag 2022","isPartOf":{"@id":"https:\/\/ivcie24.comith.eu\/#website"},"primaryImageOfPage":{"@id":"https:\/\/ivcie24.comith.eu\/fr\/fost-plus\/#primaryimage"},"image":{"@id":"https:\/\/ivcie24.comith.eu\/fr\/fost-plus\/#primaryimage"},"thumbnailUrl":"https:\/\/ivcie24.comith.eu\/wp-content\/uploads\/2023\/06\/FostPlus.jpg","datePublished":"2023-06-05T10:17:59+00:00","dateModified":"2023-08-20T15:29:16+00:00","breadcrumb":{"@id":"https:\/\/ivcie24.comith.eu\/fr\/fost-plus\/#breadcrumb"},"inLanguage":"fr-FR","potentialAction":[{"@type":"ReadAction","target":["https:\/\/ivcie24.comith.eu\/fr\/fost-plus\/"]}]},{"@type":"ImageObject","inLanguage":"fr-FR","@id":"https:\/\/ivcie24.comith.eu\/fr\/fost-plus\/#primaryimage","url":"https:\/\/ivcie24.comith.eu\/wp-content\/uploads\/2023\/06\/FostPlus.jpg","contentUrl":"https:\/\/ivcie24.comith.eu\/wp-content\/uploads\/2023\/06\/FostPlus.jpg","width":1400,"height":938},{"@type":"BreadcrumbList","@id":"https:\/\/ivcie24.comith.eu\/fr\/fost-plus\/#breadcrumb","itemListElement":[{"@type":"ListItem","position":1,"name":"Home","item":"https:\/\/ivcie24.comith.eu\/fr\/"},{"@type":"ListItem","position":2,"name":"Fost Plus"}]},{"@type":"WebSite","@id":"https:\/\/ivcie24.comith.eu\/#website","url":"https:\/\/ivcie24.comith.eu\/","name":"Activiteitenverslag Ivcie 2022","description":"","publisher":{"@id":"https:\/\/ivcie24.comith.eu\/#organization"},"potentialAction":[{"@type":"SearchAction","target":{"@type":"EntryPoint","urlTemplate":"https:\/\/ivcie24.comith.eu\/?s={search_term_string}"},"query-input":{"@type":"PropertyValueSpecification","valueRequired":true,"valueName":"search_term_string"}}],"inLanguage":"fr-FR"},{"@type":"Organization","@id":"https:\/\/ivcie24.comith.eu\/#organization","name":"Ivcie","url":"https:\/\/ivcie24.comith.eu\/","logo":{"@type":"ImageObject","inLanguage":"fr-FR","@id":"https:\/\/ivcie24.comith.eu\/#\/schema\/logo\/image\/","url":"https:\/\/ivcie24.comith.eu\/wp-content\/uploads\/2023\/06\/logo-ivcie.svg","contentUrl":"https:\/\/ivcie24.comith.eu\/wp-content\/uploads\/2023\/06\/logo-ivcie.svg","width":"1024","height":"1024","caption":"Ivcie"},"image":{"@id":"https:\/\/ivcie24.comith.eu\/#\/schema\/logo\/image\/"},"sameAs":["https:\/\/www.facebook.com\/Interregionale.verpakkingscommissie"]}]}},"_links":{"self":[{"href":"https:\/\/ivcie24.comith.eu\/fr\/wp-json\/wp\/v2\/pages\/788","targetHints":{"allow":["GET"]}}],"collection":[{"href":"https:\/\/ivcie24.comith.eu\/fr\/wp-json\/wp\/v2\/pages"}],"about":[{"href":"https:\/\/ivcie24.comith.eu\/fr\/wp-json\/wp\/v2\/types\/page"}],"author":[{"embeddable":true,"href":"https:\/\/ivcie24.comith.eu\/fr\/wp-json\/wp\/v2\/users\/1"}],"replies":[{"embeddable":true,"href":"https:\/\/ivcie24.comith.eu\/fr\/wp-json\/wp\/v2\/comments?post=788"}],"version-history":[{"count":22,"href":"https:\/\/ivcie24.comith.eu\/fr\/wp-json\/wp\/v2\/pages\/788\/revisions"}],"predecessor-version":[{"id":1908,"href":"https:\/\/ivcie24.comith.eu\/fr\/wp-json\/wp\/v2\/pages\/788\/revisions\/1908"}],"wp:featuredmedia":[{"embeddable":true,"href":"https:\/\/ivcie24.comith.eu\/fr\/wp-json\/wp\/v2\/media\/371"}],"wp:attachment":[{"href":"https:\/\/ivcie24.comith.eu\/fr\/wp-json\/wp\/v2\/media?parent=788"}],"curies":[{"name":"wp","href":"https:\/\/api.w.org\/{rel}","templated":true}]}}