{"id":802,"date":"2023-06-05T12:19:10","date_gmt":"2023-06-05T10:19:10","guid":{"rendered":"https:\/\/ivcie24.comith.eu\/monitoring-des-emballages-reutilisables\/"},"modified":"2023-09-07T11:13:48","modified_gmt":"2023-09-07T09:13:48","slug":"monitoring-des-emballages-reutilisables","status":"publish","type":"page","link":"https:\/\/ivcie24.comith.eu\/fr\/monitoring-des-emballages-reutilisables\/","title":{"rendered":"Monitoring des emballages r\u00e9utilisables"},"content":{"rendered":"<section class=\"wpb-content-wrapper\"><p>[vc_section css_animation=\u00a0\u00bbnone\u00a0\u00bb el_class=\u00a0\u00bbpageHeadImage\u00a0\u00bb][vc_row el_class=\u00a0\u00bbcontainer\u00a0\u00bb][vc_column][vc_empty_space][vc_column_text]<\/p>\n<h1>6. Monitoring des emballages r\u00e9utilisables<\/h1>\n<p>[\/vc_column_text][vc_row_inner][vc_column_inner width=\u00a0\u00bb2\/3&Prime;][vc_column_text]Il existe de tr\u00e8s nombreux emballages r\u00e9utilisables sur le march\u00e9. Ce sont principalement les emballages industriels r\u00e9utilisables qui ont un gros potentiel de croissance pour l\u2019avenir.[\/vc_column_text][vc_single_image image=\u00a0\u00bb1822&Prime; img_size=\u00a0\u00bbfull\u00a0\u00bb onclick=\u00a0\u00bblink_image\u00a0\u00bb el_class=\u00a0\u00bbmvhvTopTable\u00a0\u00bb][\/vc_column_inner][vc_column_inner width=\u00a0\u00bb1\/3&Prime;][\/vc_column_inner][\/vc_row_inner][\/vc_column][\/vc_row][\/vc_section][vc_section css_animation=\u00a0\u00bbnone\u00a0\u00bb][vc_row el_class=\u00a0\u00bbcontainer\u00a0\u00bb][vc_column][vc_column_text]<\/p>\n<h2><span style=\"text-decoration: underline;\">6.1<\/span> \u00c9volution globale des <strong>emballages m\u00e9nagers r\u00e9utilisables <\/strong><\/h2>\n<p>[\/vc_column_text][vc_single_image image=\u00a0\u00bb1827&Prime; img_size=\u00a0\u00bbfull\u00a0\u00bb alignment=\u00a0\u00bbcenter\u00a0\u00bb onclick=\u00a0\u00bblink_image\u00a0\u00bb][\/vc_column][\/vc_row][\/vc_section][vc_section css_animation=\u00a0\u00bbnone\u00a0\u00bb][vc_row el_class=\u00a0\u00bbcontainer\u00a0\u00bb][vc_column][vc_column_text]<\/p>\n<h2><span style=\"text-decoration: underline;\">6.2<\/span> \u00c9volution globale des <strong>emballages industriels r\u00e9utilisables<\/strong><\/h2>\n<p>[\/vc_column_text][vc_single_image image=\u00a0\u00bb2633&Prime; img_size=\u00a0\u00bblarge\u00a0\u00bb alignment=\u00a0\u00bbcenter\u00a0\u00bb onclick=\u00a0\u00bblink_image\u00a0\u00bb el_class=\u00a0\u00bbmax625&Prime;][\/vc_column][\/vc_row][\/vc_section]<\/p>\n<\/section>","protected":false},"excerpt":{"rendered":"<p>[vc_section css_animation=\u00a0\u00bbnone\u00a0\u00bb el_class=\u00a0\u00bbpageHeadImage\u00a0\u00bb][vc_row el_class=\u00a0\u00bbcontainer\u00a0\u00bb][vc_column][vc_empty_space][vc_column_text] 6. Monitoring des emballages r\u00e9utilisables [\/vc_column_text][vc_row_inner][vc_column_inner width=\u00a0\u00bb2\/3&Prime;][vc_column_text]Il existe de tr\u00e8s nombreux emballages r\u00e9utilisables sur le march\u00e9. Ce sont principalement les emballages industriels r\u00e9utilisables qui ont un gros potentiel de croissance pour l\u2019avenir.[\/vc_column_text][vc_single_image image=\u00a0\u00bb1822&Prime; img_size=\u00a0\u00bbfull\u00a0\u00bb onclick=\u00a0\u00bblink_image\u00a0\u00bb el_class=\u00a0\u00bbmvhvTopTable\u00a0\u00bb][\/vc_column_inner][vc_column_inner width=\u00a0\u00bb1\/3&Prime;][\/vc_column_inner][\/vc_row_inner][\/vc_column][\/vc_row][\/vc_section][vc_section css_animation=\u00a0\u00bbnone\u00a0\u00bb][vc_row el_class=\u00a0\u00bbcontainer\u00a0\u00bb][vc_column][vc_column_text] 6.1 \u00c9volution globale des emballages m\u00e9nagers r\u00e9utilisables [\/vc_column_text][vc_single_image image=\u00a0\u00bb1827&Prime; img_size=\u00a0\u00bbfull\u00a0\u00bb alignment=\u00a0\u00bbcenter\u00a0\u00bb onclick=\u00a0\u00bblink_image\u00a0\u00bb][\/vc_column][\/vc_row][\/vc_section][vc_section [&hellip;]<\/p>\n","protected":false},"author":1,"featured_media":59,"parent":0,"menu_order":0,"comment_status":"closed","ping_status":"closed","template":"","meta":{"_acf_changed":false,"inline_featured_image":false,"footnotes":""},"class_list":["post-802","page","type-page","status-publish","hentry"],"acf":[],"yoast_head":"<!-- This site is optimized with the Yoast SEO plugin v25.3.1 - https:\/\/yoast.com\/wordpress\/plugins\/seo\/ -->\n<title>Monitoring des emballages r\u00e9utilisables | IVC Activiteitenverslag 2022<\/title>\n<meta name=\"robots\" content=\"index, follow, max-snippet:-1, max-image-preview:large, max-video-preview:-1\" \/>\n<link rel=\"canonical\" href=\"https:\/\/ivcie24.comith.eu\/fr\/monitoring-des-emballages-reutilisables\/\" \/>\n<meta property=\"og:locale\" content=\"fr_FR\" \/>\n<meta property=\"og:type\" content=\"article\" \/>\n<meta property=\"og:title\" content=\"Monitoring des emballages r\u00e9utilisables | IVC Activiteitenverslag 2022\" \/>\n<meta property=\"og:description\" content=\"[vc_section css_animation=\u00a0\u00bbnone\u00a0\u00bb el_class=\u00a0\u00bbpageHeadImage\u00a0\u00bb][vc_row el_class=\u00a0\u00bbcontainer\u00a0\u00bb][vc_column][vc_empty_space][vc_column_text] 6. Monitoring des emballages r\u00e9utilisables [\/vc_column_text][vc_row_inner][vc_column_inner width=\u00a0\u00bb2\/3&Prime;][vc_column_text]Il existe de tr\u00e8s nombreux emballages r\u00e9utilisables sur le march\u00e9. Ce sont principalement les emballages industriels r\u00e9utilisables qui ont un gros potentiel de croissance pour l\u2019avenir.[\/vc_column_text][vc_single_image image=\u00a0\u00bb1822&Prime; img_size=\u00a0\u00bbfull\u00a0\u00bb onclick=\u00a0\u00bblink_image\u00a0\u00bb el_class=\u00a0\u00bbmvhvTopTable\u00a0\u00bb][\/vc_column_inner][vc_column_inner width=\u00a0\u00bb1\/3&Prime;][\/vc_column_inner][\/vc_row_inner][\/vc_column][\/vc_row][\/vc_section][vc_section css_animation=\u00a0\u00bbnone\u00a0\u00bb][vc_row el_class=\u00a0\u00bbcontainer\u00a0\u00bb][vc_column][vc_column_text] 6.1 \u00c9volution globale des emballages m\u00e9nagers r\u00e9utilisables [\/vc_column_text][vc_single_image image=\u00a0\u00bb1827&Prime; img_size=\u00a0\u00bbfull\u00a0\u00bb alignment=\u00a0\u00bbcenter\u00a0\u00bb onclick=\u00a0\u00bblink_image\u00a0\u00bb][\/vc_column][\/vc_row][\/vc_section][vc_section [&hellip;]\" \/>\n<meta property=\"og:url\" content=\"https:\/\/ivcie24.comith.eu\/fr\/monitoring-des-emballages-reutilisables\/\" \/>\n<meta property=\"og:site_name\" content=\"IVC Activiteitenverslag 2022\" \/>\n<meta property=\"article:publisher\" content=\"https:\/\/www.facebook.com\/Interregionale.verpakkingscommissie\" \/>\n<meta property=\"article:modified_time\" content=\"2023-09-07T09:13:48+00:00\" \/>\n<meta property=\"og:image\" content=\"https:\/\/ivcie24.comith.eu\/wp-content\/uploads\/2023\/06\/Monitoring-van-herbruikbare-verpakkingen.jpg\" \/>\n\t<meta property=\"og:image:width\" content=\"1400\" \/>\n\t<meta property=\"og:image:height\" content=\"808\" \/>\n\t<meta property=\"og:image:type\" content=\"image\/jpeg\" \/>\n<meta name=\"twitter:card\" content=\"summary_large_image\" \/>\n<meta name=\"twitter:label1\" content=\"Dur\u00e9e de lecture estim\u00e9e\" \/>\n\t<meta name=\"twitter:data1\" content=\"1 minute\" \/>\n<script type=\"application\/ld+json\" class=\"yoast-schema-graph\">{\"@context\":\"https:\/\/schema.org\",\"@graph\":[{\"@type\":\"WebPage\",\"@id\":\"https:\/\/ivcie24.comith.eu\/fr\/monitoring-des-emballages-reutilisables\/\",\"url\":\"https:\/\/ivcie24.comith.eu\/fr\/monitoring-des-emballages-reutilisables\/\",\"name\":\"Monitoring des emballages r\u00e9utilisables | IVC Activiteitenverslag 2022\",\"isPartOf\":{\"@id\":\"https:\/\/ivcie24.comith.eu\/#website\"},\"primaryImageOfPage\":{\"@id\":\"https:\/\/ivcie24.comith.eu\/fr\/monitoring-des-emballages-reutilisables\/#primaryimage\"},\"image\":{\"@id\":\"https:\/\/ivcie24.comith.eu\/fr\/monitoring-des-emballages-reutilisables\/#primaryimage\"},\"thumbnailUrl\":\"https:\/\/ivcie24.comith.eu\/wp-content\/uploads\/2023\/06\/Monitoring-van-herbruikbare-verpakkingen.jpg\",\"datePublished\":\"2023-06-05T10:19:10+00:00\",\"dateModified\":\"2023-09-07T09:13:48+00:00\",\"breadcrumb\":{\"@id\":\"https:\/\/ivcie24.comith.eu\/fr\/monitoring-des-emballages-reutilisables\/#breadcrumb\"},\"inLanguage\":\"fr-FR\",\"potentialAction\":[{\"@type\":\"ReadAction\",\"target\":[\"https:\/\/ivcie24.comith.eu\/fr\/monitoring-des-emballages-reutilisables\/\"]}]},{\"@type\":\"ImageObject\",\"inLanguage\":\"fr-FR\",\"@id\":\"https:\/\/ivcie24.comith.eu\/fr\/monitoring-des-emballages-reutilisables\/#primaryimage\",\"url\":\"https:\/\/ivcie24.comith.eu\/wp-content\/uploads\/2023\/06\/Monitoring-van-herbruikbare-verpakkingen.jpg\",\"contentUrl\":\"https:\/\/ivcie24.comith.eu\/wp-content\/uploads\/2023\/06\/Monitoring-van-herbruikbare-verpakkingen.jpg\",\"width\":1400,\"height\":808},{\"@type\":\"BreadcrumbList\",\"@id\":\"https:\/\/ivcie24.comith.eu\/fr\/monitoring-des-emballages-reutilisables\/#breadcrumb\",\"itemListElement\":[{\"@type\":\"ListItem\",\"position\":1,\"name\":\"Home\",\"item\":\"https:\/\/ivcie24.comith.eu\/fr\/\"},{\"@type\":\"ListItem\",\"position\":2,\"name\":\"Monitoring des emballages r\u00e9utilisables\"}]},{\"@type\":\"WebSite\",\"@id\":\"https:\/\/ivcie24.comith.eu\/#website\",\"url\":\"https:\/\/ivcie24.comith.eu\/\",\"name\":\"Activiteitenverslag Ivcie 2022\",\"description\":\"\",\"publisher\":{\"@id\":\"https:\/\/ivcie24.comith.eu\/#organization\"},\"potentialAction\":[{\"@type\":\"SearchAction\",\"target\":{\"@type\":\"EntryPoint\",\"urlTemplate\":\"https:\/\/ivcie24.comith.eu\/?s={search_term_string}\"},\"query-input\":{\"@type\":\"PropertyValueSpecification\",\"valueRequired\":true,\"valueName\":\"search_term_string\"}}],\"inLanguage\":\"fr-FR\"},{\"@type\":\"Organization\",\"@id\":\"https:\/\/ivcie24.comith.eu\/#organization\",\"name\":\"Ivcie\",\"url\":\"https:\/\/ivcie24.comith.eu\/\",\"logo\":{\"@type\":\"ImageObject\",\"inLanguage\":\"fr-FR\",\"@id\":\"https:\/\/ivcie24.comith.eu\/#\/schema\/logo\/image\/\",\"url\":\"https:\/\/ivcie24.comith.eu\/wp-content\/uploads\/2023\/06\/logo-ivcie.svg\",\"contentUrl\":\"https:\/\/ivcie24.comith.eu\/wp-content\/uploads\/2023\/06\/logo-ivcie.svg\",\"width\":\"1024\",\"height\":\"1024\",\"caption\":\"Ivcie\"},\"image\":{\"@id\":\"https:\/\/ivcie24.comith.eu\/#\/schema\/logo\/image\/\"},\"sameAs\":[\"https:\/\/www.facebook.com\/Interregionale.verpakkingscommissie\"]}]}<\/script>\n<!-- \/ Yoast SEO plugin. -->","yoast_head_json":{"title":"Monitoring des emballages r\u00e9utilisables | IVC Activiteitenverslag 2022","robots":{"index":"index","follow":"follow","max-snippet":"max-snippet:-1","max-image-preview":"max-image-preview:large","max-video-preview":"max-video-preview:-1"},"canonical":"https:\/\/ivcie24.comith.eu\/fr\/monitoring-des-emballages-reutilisables\/","og_locale":"fr_FR","og_type":"article","og_title":"Monitoring des emballages r\u00e9utilisables | IVC Activiteitenverslag 2022","og_description":"[vc_section css_animation=\u00a0\u00bbnone\u00a0\u00bb el_class=\u00a0\u00bbpageHeadImage\u00a0\u00bb][vc_row el_class=\u00a0\u00bbcontainer\u00a0\u00bb][vc_column][vc_empty_space][vc_column_text] 6. Monitoring des emballages r\u00e9utilisables [\/vc_column_text][vc_row_inner][vc_column_inner width=\u00a0\u00bb2\/3&Prime;][vc_column_text]Il existe de tr\u00e8s nombreux emballages r\u00e9utilisables sur le march\u00e9. Ce sont principalement les emballages industriels r\u00e9utilisables qui ont un gros potentiel de croissance pour l\u2019avenir.[\/vc_column_text][vc_single_image image=\u00a0\u00bb1822&Prime; img_size=\u00a0\u00bbfull\u00a0\u00bb onclick=\u00a0\u00bblink_image\u00a0\u00bb el_class=\u00a0\u00bbmvhvTopTable\u00a0\u00bb][\/vc_column_inner][vc_column_inner width=\u00a0\u00bb1\/3&Prime;][\/vc_column_inner][\/vc_row_inner][\/vc_column][\/vc_row][\/vc_section][vc_section css_animation=\u00a0\u00bbnone\u00a0\u00bb][vc_row el_class=\u00a0\u00bbcontainer\u00a0\u00bb][vc_column][vc_column_text] 6.1 \u00c9volution globale des emballages m\u00e9nagers r\u00e9utilisables [\/vc_column_text][vc_single_image image=\u00a0\u00bb1827&Prime; img_size=\u00a0\u00bbfull\u00a0\u00bb alignment=\u00a0\u00bbcenter\u00a0\u00bb onclick=\u00a0\u00bblink_image\u00a0\u00bb][\/vc_column][\/vc_row][\/vc_section][vc_section [&hellip;]","og_url":"https:\/\/ivcie24.comith.eu\/fr\/monitoring-des-emballages-reutilisables\/","og_site_name":"IVC Activiteitenverslag 2022","article_publisher":"https:\/\/www.facebook.com\/Interregionale.verpakkingscommissie","article_modified_time":"2023-09-07T09:13:48+00:00","og_image":[{"width":1400,"height":808,"url":"https:\/\/ivcie24.comith.eu\/wp-content\/uploads\/2023\/06\/Monitoring-van-herbruikbare-verpakkingen.jpg","type":"image\/jpeg"}],"twitter_card":"summary_large_image","twitter_misc":{"Dur\u00e9e de lecture estim\u00e9e":"1 minute"},"schema":{"@context":"https:\/\/schema.org","@graph":[{"@type":"WebPage","@id":"https:\/\/ivcie24.comith.eu\/fr\/monitoring-des-emballages-reutilisables\/","url":"https:\/\/ivcie24.comith.eu\/fr\/monitoring-des-emballages-reutilisables\/","name":"Monitoring des emballages r\u00e9utilisables | IVC Activiteitenverslag 2022","isPartOf":{"@id":"https:\/\/ivcie24.comith.eu\/#website"},"primaryImageOfPage":{"@id":"https:\/\/ivcie24.comith.eu\/fr\/monitoring-des-emballages-reutilisables\/#primaryimage"},"image":{"@id":"https:\/\/ivcie24.comith.eu\/fr\/monitoring-des-emballages-reutilisables\/#primaryimage"},"thumbnailUrl":"https:\/\/ivcie24.comith.eu\/wp-content\/uploads\/2023\/06\/Monitoring-van-herbruikbare-verpakkingen.jpg","datePublished":"2023-06-05T10:19:10+00:00","dateModified":"2023-09-07T09:13:48+00:00","breadcrumb":{"@id":"https:\/\/ivcie24.comith.eu\/fr\/monitoring-des-emballages-reutilisables\/#breadcrumb"},"inLanguage":"fr-FR","potentialAction":[{"@type":"ReadAction","target":["https:\/\/ivcie24.comith.eu\/fr\/monitoring-des-emballages-reutilisables\/"]}]},{"@type":"ImageObject","inLanguage":"fr-FR","@id":"https:\/\/ivcie24.comith.eu\/fr\/monitoring-des-emballages-reutilisables\/#primaryimage","url":"https:\/\/ivcie24.comith.eu\/wp-content\/uploads\/2023\/06\/Monitoring-van-herbruikbare-verpakkingen.jpg","contentUrl":"https:\/\/ivcie24.comith.eu\/wp-content\/uploads\/2023\/06\/Monitoring-van-herbruikbare-verpakkingen.jpg","width":1400,"height":808},{"@type":"BreadcrumbList","@id":"https:\/\/ivcie24.comith.eu\/fr\/monitoring-des-emballages-reutilisables\/#breadcrumb","itemListElement":[{"@type":"ListItem","position":1,"name":"Home","item":"https:\/\/ivcie24.comith.eu\/fr\/"},{"@type":"ListItem","position":2,"name":"Monitoring des emballages r\u00e9utilisables"}]},{"@type":"WebSite","@id":"https:\/\/ivcie24.comith.eu\/#website","url":"https:\/\/ivcie24.comith.eu\/","name":"Activiteitenverslag Ivcie 2022","description":"","publisher":{"@id":"https:\/\/ivcie24.comith.eu\/#organization"},"potentialAction":[{"@type":"SearchAction","target":{"@type":"EntryPoint","urlTemplate":"https:\/\/ivcie24.comith.eu\/?s={search_term_string}"},"query-input":{"@type":"PropertyValueSpecification","valueRequired":true,"valueName":"search_term_string"}}],"inLanguage":"fr-FR"},{"@type":"Organization","@id":"https:\/\/ivcie24.comith.eu\/#organization","name":"Ivcie","url":"https:\/\/ivcie24.comith.eu\/","logo":{"@type":"ImageObject","inLanguage":"fr-FR","@id":"https:\/\/ivcie24.comith.eu\/#\/schema\/logo\/image\/","url":"https:\/\/ivcie24.comith.eu\/wp-content\/uploads\/2023\/06\/logo-ivcie.svg","contentUrl":"https:\/\/ivcie24.comith.eu\/wp-content\/uploads\/2023\/06\/logo-ivcie.svg","width":"1024","height":"1024","caption":"Ivcie"},"image":{"@id":"https:\/\/ivcie24.comith.eu\/#\/schema\/logo\/image\/"},"sameAs":["https:\/\/www.facebook.com\/Interregionale.verpakkingscommissie"]}]}},"_links":{"self":[{"href":"https:\/\/ivcie24.comith.eu\/fr\/wp-json\/wp\/v2\/pages\/802","targetHints":{"allow":["GET"]}}],"collection":[{"href":"https:\/\/ivcie24.comith.eu\/fr\/wp-json\/wp\/v2\/pages"}],"about":[{"href":"https:\/\/ivcie24.comith.eu\/fr\/wp-json\/wp\/v2\/types\/page"}],"author":[{"embeddable":true,"href":"https:\/\/ivcie24.comith.eu\/fr\/wp-json\/wp\/v2\/users\/1"}],"replies":[{"embeddable":true,"href":"https:\/\/ivcie24.comith.eu\/fr\/wp-json\/wp\/v2\/comments?post=802"}],"version-history":[{"count":11,"href":"https:\/\/ivcie24.comith.eu\/fr\/wp-json\/wp\/v2\/pages\/802\/revisions"}],"predecessor-version":[{"id":2637,"href":"https:\/\/ivcie24.comith.eu\/fr\/wp-json\/wp\/v2\/pages\/802\/revisions\/2637"}],"wp:featuredmedia":[{"embeddable":true,"href":"https:\/\/ivcie24.comith.eu\/fr\/wp-json\/wp\/v2\/media\/59"}],"wp:attachment":[{"href":"https:\/\/ivcie24.comith.eu\/fr\/wp-json\/wp\/v2\/media?parent=802"}],"curies":[{"name":"wp","href":"https:\/\/api.w.org\/{rel}","templated":true}]}}