{"id":810,"date":"2023-06-05T12:19:26","date_gmt":"2023-06-05T10:19:26","guid":{"rendered":"https:\/\/ivcie24.comith.eu\/doorvoer-van-afvalstoffen\/"},"modified":"2024-05-14T12:34:05","modified_gmt":"2024-05-14T10:34:05","slug":"transit-de-dechets","status":"publish","type":"page","link":"https:\/\/ivcie24.comith.eu\/fr\/transit-de-dechets\/","title":{"rendered":"Transit de d\u00e9chets"},"content":{"rendered":"<section class=\"wpb-content-wrapper\"><p>[vc_section css_animation=\u00a0\u00bbnone\u00a0\u00bb el_class=\u00a0\u00bbpageHeadImage\u00a0\u00bb][vc_row el_class=\u00a0\u00bbcontainer\u00a0\u00bb][vc_column][vc_empty_space][vc_column_text]<\/p>\n<h1>7. Transit de d\u00e9chets<\/h1>\n<p>[\/vc_column_text][vc_row_inner][vc_column_inner width=\u00a0\u00bb2\/3&Prime;][vc_empty_space height=\u00a0\u00bb50px\u00a0\u00bb][vc_column_text]La CIE \u00e9value et traite les notifications et enregistre les d\u00e9clarations de transport de d\u00e9chets soumis \u00e0 une proc\u00e9dure de notification, qui ne font que transiter par la Belgique. Il s\u2019agit donc de d\u00e9chets qui ne proviennent pas de Belgique et dont notre pays n\u2019est pas non plus la destination finale.<\/p>\n<p>Un notifiant introduit une notification quand il souhaite faire transiter, au cours d\u2019une p\u00e9riode donn\u00e9e, une quantit\u00e9 de d\u00e9chets identifi\u00e9s :<\/p>\n<ul>\n<li>r\u00e9partis en un ou plusieurs transports distincts ;<\/li>\n<li>via les m\u00eames itin\u00e9raires de transport \u00e0 chaque fois ;<\/li>\n<li>du m\u00eame point de d\u00e9part, \u00e0 la m\u00eame destination et avec le m\u00eame type de contenu.<\/li>\n<\/ul>\n<p>En tant qu\u2019autorit\u00e9 belge comp\u00e9tente pour le transit de d\u00e9chets, la CIE doit d\u2019abord recevoir, traiter et approuver la notification, avant que la s\u00e9rie de transports ne puisse avoir lieu.[\/vc_column_text][vc_empty_space height=\u00a0\u00bb50px\u00a0\u00bb][\/vc_column_inner][vc_column_inner width=\u00a0\u00bb1\/3&Prime;][\/vc_column_inner][\/vc_row_inner][\/vc_column][\/vc_row][\/vc_section][vc_section css_animation=\u00a0\u00bbnone\u00a0\u00bb][vc_row el_class=\u00a0\u00bbcontainer\u00a0\u00bb][vc_column][vc_column_text]<\/p>\n<h2><span style=\"text-decoration: underline;\">7.1<\/span> \u00c9volution du <strong>nombre de<\/strong> <strong>notifications<\/strong><\/h2>\n<p>[\/vc_column_text][\/vc_column][\/vc_row][vc_row][vc_column width=\u00a0\u00bb1\/2&Prime;][vc_single_image image=\u00a0\u00bb923&Prime; img_size=\u00a0\u00bbfull\u00a0\u00bb alignment=\u00a0\u00bbcenter\u00a0\u00bb onclick=\u00a0\u00bblink_image\u00a0\u00bb el_class=\u00a0\u00bbmax400&Prime;][\/vc_column][vc_column width=\u00a0\u00bb1\/2&Prime;][vc_empty_space height=\u00a0\u00bb112px\u00a0\u00bb][vc_column_text]Le notifiant doit aussi notifier au pr\u00e9alable chaque transport individuel de la notification. Ce sont les pr\u00e9-notifications.<\/p>\n<p>Par le biais de la transmission du document de mouvement compl\u00e9t\u00e9, les autorit\u00e9s concern\u00e9es, dont la CIE, en tant qu\u2019autorit\u00e9 comp\u00e9tente pour le transit de d\u00e9chets, re\u00e7oivent certaines informations, telles que :<\/p>\n<ul>\n<li>de quelle notification rel\u00e8ve le transport ;<\/li>\n<li>quand aura lieu le transport.<\/li>\n<\/ul>\n<p>Le notifiant en fournit une copie \u00e0 la CIE, en y sp\u00e9cifiant la date de d\u00e9part pr\u00e9vue. Le transporteur re\u00e7oit le document de mouvement proprement dit. Il doit obligatoirement disposer de ce document de mouvement d\u00fbment compl\u00e9t\u00e9, pendant toute la dur\u00e9e du transport.[\/vc_column_text][\/vc_column][\/vc_row][\/vc_section][vc_section css_animation=\u00a0\u00bbnone\u00a0\u00bb][vc_row el_class=\u00a0\u00bbcontainer\u00a0\u00bb][vc_column][vc_column_text]<\/p>\n<h2><span style=\"text-decoration: underline;\">7.2<\/span> \u00c9volution du<strong> nombre d&rsquo;encodages de transport<\/strong><\/h2>\n<p>[\/vc_column_text][vc_single_image image=\u00a0\u00bb2843&Prime; img_size=\u00a0\u00bblarge\u00a0\u00bb alignment=\u00a0\u00bbcenter\u00a0\u00bb onclick=\u00a0\u00bblink_image\u00a0\u00bb css_animation=\u00a0\u00bbnone\u00a0\u00bb el_class=\u00a0\u00bbmax625&Prime;][\/vc_column][\/vc_row][\/vc_section]<\/p>\n<\/section>","protected":false},"excerpt":{"rendered":"<p>[vc_section css_animation=\u00a0\u00bbnone\u00a0\u00bb el_class=\u00a0\u00bbpageHeadImage\u00a0\u00bb][vc_row el_class=\u00a0\u00bbcontainer\u00a0\u00bb][vc_column][vc_empty_space][vc_column_text] 7. Transit de d\u00e9chets [\/vc_column_text][vc_row_inner][vc_column_inner width=\u00a0\u00bb2\/3&Prime;][vc_empty_space height=\u00a0\u00bb50px\u00a0\u00bb][vc_column_text]La CIE \u00e9value et traite les notifications et enregistre les d\u00e9clarations de transport de d\u00e9chets soumis \u00e0 une proc\u00e9dure de notification, qui ne font que transiter par la Belgique. Il s\u2019agit donc de d\u00e9chets qui ne proviennent pas de Belgique et dont notre pays n\u2019est [&hellip;]<\/p>\n","protected":false},"author":1,"featured_media":375,"parent":0,"menu_order":0,"comment_status":"closed","ping_status":"closed","template":"","meta":{"_acf_changed":false,"inline_featured_image":false,"footnotes":""},"class_list":["post-810","page","type-page","status-publish","hentry"],"acf":[],"yoast_head":"<!-- This site is optimized with the Yoast SEO plugin v25.3.1 - https:\/\/yoast.com\/wordpress\/plugins\/seo\/ -->\n<title>Transit de d\u00e9chets | IVC Activiteitenverslag 2022<\/title>\n<meta name=\"robots\" content=\"index, follow, max-snippet:-1, max-image-preview:large, max-video-preview:-1\" \/>\n<link rel=\"canonical\" href=\"https:\/\/ivcie24.comith.eu\/fr\/transit-de-dechets\/\" \/>\n<meta property=\"og:locale\" content=\"fr_FR\" \/>\n<meta property=\"og:type\" content=\"article\" \/>\n<meta property=\"og:title\" content=\"Transit de d\u00e9chets | IVC Activiteitenverslag 2022\" \/>\n<meta property=\"og:description\" content=\"[vc_section css_animation=\u00a0\u00bbnone\u00a0\u00bb el_class=\u00a0\u00bbpageHeadImage\u00a0\u00bb][vc_row el_class=\u00a0\u00bbcontainer\u00a0\u00bb][vc_column][vc_empty_space][vc_column_text] 7. Transit de d\u00e9chets [\/vc_column_text][vc_row_inner][vc_column_inner width=\u00a0\u00bb2\/3&Prime;][vc_empty_space height=\u00a0\u00bb50px\u00a0\u00bb][vc_column_text]La CIE \u00e9value et traite les notifications et enregistre les d\u00e9clarations de transport de d\u00e9chets soumis \u00e0 une proc\u00e9dure de notification, qui ne font que transiter par la Belgique. Il s\u2019agit donc de d\u00e9chets qui ne proviennent pas de Belgique et dont notre pays n\u2019est [&hellip;]\" \/>\n<meta property=\"og:url\" content=\"https:\/\/ivcie24.comith.eu\/fr\/transit-de-dechets\/\" \/>\n<meta property=\"og:site_name\" content=\"IVC Activiteitenverslag 2022\" \/>\n<meta property=\"article:publisher\" content=\"https:\/\/www.facebook.com\/Interregionale.verpakkingscommissie\" \/>\n<meta property=\"article:modified_time\" content=\"2024-05-14T10:34:05+00:00\" \/>\n<meta property=\"og:image\" content=\"https:\/\/ivcie24.comith.eu\/wp-content\/uploads\/2023\/06\/Doorvoer-afvalstoffen.jpg\" \/>\n\t<meta property=\"og:image:width\" content=\"1400\" \/>\n\t<meta property=\"og:image:height\" content=\"785\" \/>\n\t<meta property=\"og:image:type\" content=\"image\/jpeg\" \/>\n<meta name=\"twitter:card\" content=\"summary_large_image\" \/>\n<meta name=\"twitter:label1\" content=\"Dur\u00e9e de lecture estim\u00e9e\" \/>\n\t<meta name=\"twitter:data1\" content=\"2 minutes\" \/>\n<script type=\"application\/ld+json\" class=\"yoast-schema-graph\">{\"@context\":\"https:\/\/schema.org\",\"@graph\":[{\"@type\":\"WebPage\",\"@id\":\"https:\/\/ivcie24.comith.eu\/fr\/transit-de-dechets\/\",\"url\":\"https:\/\/ivcie24.comith.eu\/fr\/transit-de-dechets\/\",\"name\":\"Transit de d\u00e9chets | IVC Activiteitenverslag 2022\",\"isPartOf\":{\"@id\":\"https:\/\/ivcie24.comith.eu\/#website\"},\"primaryImageOfPage\":{\"@id\":\"https:\/\/ivcie24.comith.eu\/fr\/transit-de-dechets\/#primaryimage\"},\"image\":{\"@id\":\"https:\/\/ivcie24.comith.eu\/fr\/transit-de-dechets\/#primaryimage\"},\"thumbnailUrl\":\"https:\/\/ivcie24.comith.eu\/wp-content\/uploads\/2023\/06\/Doorvoer-afvalstoffen.jpg\",\"datePublished\":\"2023-06-05T10:19:26+00:00\",\"dateModified\":\"2024-05-14T10:34:05+00:00\",\"breadcrumb\":{\"@id\":\"https:\/\/ivcie24.comith.eu\/fr\/transit-de-dechets\/#breadcrumb\"},\"inLanguage\":\"fr-FR\",\"potentialAction\":[{\"@type\":\"ReadAction\",\"target\":[\"https:\/\/ivcie24.comith.eu\/fr\/transit-de-dechets\/\"]}]},{\"@type\":\"ImageObject\",\"inLanguage\":\"fr-FR\",\"@id\":\"https:\/\/ivcie24.comith.eu\/fr\/transit-de-dechets\/#primaryimage\",\"url\":\"https:\/\/ivcie24.comith.eu\/wp-content\/uploads\/2023\/06\/Doorvoer-afvalstoffen.jpg\",\"contentUrl\":\"https:\/\/ivcie24.comith.eu\/wp-content\/uploads\/2023\/06\/Doorvoer-afvalstoffen.jpg\",\"width\":1400,\"height\":785},{\"@type\":\"BreadcrumbList\",\"@id\":\"https:\/\/ivcie24.comith.eu\/fr\/transit-de-dechets\/#breadcrumb\",\"itemListElement\":[{\"@type\":\"ListItem\",\"position\":1,\"name\":\"Home\",\"item\":\"https:\/\/ivcie24.comith.eu\/fr\/\"},{\"@type\":\"ListItem\",\"position\":2,\"name\":\"Transit de d\u00e9chets\"}]},{\"@type\":\"WebSite\",\"@id\":\"https:\/\/ivcie24.comith.eu\/#website\",\"url\":\"https:\/\/ivcie24.comith.eu\/\",\"name\":\"Activiteitenverslag Ivcie 2022\",\"description\":\"\",\"publisher\":{\"@id\":\"https:\/\/ivcie24.comith.eu\/#organization\"},\"potentialAction\":[{\"@type\":\"SearchAction\",\"target\":{\"@type\":\"EntryPoint\",\"urlTemplate\":\"https:\/\/ivcie24.comith.eu\/?s={search_term_string}\"},\"query-input\":{\"@type\":\"PropertyValueSpecification\",\"valueRequired\":true,\"valueName\":\"search_term_string\"}}],\"inLanguage\":\"fr-FR\"},{\"@type\":\"Organization\",\"@id\":\"https:\/\/ivcie24.comith.eu\/#organization\",\"name\":\"Ivcie\",\"url\":\"https:\/\/ivcie24.comith.eu\/\",\"logo\":{\"@type\":\"ImageObject\",\"inLanguage\":\"fr-FR\",\"@id\":\"https:\/\/ivcie24.comith.eu\/#\/schema\/logo\/image\/\",\"url\":\"https:\/\/ivcie24.comith.eu\/wp-content\/uploads\/2023\/06\/logo-ivcie.svg\",\"contentUrl\":\"https:\/\/ivcie24.comith.eu\/wp-content\/uploads\/2023\/06\/logo-ivcie.svg\",\"width\":\"1024\",\"height\":\"1024\",\"caption\":\"Ivcie\"},\"image\":{\"@id\":\"https:\/\/ivcie24.comith.eu\/#\/schema\/logo\/image\/\"},\"sameAs\":[\"https:\/\/www.facebook.com\/Interregionale.verpakkingscommissie\"]}]}<\/script>\n<!-- \/ Yoast SEO plugin. -->","yoast_head_json":{"title":"Transit de d\u00e9chets | IVC Activiteitenverslag 2022","robots":{"index":"index","follow":"follow","max-snippet":"max-snippet:-1","max-image-preview":"max-image-preview:large","max-video-preview":"max-video-preview:-1"},"canonical":"https:\/\/ivcie24.comith.eu\/fr\/transit-de-dechets\/","og_locale":"fr_FR","og_type":"article","og_title":"Transit de d\u00e9chets | IVC Activiteitenverslag 2022","og_description":"[vc_section css_animation=\u00a0\u00bbnone\u00a0\u00bb el_class=\u00a0\u00bbpageHeadImage\u00a0\u00bb][vc_row el_class=\u00a0\u00bbcontainer\u00a0\u00bb][vc_column][vc_empty_space][vc_column_text] 7. Transit de d\u00e9chets [\/vc_column_text][vc_row_inner][vc_column_inner width=\u00a0\u00bb2\/3&Prime;][vc_empty_space height=\u00a0\u00bb50px\u00a0\u00bb][vc_column_text]La CIE \u00e9value et traite les notifications et enregistre les d\u00e9clarations de transport de d\u00e9chets soumis \u00e0 une proc\u00e9dure de notification, qui ne font que transiter par la Belgique. Il s\u2019agit donc de d\u00e9chets qui ne proviennent pas de Belgique et dont notre pays n\u2019est [&hellip;]","og_url":"https:\/\/ivcie24.comith.eu\/fr\/transit-de-dechets\/","og_site_name":"IVC Activiteitenverslag 2022","article_publisher":"https:\/\/www.facebook.com\/Interregionale.verpakkingscommissie","article_modified_time":"2024-05-14T10:34:05+00:00","og_image":[{"width":1400,"height":785,"url":"https:\/\/ivcie24.comith.eu\/wp-content\/uploads\/2023\/06\/Doorvoer-afvalstoffen.jpg","type":"image\/jpeg"}],"twitter_card":"summary_large_image","twitter_misc":{"Dur\u00e9e de lecture estim\u00e9e":"2 minutes"},"schema":{"@context":"https:\/\/schema.org","@graph":[{"@type":"WebPage","@id":"https:\/\/ivcie24.comith.eu\/fr\/transit-de-dechets\/","url":"https:\/\/ivcie24.comith.eu\/fr\/transit-de-dechets\/","name":"Transit de d\u00e9chets | IVC Activiteitenverslag 2022","isPartOf":{"@id":"https:\/\/ivcie24.comith.eu\/#website"},"primaryImageOfPage":{"@id":"https:\/\/ivcie24.comith.eu\/fr\/transit-de-dechets\/#primaryimage"},"image":{"@id":"https:\/\/ivcie24.comith.eu\/fr\/transit-de-dechets\/#primaryimage"},"thumbnailUrl":"https:\/\/ivcie24.comith.eu\/wp-content\/uploads\/2023\/06\/Doorvoer-afvalstoffen.jpg","datePublished":"2023-06-05T10:19:26+00:00","dateModified":"2024-05-14T10:34:05+00:00","breadcrumb":{"@id":"https:\/\/ivcie24.comith.eu\/fr\/transit-de-dechets\/#breadcrumb"},"inLanguage":"fr-FR","potentialAction":[{"@type":"ReadAction","target":["https:\/\/ivcie24.comith.eu\/fr\/transit-de-dechets\/"]}]},{"@type":"ImageObject","inLanguage":"fr-FR","@id":"https:\/\/ivcie24.comith.eu\/fr\/transit-de-dechets\/#primaryimage","url":"https:\/\/ivcie24.comith.eu\/wp-content\/uploads\/2023\/06\/Doorvoer-afvalstoffen.jpg","contentUrl":"https:\/\/ivcie24.comith.eu\/wp-content\/uploads\/2023\/06\/Doorvoer-afvalstoffen.jpg","width":1400,"height":785},{"@type":"BreadcrumbList","@id":"https:\/\/ivcie24.comith.eu\/fr\/transit-de-dechets\/#breadcrumb","itemListElement":[{"@type":"ListItem","position":1,"name":"Home","item":"https:\/\/ivcie24.comith.eu\/fr\/"},{"@type":"ListItem","position":2,"name":"Transit de d\u00e9chets"}]},{"@type":"WebSite","@id":"https:\/\/ivcie24.comith.eu\/#website","url":"https:\/\/ivcie24.comith.eu\/","name":"Activiteitenverslag Ivcie 2022","description":"","publisher":{"@id":"https:\/\/ivcie24.comith.eu\/#organization"},"potentialAction":[{"@type":"SearchAction","target":{"@type":"EntryPoint","urlTemplate":"https:\/\/ivcie24.comith.eu\/?s={search_term_string}"},"query-input":{"@type":"PropertyValueSpecification","valueRequired":true,"valueName":"search_term_string"}}],"inLanguage":"fr-FR"},{"@type":"Organization","@id":"https:\/\/ivcie24.comith.eu\/#organization","name":"Ivcie","url":"https:\/\/ivcie24.comith.eu\/","logo":{"@type":"ImageObject","inLanguage":"fr-FR","@id":"https:\/\/ivcie24.comith.eu\/#\/schema\/logo\/image\/","url":"https:\/\/ivcie24.comith.eu\/wp-content\/uploads\/2023\/06\/logo-ivcie.svg","contentUrl":"https:\/\/ivcie24.comith.eu\/wp-content\/uploads\/2023\/06\/logo-ivcie.svg","width":"1024","height":"1024","caption":"Ivcie"},"image":{"@id":"https:\/\/ivcie24.comith.eu\/#\/schema\/logo\/image\/"},"sameAs":["https:\/\/www.facebook.com\/Interregionale.verpakkingscommissie"]}]}},"_links":{"self":[{"href":"https:\/\/ivcie24.comith.eu\/fr\/wp-json\/wp\/v2\/pages\/810","targetHints":{"allow":["GET"]}}],"collection":[{"href":"https:\/\/ivcie24.comith.eu\/fr\/wp-json\/wp\/v2\/pages"}],"about":[{"href":"https:\/\/ivcie24.comith.eu\/fr\/wp-json\/wp\/v2\/types\/page"}],"author":[{"embeddable":true,"href":"https:\/\/ivcie24.comith.eu\/fr\/wp-json\/wp\/v2\/users\/1"}],"replies":[{"embeddable":true,"href":"https:\/\/ivcie24.comith.eu\/fr\/wp-json\/wp\/v2\/comments?post=810"}],"version-history":[{"count":12,"href":"https:\/\/ivcie24.comith.eu\/fr\/wp-json\/wp\/v2\/pages\/810\/revisions"}],"predecessor-version":[{"id":2847,"href":"https:\/\/ivcie24.comith.eu\/fr\/wp-json\/wp\/v2\/pages\/810\/revisions\/2847"}],"wp:featuredmedia":[{"embeddable":true,"href":"https:\/\/ivcie24.comith.eu\/fr\/wp-json\/wp\/v2\/media\/375"}],"wp:attachment":[{"href":"https:\/\/ivcie24.comith.eu\/fr\/wp-json\/wp\/v2\/media?parent=810"}],"curies":[{"name":"wp","href":"https:\/\/api.w.org\/{rel}","templated":true}]}}